{"id":27361,"date":"2021-05-07T09:53:56","date_gmt":"2021-05-07T13:53:56","guid":{"rendered":"https:\/\/testnew.jewishagency.org\/pt\/?page_id=27361"},"modified":"2021-05-07T10:09:59","modified_gmt":"2021-05-07T14:09:59","slug":"campus-israel-fellows","status":"publish","type":"page","link":"https:\/\/www.jewishagency.org\/br\/campus-israel-fellows\/","title":{"rendered":"Campus Israel Fellows"},"content":{"rendered":"<div class=\"wpb-content-wrapper\"><p>[vc_row css_animation=&#8221;&#8221; row_type=&#8221;row&#8221; use_row_as_full_screen_section=&#8221;no&#8221; type=&#8221;full_width&#8221; angled_section=&#8221;no&#8221; text_align=&#8221;left&#8221; background_image_as_pattern=&#8221;without_pattern&#8221;][vc_column el_id=&#8221;learn-more&#8221;][ucaddon_hero_module image1=&#8221;wp-content\/uploads\/2019\/03\/Israel-Campus-Fellows-Lipaz-Ela.jpg&#8221; headline=&#8221;Campus Israel Fellows&#8221; subheadline=&#8221;Fortalecendo os alunos judaicos e sua conex\u00e3o com Israel&#8221; uc_init_settings=&#8221;&#8221;][ucaddon_Large_Copy configuration=&#8221;turquoise&#8221; title_copy=&#8221;Campus Israel Fellows&#8221; body=&#8221;Uma das iniciativas priorit\u00e1rias da Ag\u00eancia Judaica, em parceria com Hillel, o programa traz dezenas de jovens adultos israelenses aos Campus de faculdades e universidades em todo o mundo &#8211; para ajudar a cumprir o papel desses ambientes como espa\u00e7os seguros para a educa\u00e7\u00e3o, toler\u00e2ncia e diversidade.&#8221; uc_init_settings=&#8221;&#8221;][ucaddon_copy_image body_copy_a=&#8221;A faculdade \u00e9 um momento para jovens judeus e n\u00e3o judeus aprenderem novas perspectivas e explorar quest\u00f5es que realmente importam para eles. Embora os anos de faculdade deem a muitos alunos uma oportunidade \u00fanica de aprender sobre Israel e at\u00e9 mesmo de passar um tempo estudando em Israel, o sentimento e o ativismo anti-Israel s\u00e3o muito comuns. Os campus norte-americanos t\u00eam visto um aumento alarmante de incidentes anti-Israel e anti-semitas nos \u00faltimos anos com o crescimento do movimento BDS.<\/p>\n<p>A Ag\u00eancia Judaica reconhece a necessidade de apoiar estudantes universit\u00e1rios judeus nesta realidade hostil e desafiadora e est\u00e1 fazendo isso criando uma presen\u00e7a israelense aut\u00eantica e envolvente nos campus.<\/p>\n<p>Em parceria com Hillel, a maior organiza\u00e7\u00e3o de campus judaico do mundo, a Ag\u00eancia Judaica leva dezenas de jovens adultos israelenses a faculdades e universidades nos Estados Unidos, Canad\u00e1 e em todo o mundo todos os anos. Esses participantes do Israel Campus , que j\u00e1 serviram no IDF e obtiveram diplomas universit\u00e1rios, passam um ou dois anos trabalhando em estreita colabora\u00e7\u00e3o com Hillel para inspirar alunos e professores, conectando-os com Israel e promovendo a defesa de Israel. O trabalho do jovem \u00e9 confrontar as atitudes em rela\u00e7\u00e3o a Israel, substituindo a ignor\u00e2ncia pela educa\u00e7\u00e3o, enquanto d\u00e1 aos alunos a chance de desenvolver um relacionamento pessoal com os israelenses e aprender sobre o que realmente \u00e9 Israel. Apaixonados por Israel, eles s\u00e3o um recurso valioso para os alunos que procuram aprender, se envolver e apoiar Israel. &#8221; full_block_image=&#8221;wp-content\/uploads\/2019\/03\/Israel-Campus-Fellows-Edi-Mesoznikov.jpg&#8221; cta=&#8221;READ MORE&#8221; uc_init_settings=&#8221;&#8221; option_module=&#8221;opt-right&#8221; caption_image=&#8221;false-caption&#8221;][ucaddon_copy_image variations=&#8221;1&#8243; body_copy_a=&#8221;Os bolsistas do Campus Israel s\u00e3o jovens adultos israelenses que completaram o servi\u00e7o militar e os estudos universit\u00e1rios. Os participantes viajam de um a tr\u00eas anos para campus universit\u00e1rios em todo o mundo, com o objetivo de capacitar a lideran\u00e7a estudantil e criar campus engajados com Israel. Os bolsistas do Campus Israel Fellows na Am\u00e9rica do Norte est\u00e3o baseados em Hillels e outras organiza\u00e7\u00f5es estudantis judaicas. Eles trabalham com alunos e professores para fortalecer sua afilia\u00e7\u00e3o no campus e apoio a Israel. Em 2017, 85 israelenses serviram em 165 campus em todo o mundo. Juntos, os bolsistas do Campus Israel interagiram diretamente com 22.750 estudantes judeus em 2017 e atra\u00edram mais de 37.000 alunos para eventos educacionais em Israel.&#8221; full_block_image=&#8221;wp-content\/uploads\/2019\/03\/Campus-Fellows-REBECCA-AVERA.jpg&#8221; uc_init_settings=&#8221;&#8221; option_module=&#8221;opt-right&#8221;][ucaddon_fullwidth_multimedia type=&#8221;video&#8221; video=&#8221;340232932&#8243;][\/vc_column][\/vc_row]<\/p>\n<\/div>","protected":false},"excerpt":{"rendered":"<p>[vc_row css_animation=&#8221;&#8221; row_type=&#8221;row&#8221; use_row_as_full_screen_section=&#8221;no&#8221; type=&#8221;full_width&#8221; angled_section=&#8221;no&#8221; text_align=&#8221;left&#8221; background_image_as_pattern=&#8221;without_pattern&#8221;][vc_column el_id=&#8221;learn-more&#8221;][ucaddon_hero_module image1=&#8221;wp-content\/uploads\/2019\/03\/Israel-Campus-Fellows-Lipaz-Ela.jpg&#8221; headline=&#8221;Campus Israel Fellows&#8221; subheadline=&#8221;Fortalecendo os alunos judaicos e sua conex\u00e3o com Israel&#8221; uc_init_settings=&#8221;&#8221;][ucaddon_Large_Copy configuration=&#8221;turquoise&#8221; title_copy=&#8221;Campus Israel Fellows&#8221; body=&#8221;Uma das iniciativas priorit\u00e1rias da Ag\u00eancia Judaica, em parceria com Hillel, o programa traz dezenas de jovens adultos&#8230;<\/p>\n","protected":false},"author":9,"featured_media":0,"parent":0,"menu_order":0,"comment_status":"closed","ping_status":"closed","template":"","meta":{"_acf_changed":false,"inline_featured_image":false,"footnotes":""},"categories":[777,775],"tags":[],"class_list":["post-27361","page","type-page","status-publish","has-post-thumbnail","hentry","category-informacion","category-programa"],"acf":[],"yoast_head":"<!-- This site is optimized with the Yoast SEO plugin v27.2 - https:\/\/yoast.com\/product\/yoast-seo-wordpress\/ -->\n<title>Campus Israel Fellows | A Ag\u00eancia Judaica \u2013 Brazil<\/title>\n<meta name=\"description\" content=\"Campus Israel Fellows - A Ag\u00eancia Judaica tem trabalhado para garantir um futuro judaico vibrante desde 1929.\" \/>\n<meta name=\"robots\" content=\"index, follow, max-snippet:-1, max-image-preview:large, max-video-preview:-1\" \/>\n<link rel=\"canonical\" href=\"https:\/\/www.jewishagency.org\/br\/campus-israel-fellows\/\" \/>\n<meta property=\"og:locale\" content=\"en_US\" \/>\n<meta property=\"og:type\" content=\"article\" \/>\n<meta property=\"og:title\" content=\"Campus Israel Fellows | A Ag\u00eancia Judaica \u2013 Brazil\" \/>\n<meta property=\"og:description\" content=\"Campus Israel Fellows - A Ag\u00eancia Judaica tem trabalhado para garantir um futuro judaico vibrante desde 1929.\" \/>\n<meta property=\"og:url\" content=\"https:\/\/www.jewishagency.org\/br\/campus-israel-fellows\/\" \/>\n<meta property=\"og:site_name\" content=\"A Ag\u00eancia Judaica para Israel - Brasil\" \/>\n<meta property=\"article:modified_time\" content=\"2021-05-07T14:09:59+00:00\" \/>\n<meta name=\"twitter:card\" content=\"summary_large_image\" \/>\n<meta name=\"twitter:label1\" content=\"Est. reading time\" \/>\n\t<meta name=\"twitter:data1\" content=\"3 minutes\" \/>\n<script type=\"application\/ld+json\" class=\"yoast-schema-graph\">{\"@context\":\"https:\/\/schema.org\",\"@graph\":[{\"@type\":\"WebPage\",\"@id\":\"https:\/\/www.jewishagency.org\/br\/campus-israel-fellows\/\",\"url\":\"https:\/\/www.jewishagency.org\/br\/campus-israel-fellows\/\",\"name\":\"Campus Israel Fellows | A Ag\u00eancia Judaica \u2013 Brazil\",\"isPartOf\":{\"@id\":\"https:\/\/www.jewishagency.org\/br\/#website\"},\"primaryImageOfPage\":{\"@id\":\"https:\/\/www.jewishagency.org\/br\/campus-israel-fellows\/#primaryimage\"},\"image\":{\"@id\":\"https:\/\/www.jewishagency.org\/br\/campus-israel-fellows\/#primaryimage\"},\"thumbnailUrl\":\"\",\"datePublished\":\"2021-05-07T13:53:56+00:00\",\"dateModified\":\"2021-05-07T14:09:59+00:00\",\"description\":\"Campus Israel Fellows - A Ag\u00eancia Judaica tem trabalhado para garantir um futuro judaico vibrante desde 1929.\",\"breadcrumb\":{\"@id\":\"https:\/\/www.jewishagency.org\/br\/campus-israel-fellows\/#breadcrumb\"},\"inLanguage\":\"en-US\",\"potentialAction\":[{\"@type\":\"ReadAction\",\"target\":[\"https:\/\/www.jewishagency.org\/br\/campus-israel-fellows\/\"]}]},{\"@type\":\"ImageObject\",\"inLanguage\":\"en-US\",\"@id\":\"https:\/\/www.jewishagency.org\/br\/campus-israel-fellows\/#primaryimage\",\"url\":\"\",\"contentUrl\":\"\"},{\"@type\":\"BreadcrumbList\",\"@id\":\"https:\/\/www.jewishagency.org\/br\/campus-israel-fellows\/#breadcrumb\",\"itemListElement\":[{\"@type\":\"ListItem\",\"position\":1,\"name\":\"Home\",\"item\":\"https:\/\/www.jewishagency.org\/br\/\"},{\"@type\":\"ListItem\",\"position\":2,\"name\":\"Campus Israel Fellows\"}]},{\"@type\":\"WebSite\",\"@id\":\"https:\/\/www.jewishagency.org\/br\/#website\",\"url\":\"https:\/\/www.jewishagency.org\/br\/\",\"name\":\"A Ag\u00eancia Judaica para Israel - Brasil\",\"description\":\"Cada um de n\u00f3s, juntos.\",\"potentialAction\":[{\"@type\":\"SearchAction\",\"target\":{\"@type\":\"EntryPoint\",\"urlTemplate\":\"https:\/\/www.jewishagency.org\/br\/?s={search_term_string}\"},\"query-input\":{\"@type\":\"PropertyValueSpecification\",\"valueRequired\":true,\"valueName\":\"search_term_string\"}}],\"inLanguage\":\"en-US\"}]}<\/script>\n<!-- \/ Yoast SEO plugin. -->","yoast_head_json":{"title":"Campus Israel Fellows | A Ag\u00eancia Judaica \u2013 Brazil","description":"Campus Israel Fellows - A Ag\u00eancia Judaica tem trabalhado para garantir um futuro judaico vibrante desde 1929.","robots":{"index":"index","follow":"follow","max-snippet":"max-snippet:-1","max-image-preview":"max-image-preview:large","max-video-preview":"max-video-preview:-1"},"canonical":"https:\/\/www.jewishagency.org\/br\/campus-israel-fellows\/","og_locale":"en_US","og_type":"article","og_title":"Campus Israel Fellows | A Ag\u00eancia Judaica \u2013 Brazil","og_description":"Campus Israel Fellows - A Ag\u00eancia Judaica tem trabalhado para garantir um futuro judaico vibrante desde 1929.","og_url":"https:\/\/www.jewishagency.org\/br\/campus-israel-fellows\/","og_site_name":"A Ag\u00eancia Judaica para Israel - Brasil","article_modified_time":"2021-05-07T14:09:59+00:00","twitter_card":"summary_large_image","twitter_misc":{"Est. reading time":"3 minutes"},"schema":{"@context":"https:\/\/schema.org","@graph":[{"@type":"WebPage","@id":"https:\/\/www.jewishagency.org\/br\/campus-israel-fellows\/","url":"https:\/\/www.jewishagency.org\/br\/campus-israel-fellows\/","name":"Campus Israel Fellows | A Ag\u00eancia Judaica \u2013 Brazil","isPartOf":{"@id":"https:\/\/www.jewishagency.org\/br\/#website"},"primaryImageOfPage":{"@id":"https:\/\/www.jewishagency.org\/br\/campus-israel-fellows\/#primaryimage"},"image":{"@id":"https:\/\/www.jewishagency.org\/br\/campus-israel-fellows\/#primaryimage"},"thumbnailUrl":"","datePublished":"2021-05-07T13:53:56+00:00","dateModified":"2021-05-07T14:09:59+00:00","description":"Campus Israel Fellows - A Ag\u00eancia Judaica tem trabalhado para garantir um futuro judaico vibrante desde 1929.","breadcrumb":{"@id":"https:\/\/www.jewishagency.org\/br\/campus-israel-fellows\/#breadcrumb"},"inLanguage":"en-US","potentialAction":[{"@type":"ReadAction","target":["https:\/\/www.jewishagency.org\/br\/campus-israel-fellows\/"]}]},{"@type":"ImageObject","inLanguage":"en-US","@id":"https:\/\/www.jewishagency.org\/br\/campus-israel-fellows\/#primaryimage","url":"","contentUrl":""},{"@type":"BreadcrumbList","@id":"https:\/\/www.jewishagency.org\/br\/campus-israel-fellows\/#breadcrumb","itemListElement":[{"@type":"ListItem","position":1,"name":"Home","item":"https:\/\/www.jewishagency.org\/br\/"},{"@type":"ListItem","position":2,"name":"Campus Israel Fellows"}]},{"@type":"WebSite","@id":"https:\/\/www.jewishagency.org\/br\/#website","url":"https:\/\/www.jewishagency.org\/br\/","name":"A Ag\u00eancia Judaica para Israel - Brasil","description":"Cada um de n\u00f3s, juntos.","potentialAction":[{"@type":"SearchAction","target":{"@type":"EntryPoint","urlTemplate":"https:\/\/www.jewishagency.org\/br\/?s={search_term_string}"},"query-input":{"@type":"PropertyValueSpecification","valueRequired":true,"valueName":"search_term_string"}}],"inLanguage":"en-US"}]}},"_links":{"self":[{"href":"https:\/\/www.jewishagency.org\/br\/wp-json\/wp\/v2\/pages\/27361","targetHints":{"allow":["GET"]}}],"collection":[{"href":"https:\/\/www.jewishagency.org\/br\/wp-json\/wp\/v2\/pages"}],"about":[{"href":"https:\/\/www.jewishagency.org\/br\/wp-json\/wp\/v2\/types\/page"}],"author":[{"embeddable":true,"href":"https:\/\/www.jewishagency.org\/br\/wp-json\/wp\/v2\/users\/9"}],"replies":[{"embeddable":true,"href":"https:\/\/www.jewishagency.org\/br\/wp-json\/wp\/v2\/comments?post=27361"}],"version-history":[{"count":0,"href":"https:\/\/www.jewishagency.org\/br\/wp-json\/wp\/v2\/pages\/27361\/revisions"}],"wp:featuredmedia":[{"embeddable":true,"href":"https:\/\/www.jewishagency.org\/br\/wp-json\/"}],"wp:attachment":[{"href":"https:\/\/www.jewishagency.org\/br\/wp-json\/wp\/v2\/media?parent=27361"}],"wp:term":[{"taxonomy":"category","embeddable":true,"href":"https:\/\/www.jewishagency.org\/br\/wp-json\/wp\/v2\/categories?post=27361"},{"taxonomy":"post_tag","embeddable":true,"href":"https:\/\/www.jewishagency.org\/br\/wp-json\/wp\/v2\/tags?post=27361"}],"curies":[{"name":"wp","href":"https:\/\/api.w.org\/{rel}","templated":true}]}}