{"id":27377,"date":"2021-05-07T11:43:04","date_gmt":"2021-05-07T14:43:04","guid":{"rendered":"https:\/\/testnew.jewishagency.org\/pt\/?page_id=27377"},"modified":"2022-05-09T13:06:23","modified_gmt":"2022-05-09T16:06:23","slug":"naale","status":"publish","type":"page","link":"https:\/\/www.jewishagency.org\/br\/naale\/","title":{"rendered":"Naale"},"content":{"rendered":"<div class=\"wpb-content-wrapper\"><p>[vc_row css_animation=&#8221;&#8221; row_type=&#8221;row&#8221; use_row_as_full_screen_section=&#8221;no&#8221; type=&#8221;full_width&#8221; angled_section=&#8221;no&#8221; text_align=&#8221;left&#8221; background_image_as_pattern=&#8221;without_pattern&#8221;][vc_column el_id=&#8221;learn-more&#8221;][ucaddon_hero_module image1=&#8221;wp-content\/uploads\/sites\/18\/2021\/05\/Naale.jpg&#8221; headline=&#8221;Naale&#8221; subheadline=&#8221;Oportunidade para jovens judeus completarem o Ensino M\u00e9dio em Israel&#8221;][ucaddon_Large_Copy configuration=&#8221;turquoise&#8221; title_copy=&#8221;Naale&#8221; body=&#8221;Estamos empenhados em dar aos adolescentes judeus a chance de frequentar o ensino m\u00e9dio em Israel. Os participantes de Naale se integram com estudantes israelenses e internacionais, desenvolvendo conex\u00f5es significativas que lhes permitir\u00e3o prosperar tanto em n\u00edvel pessoal quanto comunit\u00e1rio.&#8221;]\r\n\t\t\t\t<div id=\"\" class=\"copy-e-image jafi-module article-intro default copy-e-image-variation34  id_69d0b12b257ac\">\r\n\t\t\t\t\t<div id=\"linePrincipalAI\" class=\"wpb_row section vc_row-fluid\">\r\n\t\t\t\t\t\t<div class=\" full_section_inner clearfix\">\r\n\t\t\t\t\t\t\t<div class=\"left-line wpb_animate_when_almost_visible wpb_slideInLeft slideInLeft wpb_column vc_column_container vc_col-sm-6 vc_col-has-fill wpb_start_animation animated\" style=\"background-image:url();\">\r\n\t\t\t\t\t\t\t\t<div class=\"vc_column-inner vc_custom_1544987333434\">\r\n\t\t\t\t\t\t\t\t\t<div class=\"wpb_wrapper\">\r\n\t\t\t\t\t\t\t\t\t\t<div class=\"body_copy \"><p>Naale\u00a0oferece aos adolescentes judeus a oportunidade de frequentar o ensino m\u00e9dio em Israel. Fundado em 1992 em colabora\u00e7\u00e3o com a Ag\u00eancia Judaica, o programa oferece aos alunos em todo o mundo a experi\u00eancia da sua vida, ao mesmo tempo que atinge a excel\u00eancia acad\u00eamica em mat\u00e9rias b\u00e1sicas e extracurriculares. A maturidade e as habilidades interpessoais que os participantes de\u00a0Naale\u00a0alcan\u00e7am s\u00e3o ferramentas valiosas para a vida. Os programas de\u00a0Naale\u00a0s\u00e3o totalmente financiados, incluindo mensalidades, passagens a\u00e9reas, hospedagem e alimenta\u00e7\u00e3o, seguro sa\u00fade, viagens e muito mais. A equipe dedicada da\u00a0Naale\u00a0est\u00e1 empenhada em apoiar o crescimento educacional e emocional dos alunos.<\/p>\n<p>&nbsp;<\/p>\n<p><strong>Naale Elite Academy<\/strong> \u00e9 um programa de 3 anos projetado para estudantes judeus com motiva\u00e7\u00e3o acad\u00eamica abrangendo todos os n\u00edveis de observ\u00e2ncia e interesses acad\u00eamicos. \u00c9 apoiado por uma forte rede de apoio composta por profissionais da Ag\u00eancia Judaica que interagem continuamente com os alunos e seus pais.<\/p>\n<p>&nbsp;<\/p>\n<p>Cada turma tem equipes educacionais e profissionais trabalhando com ela, fornecendo instru\u00e7\u00e3o social e educacional e apoio moral. Os participantes s\u00e3o emparelhados com uma fam\u00edlia anfitri\u00e3 que oferece hospitalidade longe de casa durante o Shabat e f\u00e9rias escolares, e um ambiente acolhedor e atencioso. Os participantes recebem alojamento e alimenta\u00e7\u00e3o completos, seguro m\u00e9dico, dois voos gr\u00e1tis (de e para o programa), pequenas estip\u00eandios mensais e or\u00e7amentos para viagens dentro de Israel e para manter contato telef\u00f4nico com a fam\u00edlia. Em troca, eles s\u00e3o obrigados a levar seus estudos a s\u00e9rio, alcan\u00e7ar os objetivos educacionais da Academia e cumprir suas regras.<\/p>\n<p>&nbsp;<\/p>\n<p>Ap\u00f3s 14 anos, mais de 90 por cento dos alunos Elite se formaram em sua escola adotada e receberam uma Matr\u00edcula Israelense (Bagrut) que \u00e9 reconhecida pelas melhores universidades e faculdades em todo o mundo.<\/p>\n<p>&nbsp;<\/p>\n<p style=\"text-align: center\"><strong>Contato \u2013 Adriana Magrhabi<\/strong><\/p>\n<p style=\"text-align: center\"><a href=\"mailto:Adriana@agenciajudaica.com.br\">Adriana@agenciajudaica.com.br<\/a><\/p>\n<div class=\"call-to-action\" style=\"text-align: center\"><a href=\"https:\/\/naale-elite-academy.com\/?lang=pt-pt\" target=\"_blank\" rel=\"noopener noreferrer\">SITE NA&#8217;ALE<\/a><\/div>\n<p><\/p><\/div>\r\n\t\t\t\t\t\t\t\t\t<\/div>\r\n\t\t\t\t\t\t\t\t<\/div>\r\n\t\t\t\t\t\t\t\t<div class=\"full-block-dsc\">\r\n\t\t\t\t\t\t\t\t\t<div class=\"full-block-image-cap\"><\/div>\r\n\t\t\t\t\t\t\t\t<\/div>\r\n\t\t\t\t\t\t\t\t<div class=\"overlay-hover block\"><\/div>\r\n\t\t\t\t\t\t\t<\/div>\r\n\t\t\t\t\t\t\t\r\n\t\t\t\t\t\t\t<div class=\"right-line wpb_animate_when_almost_visible wpb_slideInRight slideInRight wpb_column vc_column_container vc_col-sm-6 vc_col-has-fill wpb_start_animation animated\" style=\"background-image:url();\">\r\n\t\t\t\t\t\t\t\t<div class=\"vc_column-inner\">\r\n\t\t\t\t\t\t\t\t\t<div class=\"wpb_wrapper\">\r\n\t\t\t\t\t\t\t\t\t\t<div class=\"image_content\"><img decoding=\"async\" src=\"\"><\/div>\r\n\t\t\t\t\t\t\t\t\t\t<div class=\"image_caption caption-off\"><\/div>\r\n\t\t\t\t\t\t\t\t\t\t<div class=\"call-to-action false-cta \" target=\"_self\"><a class=\"\" href=\"\"><\/a><\/div>\r\n\t\t\t\t\t\t\t\t\t\t<div class=\"call-to-action false-cta \" target=\"_self\"><a class=\"\" href=\"\"><\/a><\/div>\r\n\t\t\t\t\t\t\t\t\t<\/div>\r\n\t\t\t\t\t\t\t\t<\/div>\r\n\t\t\t\t\t\t\t\t<div class=\"full-block-dsc\">\r\n\t\t\t\t\t\t\t\t\t<div class=\"full-block-image-cap\"><\/div>\r\n\t\t\t\t\t\t\t\t<\/div>\r\n\t\t\t\t\t\t\t\t<div class=\"full-block-play-button\" style=\"display: none\">\r\n\t\t\t\t\t\t\t\t\t<a href=\"\" class=\"vp-a\" havetext=\"true\" uatype=\"a\" ua_bg_img=\"false\"><img decoding=\"async\" src=\"\" Style=\"width:50px;\"><\/a>\r\n\t\t\t\t\t\t\t\t<\/div>\r\n\t\t\t\t\t\t\t\t<div class=\"overlay-hover block\"><\/div>\r\n\t\t\t\t\t\t\t<\/div>\r\n\t\t\t\t\t\t<\/div>\r\n\t\t\t\t\t<\/div>\r\n\t\t\t\t<\/div>\r\n\t\t\t<style>\r\n\t\t\t\t.article-intro .left-line .vc_column-inner {\r\n\t\t\t\t\tdisplay: inline-block;\r\n\t\t\t\t}\r\n\t\t\t\t.article-intro .wpb_wrapper {\r\n\t\t\t\t\tmargin: 0 auto;\r\n\t\t\t\t}\r\n\t\t\t\t.copy-e-image-variation34 .left-line .body_copy p img{\r\n\t\t\t\t\twidth: -webkit-fill-available;\r\n\t\t\t\t\tbackground-repeat: no-repeat;\r\n\t\t\t\t\tbackground-size: contain;\r\n\t\t\t\t}\r\n\t\t\t\t.copy-e-image-variation34 .left-line .body_copy p iframe {\r\n\t\t\t\t\twidth: 100%;\r\n\t\t\t\t\tmin-height: 400px;\r\n\t\t\t\t}\r\n\t\t\t\t.copy-e-image-variation0 .right-line:hover .overlay-hover.block, \r\n\t\t\t\t.copy-e-image-variation31 .left-line:hover .overlay-hover.block, \r\n\t\t\t\t.copy-e-image-variation1 .right-line:hover .overlay-hover.block, \r\n\t\t\t\t.copy-e-image-variation28 .left-line:hover .overlay-hover.block{\r\n\t\t\t\t\tdisplay: block !important;\r\n\t\t\t\t}\r\n\r\n\t\t\t\t.copy-e-image.copy-e-image-variation34.id_69d0b12b257ac .body_copy .call-to-action {\r\n\t\t\t\t\tjustify-content: center;\r\n\t\t\t\t}\r\n\r\n\t\t\t\t.copy-e-image-variation0 .right-line:hover .overlay-hover.none, \r\n\t\t\t\t.copy-e-image-variation31 .left-line:hover .overlay-hover.none, \r\n\t\t\t\t.copy-e-image-variation1 .right-line:hover .overlay-hover.none, \r\n\t\t\t\t.copy-e-image-variation28 .left-line:hover .overlay-hover.none{\r\n\t\t\t\t\tdisplay: none !important;\r\n\t\t\t\t}\r\n\t\t\t\t.copy-e-image .body_copy .wp-caption {\r\n\t\t\t\t\twidth: auto !important;\r\n\t\t\t\t}\r\n\t\t\t\t.copy-e-image .body_copy .wp-caption .wp-caption-text {\r\n\t\t\t\t\tfont-size: 14px;\r\n\t\t\t\t\tfont-family: 'Trade Gothic Condensed 18' !important;\r\n\t\t\t\t\tline-height: 18px;\r\n\t\t\t\t\tpadding-top: 0px !important;\r\n\t\t\t\t}\r\n\t\t\t\t.copy-e-image-variation34 .left-line .vc_column-inner {\r\n\t\t\t\t\tpadding: 65px 38px 55px !important;\r\n\t\t\t\t}\r\n\t\t\t\t.copy-e-image.default .body_copy .broken_link, .copy-e-image.default .body_copy a.broken_link {\r\n\t\t\t\t\ttext-decoration: none;\r\n\t\t\t\t} \r\n\t\t\t\t.copy-e-image.id_69d0b12b257ac .left-line {\r\n\t\t\t\t\tbackground-color: #fff;\r\n\t\t\t\t}\r\n\t\t\t\t.copy-e-image.white-n-teal.id_69d0b12b257ac .left-line {\r\n\t\t\t\t\tbackground-color: #79d4dd;\r\n\t\t\t\t}\r\n\t\t\t\t.copy-e-image.id_69d0b12b257ac .body_copy * {\r\n\t\t\t\t\tcolor: #4d4d4d;\r\n\t\t\t\t}\r\n\t\t\t\t.copy-e-image.white-n-teal.id_69d0b12b257ac .body_copy * {\r\n\t\t\t\t\tcolor: #fff;\r\n\t\t\t\t}\r\n\t\t\t\t.copy-e-image.default.id_69d0b12b257ac .body_copy a, .copy-e-image-variation34.default.id_69d0b12b257ac .body_copy a strong {\r\n\t\t\t\t\tcolor: #3376B7 !important;\r\n\t\t\t\t}\r\n\t\t\t\t.copy-e-image.id_69d0b12b257ac .body_copy a:hover, .copy-e-image-variation34.default.id_69d0b12b257ac a strong:hover {\r\n\t\t\t\t\tcolor: #3376B7 !important;\r\n\t\t\t\t}\r\n\t\t\t\t.copy-e-image.default.id_69d0b12b257ac .body_copy .call-to-action a{\r\n\t\t\t\t\tcolor: #fff !important;\r\n\t\t\t\t}\r\n\t\t\t\t.copy-e-image-variation34 .body_copy .call-to-action a {\r\n\t\t\t\t\tbackground-color: #3376B7;\r\n\t\t\t\t\tborder: 5px solid #3376B7;\r\n\t\t\t\t\tdisplay: grid;\r\n\t\t\t\t\talign-items: center;\r\n\t\t\t\t\tmargin: 0 5px;\r\n\t\t\t\t\tpadding: 8px 30px 8px 30px !important;\r\n\t\t\t\t}\r\n\t\t\t\t.copy-e-image-variation34.default .body_copy .call-to-action a:hover {\r\n\t\t\t\t\tcolor: #3376B7 !important;\r\n\t\t\t\t\tbackground-color: #fff;\r\n\t\t\t\t}\r\n\t\t\t\t.copy-e-image-variation34 .left-line .body_copy .call-to-action p {\r\n\t\t\t\t\tdisplay: contents;\r\n\t\t\t\t}\r\n\t\t\t\t.copy-e-image.jafi-module .body_copy ul, \r\n\t\t\t\t.copy-e-image.jafi-module .body_copy h1, \r\n\t\t\t\t.copy-e-image.jafi-module .body_copy h2, \r\n\t\t\t\t.copy-e-image.jafi-module .body_copy h3 {\r\n\t\t\t\t\tmargin-bottom: 22px;\r\n\t\t\t\t}\r\n\r\n\t\t\t\t.copy-e-image .body_copy strong {\r\n\t\t\t\t\tfont-family: 'Trade Gothic bold condesed' !important;\r\n\t\t\t\t\tfont-size: 19px;\r\n\t\t\t\t}\r\n\r\n\t\t\t\t.copy-e-image.jafi-module .body_copy h1,\r\n\t\t\t\t.copy-e-image.jafi-module .body_copy h1 strong,\r\n\t\t\t\t.rtl .copy-e-image.jafi-module .body_copy h1,\r\n\t\t\t\t.rtl .copy-e-image.jafi-module .body_copy h1 strong {\r\n\t\t\t\t\tfont-size: 30px;\r\n\t\t\t\t}\r\n\r\n\t\t\t\t.copy-e-image.jafi-module .body_copy h2,\r\n\t\t\t\t.copy-e-image.jafi-module .body_copy h2 strong, {\r\n\t\t\t\t\tfont-size: 24px;\r\n\t\t\t\t}\r\n\r\n\t\t\t\t.copy-e-image.jafi-module .body_copy h3,\r\n\t\t\t\t.copy-e-image.jafi-module .body_copy h3 strong{\r\n\t\t\t\t\tfont-size: 20px;\r\n\t\t\t\t}\r\n\r\n\t\t\t\t.copy-e-image.jafi-module .body_copy p, \r\n\t\t\t\t.rtl .copy-e-image.jafi-module .body_copy p{\r\n\t\t\t\t\tmargin-bottom: 22px;\r\n\t\t\t\t}\r\n\r\n\t\t\t\t@media only screen and (max-width: 550px) {\r\n\t\t\t\t\t.copy-e-image-variation34 .body_copy .call-to-action a {\r\n\t\t\t\t\t\twidth: auto !important;\r\n\t\t\t\t\t}\r\n\t\t\t\t\t.copy-e-image-variation34 .left-line .body_copy .call-to-action p {\r\n\t\t\t\t\t\tdisplay: grid;\r\n\t\t\t\t\t}\r\n\t\t\t\t}\r\n\t\t\t\t@media only screen and (max-width: 480px) {\r\n\t\t\t\t\t.copy-e-image.article-intro .left-line .vc_column-inner {\r\n\t\t\t\t\t\tdisplay: inline-block;\r\n\t\t\t\t\t\tpadding: 48px 24px !important;\r\n\t\t\t\t\t}\r\n\r\n\t\t\t\t\t.copy-e-image-variation34 .left-line .vc_column-inner {\r\n\t\t\t\t\t\tpadding: 48px 24px !important;\r\n\t\t\t\t\t}\r\n\t\t\t\t\t\r\n\t\t\t\t\t.copy-e-image.copy-e-image-variation34 .body_copy {\r\n\t\t\t\t\t\tpadding: 0px;\r\n\t\t\t\t\t\t}\r\n\t\t\t\t\t\r\n\t\t\t\t\t.copy-e-image.copy-e-image-variation34 .left-line .body_copy p {\r\n\t\t\t\t\t\t\twidth: auto;\r\n\t\t\t\t\t}\r\n\t\t\t\t}\r\n\t\t\t\t.rtl .copy-e-image-variation34 .body_copy .call-to-action a {\r\n\t\t\t\t\tpadding: 9px 30px 12px 30px !important;\r\n\t\t\t\t}\r\n\t\t\t\t.rtl .copy-e-image .body_copy strong {\r\n\t\t\t\t \tfont-size: 18px;\r\n\t\t\t\t\tfont-family: 'AssistantBold' !important;\r\n\t\t\t\t}\r\n\t\t\t\t.rtl .copy-e-image .body_copy .wp-caption {\r\n\t\t\t\t\twidth: auto !important;\r\n\t\t\t\t}\r\n\t\t\t\t.rtl .copy-e-image .body_copy .wp-caption .wp-caption-text {\r\n\t\t\t\t\tfont-size: 14px;\r\n\t\t\t\t\tline-height: 18px;\r\n\t\t\t\t\tpadding-top: 0px !important;\r\n\t\t\t\t}\r\n\t\t\t\t.rtl .copy-e-image .full-block-image-cap {\r\n\t\t\t\t\tfont-size: 14px !important;\r\n\t\t\t\t}\r\n\t\t\t\t\r\n\t\t\t\t.rtl .copy-e-image.jafi-module .body_copy h3,\r\n\t\t\t\t.rtl .copy-e-image.jafi-module .body_copy h3 strong {\r\n\t\t\t\t\tfont-size: 22px;\r\n\t\t\t\t\tfont-family: 'AssistantBold', sans-serif !important;\r\n\t\t\t\t}\r\n\r\n\t\t\t\t.rtl .copy-e-image.jafi-module .body_copy h1 {\r\n\t\t\t\t\tfont-family: 'AssistantBold', sans-serif !important;\r\n\t\t\t\t}\r\n\r\n\t\t\t\t.rtl .copy-e-image.jafi-module .body_copy h2 strong,\r\n\t\t\t\t.rtl .copy-e-image.jafi-module .body_copy h2{\r\n\t\t\t\t\tline-height: 26px;\r\n\t\t\t\t\tfont-size: 26px !important;\r\n\t\t\t\t\tfont-family: 'AssistantBold' !important;\r\n\t\t\t\t\tfont-weight: 700 !important;\r\n\t\t\t\t}\r\n\r\n\t\t\t\t.copy-e-image .left-line .body_copy p, .copy-e-image .left-line .body_copy {\r\n\t\t\t\t\tfont-size: 19px;\r\n\t\t\t\t}\r\n\r\n\t\t\t\t.copy-e-image.default .body_copy .call-to-action a {\r\n\t\t\t\t\twidth: 100% !important;\r\n\t\t\t\t}\r\n\r\n\t\t\t\t.copy-e-image.default.id_69d0b12b257ac .body_copy.custom_colors .call-to-action a:hover {\r\n\t\t\t\t\tbackground-color: #3376B7;\r\n\t\t\t\t\tborder-color: #fff;\r\n\t\t\t\t\tcolor: #fff !important;\r\n\t\t\t\t}\r\n\t\t\t\t\t\t\t\t\r\n\t\t\t\t.copy-e-image.default.id_69d0b12b257ac .body_copy.custom_colors .call-to-action a {\r\n\t\t\t\t\tbackground-color: #3376B7;\r\n\t\t\t\t\tborder-color: #3376B7;\r\n\t\t\t\t\tcolor: #fff !important;\r\n\t\t\t\t}\r\n\t\t\t\t\r\n\t\t\t\t.copy-e-image.default.id_69d0b12b257ac .body_copy.white .call-to-action a:hover {\r\n\t\t\t\t\tbackground-color: #3376B7;\r\n\t\t\t\t\tborder-color: #3376B7;\r\n\t\t\t\t\tcolor: #fff !important;\r\n\t\t\t\t}\r\n\t\t\t\t\t\t\t\t\r\n\t\t\t\t.copy-e-image.default.id_69d0b12b257ac .body_copy.white .call-to-action a {\r\n\t\t\t\t\tbackground-color: #fff;\r\n\t\t\t\t\tcolor: #3376B7 !important;\r\n\t\t\t\t\tborder-color: #fff;\r\n\t\t\t\t}\r\n\r\n\t\t\t\t.copy-e-image.default.id_69d0b12b257ac .body_copy.blue .call-to-action a:hover {\r\n\t\t\t\t\tbackground-color: #fff;\r\n\t\t\t\t\tborder-color: #fff;\r\n\t\t\t\t\tcolor: #3376B7 !important;\r\n\t\t\t\t}\r\n\t\t\t\t\t\t\t\t\r\n\t\t\t\t.copy-e-image.default.id_69d0b12b257ac .body_copy.blue .call-to-action a {\r\n\t\t\t\t\tbackground-color: #3376B7;\r\n\t\t\t\t\tcolor:  #fff !important;\r\n\t\t\t\t\tborder-color: #3376B7;\r\n\t\t\t\t}\r\n\t\t\t\t\t\r\n\r\n\t\t\t\t.copy-e-image.default.id_69d0b12b257ac .body_copy.teal .call-to-action a:hover {\r\n\t\t\t\t\tbackground-color: #fff;\r\n\t\t\t\t\tborder-color: #fff;\r\n\t\t\t\t\tcolor: #34A1AD !important;\r\n\t\t\t\t}\r\n\t\t\t\t\t\t\t\t\r\n\t\t\t\t.copy-e-image.default.id_69d0b12b257ac .body_copy.teal .call-to-action a {\r\n\t\t\t\t\tbackground-color: #34A1AD;\r\n\t\t\t\t\tcolor:  #fff !important;\r\n\t\t\t\t\tborder-color: #34A1AD;\r\n\t\t\t\t}\r\n\r\n\t\t\t\t.copy-e-image.article-intro div.full-block-play-button {\r\n\t\t\t\t\twidth: 50%;\r\n\t\t\t\t\tposition: absolute;\r\n\t\t\t\t\ttext-align: center;\r\n\t\t\t\t\tz-index: 12;\r\n\t\t\t\t}\r\n\t\t\t\t\r\n\t\t\t\t.full-block-play-button .fa {\r\n\t\t\t\t\tcolor: red;\r\n\t\t\t\t\tfont-size: 80px;\r\n\t\t\t\t}\r\n\r\n\t\t\t<\/style><script type='text\/javascript'>\r\n\t\t\t\tjQuery(document).ready(function () {\r\n\t\t\t\t  \r\n\t\t\t\t\t\/\/ Function to get UTM parameters\r\n\t\t\t\t\tfunction getUTMParams() {\r\n\t\t\t\t\t\tconst urlParams = new URLSearchParams(window.location.search);\r\n\t\t\t\t\t\tconst utmParams = ['utm_source', 'utm_medium', 'utm_campaign', 'utm_term', 'utm_content'];\r\n\t\t\t\t\t\tconst result = [];\r\n\r\n\t\t\t\t\t\tutmParams.forEach(function (param) {\r\n\t\t\t\t\t\t\tif (urlParams.has(param)) {\r\n\t\t\t\t\t\t\tresult.push(param + '=' + encodeURIComponent(urlParams.get(param)));\r\n\t\t\t\t\t\t\t}\r\n\t\t\t\t\t\t});\r\n\r\n\t\t\t\t\t\treturn result.length ? '?' + result.join('&') : '';\r\n\t\t\t\t\t}\r\n\r\n\t\t\t\t\t\/\/ Append UTM params to all links with class 'utm-link'\r\n\t\t\t\t\tconst utmString = getUTMParams();\r\n\t\t\t\t\tif (utmString) {\r\n\t\t\t\t\t\tjQuery('.utm-link').each(function () {\r\n\t\t\t\t\t\t\tconst originalHref = jQuery(this).attr('href');\r\n\t\t\t\t\t\t\tif (originalHref) {\r\n\t\t\t\t\t\t\tconst newHref = originalHref.includes('?') ? originalHref + '&' + utmString.substring(1) : originalHref + utmString;\r\n\t\t\t\t\t\t\tjQuery(this).attr('href', newHref);\r\n\t\t\t\t\t\t\t}\r\n\t\t\t\t\t\t});\r\n\t\t\t\t\t}\r\n\t\t\t\t});\r\n\t\t\t<\/script>[\/vc_column][\/vc_row]<\/p>\n<\/div>","protected":false},"excerpt":{"rendered":"<p>[vc_row css_animation=&#8221;&#8221; row_type=&#8221;row&#8221; use_row_as_full_screen_section=&#8221;no&#8221; type=&#8221;full_width&#8221; angled_section=&#8221;no&#8221; text_align=&#8221;left&#8221; background_image_as_pattern=&#8221;without_pattern&#8221;][vc_column el_id=&#8221;learn-more&#8221;][ucaddon_hero_module image1=&#8221;wp-content\/uploads\/sites\/18\/2021\/05\/Naale.jpg&#8221; headline=&#8221;Naale&#8221; subheadline=&#8221;Oportunidade para jovens judeus completarem o Ensino M\u00e9dio em Israel&#8221;][ucaddon_Large_Copy configuration=&#8221;turquoise&#8221; title_copy=&#8221;Naale&#8221; body=&#8221;Estamos empenhados em dar aos adolescentes judeus a chance de frequentar o ensino m\u00e9dio em Israel. Os participantes de Naale se integram&#8230;<\/p>\n","protected":false},"author":9,"featured_media":27379,"parent":0,"menu_order":0,"comment_status":"closed","ping_status":"closed","template":"","meta":{"_acf_changed":false,"inline_featured_image":false,"footnotes":""},"categories":[777,775],"tags":[],"class_list":["post-27377","page","type-page","status-publish","has-post-thumbnail","hentry","category-informacion","category-programa"],"acf":[],"yoast_head":"<!-- This site is optimized with the Yoast SEO plugin v27.2 - https:\/\/yoast.com\/product\/yoast-seo-wordpress\/ -->\n<title>Naale | A Ag\u00eancia Judaica \u2013 Brazil<\/title>\n<meta name=\"description\" content=\"Naale - A Ag\u00eancia Judaica tem trabalhado para garantir um futuro judaico vibrante desde 1929.\" \/>\n<meta name=\"robots\" content=\"index, follow, max-snippet:-1, max-image-preview:large, max-video-preview:-1\" \/>\n<link rel=\"canonical\" href=\"https:\/\/www.jewishagency.org\/br\/naale\/\" \/>\n<meta property=\"og:locale\" content=\"en_US\" \/>\n<meta property=\"og:type\" content=\"article\" \/>\n<meta property=\"og:title\" content=\"Naale | A Ag\u00eancia Judaica \u2013 Brazil\" \/>\n<meta property=\"og:description\" content=\"Naale - A Ag\u00eancia Judaica tem trabalhado para garantir um futuro judaico vibrante desde 1929.\" \/>\n<meta property=\"og:url\" content=\"https:\/\/www.jewishagency.org\/br\/naale\/\" \/>\n<meta property=\"og:site_name\" content=\"A Ag\u00eancia Judaica para Israel - Brasil\" \/>\n<meta property=\"article:modified_time\" content=\"2022-05-09T16:06:23+00:00\" \/>\n<meta property=\"og:image\" content=\"https:\/\/www.jewishagency.org\/br\/wp-content\/uploads\/sites\/18\/2021\/05\/Naale.jpg\" \/>\n\t<meta property=\"og:image:width\" content=\"1920\" \/>\n\t<meta property=\"og:image:height\" content=\"689\" \/>\n\t<meta property=\"og:image:type\" content=\"image\/jpeg\" \/>\n<meta name=\"twitter:card\" content=\"summary_large_image\" \/>\n<meta name=\"twitter:label1\" content=\"Est. reading time\" \/>\n\t<meta name=\"twitter:data1\" content=\"2 minutes\" \/>\n<script type=\"application\/ld+json\" class=\"yoast-schema-graph\">{\"@context\":\"https:\/\/schema.org\",\"@graph\":[{\"@type\":\"WebPage\",\"@id\":\"https:\/\/www.jewishagency.org\/br\/naale\/\",\"url\":\"https:\/\/www.jewishagency.org\/br\/naale\/\",\"name\":\"Naale | A Ag\u00eancia Judaica \u2013 Brazil\",\"isPartOf\":{\"@id\":\"https:\/\/www.jewishagency.org\/br\/#website\"},\"primaryImageOfPage\":{\"@id\":\"https:\/\/www.jewishagency.org\/br\/naale\/#primaryimage\"},\"image\":{\"@id\":\"https:\/\/www.jewishagency.org\/br\/naale\/#primaryimage\"},\"thumbnailUrl\":\"https:\/\/www.jewishagency.org\/br\/wp-content\/uploads\/sites\/18\/2021\/05\/Naale.jpg\",\"datePublished\":\"2021-05-07T14:43:04+00:00\",\"dateModified\":\"2022-05-09T16:06:23+00:00\",\"description\":\"Naale - A Ag\u00eancia Judaica tem trabalhado para garantir um futuro judaico vibrante desde 1929.\",\"breadcrumb\":{\"@id\":\"https:\/\/www.jewishagency.org\/br\/naale\/#breadcrumb\"},\"inLanguage\":\"en-US\",\"potentialAction\":[{\"@type\":\"ReadAction\",\"target\":[\"https:\/\/www.jewishagency.org\/br\/naale\/\"]}]},{\"@type\":\"ImageObject\",\"inLanguage\":\"en-US\",\"@id\":\"https:\/\/www.jewishagency.org\/br\/naale\/#primaryimage\",\"url\":\"https:\/\/www.jewishagency.org\/br\/wp-content\/uploads\/sites\/18\/2021\/05\/Naale.jpg\",\"contentUrl\":\"https:\/\/www.jewishagency.org\/br\/wp-content\/uploads\/sites\/18\/2021\/05\/Naale.jpg\",\"width\":1920,\"height\":689,\"caption\":\"Naale \u00e9 uma experi\u00eancia \u00fanica em Israel, para jovens de 13 a 17 anos. cursar o ensino m\u00e9dio nas melhores escolas de Israel de forma gratuita.\"},{\"@type\":\"BreadcrumbList\",\"@id\":\"https:\/\/www.jewishagency.org\/br\/naale\/#breadcrumb\",\"itemListElement\":[{\"@type\":\"ListItem\",\"position\":1,\"name\":\"Home\",\"item\":\"https:\/\/www.jewishagency.org\/br\/\"},{\"@type\":\"ListItem\",\"position\":2,\"name\":\"Naale\"}]},{\"@type\":\"WebSite\",\"@id\":\"https:\/\/www.jewishagency.org\/br\/#website\",\"url\":\"https:\/\/www.jewishagency.org\/br\/\",\"name\":\"A Ag\u00eancia Judaica para Israel - Brasil\",\"description\":\"Cada um de n\u00f3s, juntos.\",\"potentialAction\":[{\"@type\":\"SearchAction\",\"target\":{\"@type\":\"EntryPoint\",\"urlTemplate\":\"https:\/\/www.jewishagency.org\/br\/?s={search_term_string}\"},\"query-input\":{\"@type\":\"PropertyValueSpecification\",\"valueRequired\":true,\"valueName\":\"search_term_string\"}}],\"inLanguage\":\"en-US\"}]}<\/script>\n<!-- \/ Yoast SEO plugin. -->","yoast_head_json":{"title":"Naale | A Ag\u00eancia Judaica \u2013 Brazil","description":"Naale - A Ag\u00eancia Judaica tem trabalhado para garantir um futuro judaico vibrante desde 1929.","robots":{"index":"index","follow":"follow","max-snippet":"max-snippet:-1","max-image-preview":"max-image-preview:large","max-video-preview":"max-video-preview:-1"},"canonical":"https:\/\/www.jewishagency.org\/br\/naale\/","og_locale":"en_US","og_type":"article","og_title":"Naale | A Ag\u00eancia Judaica \u2013 Brazil","og_description":"Naale - A Ag\u00eancia Judaica tem trabalhado para garantir um futuro judaico vibrante desde 1929.","og_url":"https:\/\/www.jewishagency.org\/br\/naale\/","og_site_name":"A Ag\u00eancia Judaica para Israel - Brasil","article_modified_time":"2022-05-09T16:06:23+00:00","og_image":[{"width":1920,"height":689,"url":"https:\/\/www.jewishagency.org\/br\/wp-content\/uploads\/sites\/18\/2021\/05\/Naale.jpg","type":"image\/jpeg"}],"twitter_card":"summary_large_image","twitter_misc":{"Est. reading time":"2 minutes"},"schema":{"@context":"https:\/\/schema.org","@graph":[{"@type":"WebPage","@id":"https:\/\/www.jewishagency.org\/br\/naale\/","url":"https:\/\/www.jewishagency.org\/br\/naale\/","name":"Naale | A Ag\u00eancia Judaica \u2013 Brazil","isPartOf":{"@id":"https:\/\/www.jewishagency.org\/br\/#website"},"primaryImageOfPage":{"@id":"https:\/\/www.jewishagency.org\/br\/naale\/#primaryimage"},"image":{"@id":"https:\/\/www.jewishagency.org\/br\/naale\/#primaryimage"},"thumbnailUrl":"https:\/\/www.jewishagency.org\/br\/wp-content\/uploads\/sites\/18\/2021\/05\/Naale.jpg","datePublished":"2021-05-07T14:43:04+00:00","dateModified":"2022-05-09T16:06:23+00:00","description":"Naale - A Ag\u00eancia Judaica tem trabalhado para garantir um futuro judaico vibrante desde 1929.","breadcrumb":{"@id":"https:\/\/www.jewishagency.org\/br\/naale\/#breadcrumb"},"inLanguage":"en-US","potentialAction":[{"@type":"ReadAction","target":["https:\/\/www.jewishagency.org\/br\/naale\/"]}]},{"@type":"ImageObject","inLanguage":"en-US","@id":"https:\/\/www.jewishagency.org\/br\/naale\/#primaryimage","url":"https:\/\/www.jewishagency.org\/br\/wp-content\/uploads\/sites\/18\/2021\/05\/Naale.jpg","contentUrl":"https:\/\/www.jewishagency.org\/br\/wp-content\/uploads\/sites\/18\/2021\/05\/Naale.jpg","width":1920,"height":689,"caption":"Naale \u00e9 uma experi\u00eancia \u00fanica em Israel, para jovens de 13 a 17 anos. cursar o ensino m\u00e9dio nas melhores escolas de Israel de forma gratuita."},{"@type":"BreadcrumbList","@id":"https:\/\/www.jewishagency.org\/br\/naale\/#breadcrumb","itemListElement":[{"@type":"ListItem","position":1,"name":"Home","item":"https:\/\/www.jewishagency.org\/br\/"},{"@type":"ListItem","position":2,"name":"Naale"}]},{"@type":"WebSite","@id":"https:\/\/www.jewishagency.org\/br\/#website","url":"https:\/\/www.jewishagency.org\/br\/","name":"A Ag\u00eancia Judaica para Israel - Brasil","description":"Cada um de n\u00f3s, juntos.","potentialAction":[{"@type":"SearchAction","target":{"@type":"EntryPoint","urlTemplate":"https:\/\/www.jewishagency.org\/br\/?s={search_term_string}"},"query-input":{"@type":"PropertyValueSpecification","valueRequired":true,"valueName":"search_term_string"}}],"inLanguage":"en-US"}]}},"_links":{"self":[{"href":"https:\/\/www.jewishagency.org\/br\/wp-json\/wp\/v2\/pages\/27377","targetHints":{"allow":["GET"]}}],"collection":[{"href":"https:\/\/www.jewishagency.org\/br\/wp-json\/wp\/v2\/pages"}],"about":[{"href":"https:\/\/www.jewishagency.org\/br\/wp-json\/wp\/v2\/types\/page"}],"author":[{"embeddable":true,"href":"https:\/\/www.jewishagency.org\/br\/wp-json\/wp\/v2\/users\/9"}],"replies":[{"embeddable":true,"href":"https:\/\/www.jewishagency.org\/br\/wp-json\/wp\/v2\/comments?post=27377"}],"version-history":[{"count":0,"href":"https:\/\/www.jewishagency.org\/br\/wp-json\/wp\/v2\/pages\/27377\/revisions"}],"wp:featuredmedia":[{"embeddable":true,"href":"https:\/\/www.jewishagency.org\/br\/wp-json\/wp\/v2\/media\/27379"}],"wp:attachment":[{"href":"https:\/\/www.jewishagency.org\/br\/wp-json\/wp\/v2\/media?parent=27377"}],"wp:term":[{"taxonomy":"category","embeddable":true,"href":"https:\/\/www.jewishagency.org\/br\/wp-json\/wp\/v2\/categories?post=27377"},{"taxonomy":"post_tag","embeddable":true,"href":"https:\/\/www.jewishagency.org\/br\/wp-json\/wp\/v2\/tags?post=27377"}],"curies":[{"name":"wp","href":"https:\/\/api.w.org\/{rel}","templated":true}]}}