{"id":28214,"date":"2023-08-08T11:16:57","date_gmt":"2023-08-08T14:16:57","guid":{"rendered":"https:\/\/testnew.jewishagency.org\/es\/?page_id=28214"},"modified":"2023-12-18T07:23:22","modified_gmt":"2023-12-18T10:23:22","slug":"programas-globales","status":"publish","type":"page","link":"https:\/\/www.jewishagency.org\/es\/programas-globales\/","title":{"rendered":"Programas Globales"},"content":{"rendered":"<div class=\"wpb-content-wrapper\"><p>[vc_row css_animation=&#8221;&#8221; row_type=&#8221;row&#8221; use_row_as_full_screen_section=&#8221;no&#8221; type=&#8221;full_width&#8221; angled_section=&#8221;no&#8221; text_align=&#8221;left&#8221; background_image_as_pattern=&#8221;without_pattern&#8221;][vc_column][ucaddon_hero_module image1=&#8221;wp-content\/uploads\/2019\/04\/1920x768_Involved-Abroad-3.jpg&#8221; headline=&#8221;La Agencia Jud\u00eda para Israel en el mundo&#8221;][ucaddon_Medium_copy label=&#8221;Nuestro trabajo en el mundo&#8221; textcontent=&#8221;La Agencia Jud\u00eda re\u00fane a comunidades jud\u00edas de todo el mundo y nuestra familia global sigue creciendo. Vos pod\u00e9s ser parte de nuestra misi\u00f3n: informate sobre la vida en Israel, actu\u00e1 a trav\u00e9s de programas de voluntariado o hace una donaci\u00f3n a nuestra instituci\u00f3n.<\/p>\n<p>&nbsp;<\/p>\n<p><strong>Explor\u00e1 algunos de nuestros programas destacados:<\/strong>&#8220;][\/vc_column][\/vc_row][vc_row css_animation=&#8221;&#8221; row_type=&#8221;row&#8221; use_row_as_full_screen_section=&#8221;no&#8221; type=&#8221;full_width&#8221; angled_section=&#8221;no&#8221; text_align=&#8221;left&#8221; background_image_as_pattern=&#8221;without_pattern&#8221;][vc_column][ucaddon_category_program image1=&#8221;wp-content\/uploads\/2019\/02\/ProgramCallout_Amigour-2.jpg&#8221; title1=&#8221;Amigour&#8221; content1=&#8221;Amigour, que atiende principalmente a ancianos israel\u00edes, es un programa de viviendas asequibles que permite a estos queridos ciudadanos vivir de forma independiente en comunidades din\u00e1micas.&#8221; ctalabel1=&#8221;M\u00c1S INFORMACI\u00d3N&#8221; ctaurl1=&#8221;\/amigour\/&#8221; open_new_tab_1=&#8221;_blank&#8221; image2=&#8221;wp-content\/uploads\/2019\/02\/ProgramCallout_ProjectTEN.jpg&#8221; title2=&#8221;Proyecto TEN&#8221; content2=&#8221;Un programa de desarrollo internacional que crea oportunidades para que los jud\u00edos de todo el mundo se unan y sirvan a los dem\u00e1s.&#8221; ctalabel2=&#8221;M\u00c1S INFORMACI\u00d3N&#8221; ctaurl2=&#8221;\/project-ten\/&#8221; open_new_tab_2=&#8221;_blank&#8221; image3=&#8221;wp-content\/uploads\/2019\/02\/ProgramCallout_YouthFutures.jpg&#8221; title3=&#8221;Futuro de los j\u00f3venes&#8221; content3=&#8221;Este programa de mentores asocia a adolescentes israel\u00edes con ni\u00f1os en situaci\u00f3n de riesgo para ayudarles a desarrollarse acad\u00e9mica y socialmente.&#8221; ctalabel3=&#8221;M\u00c1S INFORMACI\u00d3N&#8221; ctaurl3=&#8221;\/youth-futures\/&#8221; open_new_tab_3=&#8221;_blank&#8221; image4=&#8221;wp-content\/uploads\/2019\/03\/900x900_Mechinot-Search.jpg&#8221; title4=&#8221;Mejinot&#8221; content4=&#8221;Ofrecer a los graduados de secundaria israel\u00edes la oportunidad de vivir, trabajar y participar en una formaci\u00f3n de liderazgo antes de entrar en el servicio armado.&#8221; ctalabel4=&#8221;M\u00c1S INFORMACI\u00d3N&#8221; ctaurl4=&#8221;\/mechinot\/&#8221; open_new_tab_4=&#8221;_blank&#8221; weaver_bar=&#8221;nshoww&#8221; target_link=&#8221;_Self&#8221;][ucaddon_category_program image1=&#8221;wp-content\/uploads\/2022\/07\/1920x1080_SparkIL-header.jpg&#8221; title1=&#8221;SparkIL&#8221; content1=&#8221;Una nueva plataforma de pr\u00e9stamos entre iguales que permite a particulares de todo el mundo apoyar a la peque\u00f1a empresa de su elecci\u00f3n en Israel.&#8221; ctalabel1=&#8221;M\u00c1S INFORMACI\u00d3N&#8221; ctaurl1=&#8221;\/sparkil\/&#8221; open_new_tab_1=&#8221;_blank&#8221; image2=&#8221;wp-content\/uploads\/2019\/07\/loan-funds-600.jpg&#8221; title2=&#8221;Fondos de pr\u00e9stamo&#8221; content2=&#8221;Ayudar a los empresarios israel\u00edes a crear una nueva peque\u00f1a empresa o a ampliar una ya existente con un s\u00f3lido respaldo financiero que allane el camino hacia el \u00e9xito, convirtiendo los sue\u00f1os en realidad.&#8221; ctalabel2=&#8221;M\u00c1S INFORMACI\u00d3N&#8221; ctaurl2=&#8221;\/loan-funds\/&#8221; open_new_tab_2=&#8221;_blank&#8221; image3=&#8221;wp-content\/uploads\/2019\/02\/ProgramCallout_Nativ-2.jpg&#8221; title3=&#8221;Nativ&#8221; content3=&#8221;Nativ ayuda a los soldados inmigrantes de las FDI que no son hal\u00e1jicamente jud\u00edos a conectar m\u00e1s plenamente con su herencia y a educarse en la cultura jud\u00eda.&#8221; ctalabel3=&#8221;M\u00c1S INFORMACI\u00d3N&#8221; ctaurl3=&#8221;\/nativ\/&#8221; open_new_tab_3=&#8221;_blank&#8221; image4=&#8221;wp-content\/uploads\/2019\/02\/ProgramCallout_FVOT.jpg&#8221; title4=&#8221;Fondo para las V\u00edctimas del Terrorismo&#8221; content4=&#8221;Proporcionar a las v\u00edctimas del terrorismo israel\u00ed ayuda financiera de emergencia en las primeras 48 horas tras un atentado u otra crisis nacional.&#8221; ctalabel4=&#8221;M\u00c1S INFORMACI\u00d3N&#8221; ctaurl4=&#8221;\/fund-for-victims-of-terror\/&#8221; open_new_tab_4=&#8221;_blank&#8221; target_link=&#8221;_Self&#8221; uc_items_data=&#8221;JTVCJTVE&#8221;][ucaddon_featured_content_module label=&#8221;FONDOS DE PR\u00c9STAMO&#8221; open_new_tab_1=&#8221;_blank&#8221; body_copy=&#8221;<strong>&#8220;El proyecto para el que necesit\u00e1bamos el pr\u00e9stamo, la construcci\u00f3n de un aula de campo, tuvo tanto \u00e9xito que incluso pudimos amortizar el pr\u00e9stamo antes de tiempo.&#8220;<\/strong><\/p>\n<p>Simja, cofundador de Eshkolot Grove y beneficiario del Fondo de Pr\u00e9stamos&#8221; number_call=&#8221;hidden1&#8243; cta_1=&#8221;M\u00c1S INFORMACI\u00d3N&#8221; cta_1_url=&#8221;https:\/\/www.jewishagency.org\/making-the-desert-bloom\/&#8221; open_new_tab_2=&#8221;_blank&#8221; image=&#8221;wp-content\/uploads\/2019\/12\/Olives-courtesey-DSC_0032_sm.jpg&#8221; uc_init_settings=&#8221;&#8221;][\/vc_column][\/vc_row][vc_row css_animation=&#8221;&#8221; row_type=&#8221;row&#8221; use_row_as_full_screen_section=&#8221;no&#8221; type=&#8221;full_width&#8221; angled_section=&#8221;no&#8221; text_align=&#8221;left&#8221; background_image_as_pattern=&#8221;without_pattern&#8221;][vc_column][\/vc_column][\/vc_row]<\/p>\n<\/div>","protected":false},"excerpt":{"rendered":"<p>[vc_row css_animation=&#8221;&#8221; row_type=&#8221;row&#8221; use_row_as_full_screen_section=&#8221;no&#8221; type=&#8221;full_width&#8221; angled_section=&#8221;no&#8221; text_align=&#8221;left&#8221; background_image_as_pattern=&#8221;without_pattern&#8221;][vc_column][ucaddon_hero_module image1=&#8221;wp-content\/uploads\/2019\/04\/1920x768_Involved-Abroad-3.jpg&#8221; headline=&#8221;La Agencia Jud\u00eda para Israel en el mundo&#8221;][ucaddon_Medium_copy label=&#8221;Nuestro trabajo en el mundo&#8221; textcontent=&#8221;La Agencia Jud\u00eda re\u00fane a comunidades jud\u00edas de todo el mundo y nuestra familia global sigue creciendo. Vos pod\u00e9s ser parte de nuestra&#8230;<\/p>\n","protected":false},"author":9,"featured_media":0,"parent":0,"menu_order":0,"comment_status":"closed","ping_status":"closed","template":"","meta":{"_acf_changed":false,"inline_featured_image":false,"footnotes":""},"categories":[],"tags":[],"class_list":["post-28214","page","type-page","status-publish","has-post-thumbnail","hentry"],"acf":[],"yoast_head":"<!-- This site is optimized with the Yoast SEO plugin v27.2 - https:\/\/yoast.com\/product\/yoast-seo-wordpress\/ -->\n<title>Programas Globales | La Agencia Jud\u00eda<\/title>\n<meta name=\"description\" content=\"Programas Globales. Nuestro trabajo en el mundo - Conectando la familia jud\u00eda global desde 1929\" \/>\n<meta name=\"robots\" content=\"index, follow, max-snippet:-1, max-image-preview:large, max-video-preview:-1\" \/>\n<link rel=\"canonical\" href=\"https:\/\/www.jewishagency.org\/es\/programas-globales\/\" \/>\n<meta property=\"og:locale\" content=\"en_US\" \/>\n<meta property=\"og:type\" content=\"article\" \/>\n<meta property=\"og:title\" content=\"Programas Globales | La Agencia Jud\u00eda\" \/>\n<meta property=\"og:description\" content=\"Programas Globales. Nuestro trabajo en el mundo - Conectando la familia jud\u00eda global desde 1929\" \/>\n<meta property=\"og:url\" content=\"https:\/\/www.jewishagency.org\/es\/programas-globales\/\" \/>\n<meta property=\"og:site_name\" content=\"La Agencia Jud\u00eda para Israel - Latinoamerica\" \/>\n<meta property=\"article:modified_time\" content=\"2023-12-18T10:23:22+00:00\" \/>\n<meta name=\"twitter:card\" content=\"summary_large_image\" \/>\n<meta name=\"twitter:label1\" content=\"Est. reading time\" \/>\n\t<meta name=\"twitter:data1\" content=\"3 minutes\" \/>\n<script type=\"application\/ld+json\" class=\"yoast-schema-graph\">{\"@context\":\"https:\/\/schema.org\",\"@graph\":[{\"@type\":\"WebPage\",\"@id\":\"https:\/\/www.jewishagency.org\/es\/programas-globales\/\",\"url\":\"https:\/\/www.jewishagency.org\/es\/programas-globales\/\",\"name\":\"Programas Globales | La Agencia Jud\u00eda\",\"isPartOf\":{\"@id\":\"https:\/\/www.jewishagency.org\/es\/#website\"},\"primaryImageOfPage\":{\"@id\":\"https:\/\/www.jewishagency.org\/es\/programas-globales\/#primaryimage\"},\"image\":{\"@id\":\"https:\/\/www.jewishagency.org\/es\/programas-globales\/#primaryimage\"},\"thumbnailUrl\":\"\",\"datePublished\":\"2023-08-08T14:16:57+00:00\",\"dateModified\":\"2023-12-18T10:23:22+00:00\",\"description\":\"Programas Globales. Nuestro trabajo en el mundo - Conectando la familia jud\u00eda global desde 1929\",\"breadcrumb\":{\"@id\":\"https:\/\/www.jewishagency.org\/es\/programas-globales\/#breadcrumb\"},\"inLanguage\":\"en-US\",\"potentialAction\":[{\"@type\":\"ReadAction\",\"target\":[\"https:\/\/www.jewishagency.org\/es\/programas-globales\/\"]}]},{\"@type\":\"ImageObject\",\"inLanguage\":\"en-US\",\"@id\":\"https:\/\/www.jewishagency.org\/es\/programas-globales\/#primaryimage\",\"url\":\"\",\"contentUrl\":\"\"},{\"@type\":\"BreadcrumbList\",\"@id\":\"https:\/\/www.jewishagency.org\/es\/programas-globales\/#breadcrumb\",\"itemListElement\":[{\"@type\":\"ListItem\",\"position\":1,\"name\":\"Home\",\"item\":\"https:\/\/www.jewishagency.org\/es\/\"},{\"@type\":\"ListItem\",\"position\":2,\"name\":\"Programas Globales\"}]},{\"@type\":\"WebSite\",\"@id\":\"https:\/\/www.jewishagency.org\/es\/#website\",\"url\":\"https:\/\/www.jewishagency.org\/es\/\",\"name\":\"La Agencia Jud\u00eda para Israel - Latinoamerica\",\"description\":\"Cada Uno de Nosotros, Juntos.\",\"publisher\":{\"@id\":\"https:\/\/www.jewishagency.org\/es\/#organization\"},\"potentialAction\":[{\"@type\":\"SearchAction\",\"target\":{\"@type\":\"EntryPoint\",\"urlTemplate\":\"https:\/\/www.jewishagency.org\/es\/?s={search_term_string}\"},\"query-input\":{\"@type\":\"PropertyValueSpecification\",\"valueRequired\":true,\"valueName\":\"search_term_string\"}}],\"inLanguage\":\"en-US\"},{\"@type\":\"Organization\",\"@id\":\"https:\/\/www.jewishagency.org\/es\/#organization\",\"name\":\"La Agencia Jud\u00eda para Israel\",\"url\":\"https:\/\/www.jewishagency.org\/es\/\",\"logo\":{\"@type\":\"ImageObject\",\"inLanguage\":\"en-US\",\"@id\":\"https:\/\/www.jewishagency.org\/es\/#\/schema\/logo\/image\/\",\"url\":\"https:\/\/www.jewishagency.org\/es\/wp-content\/uploads\/sites\/16\/2021\/06\/The-Jewish-Agency-for-Israel_logo-without-tagline_Spanish_2021.svg\",\"contentUrl\":\"https:\/\/www.jewishagency.org\/es\/wp-content\/uploads\/sites\/16\/2021\/06\/The-Jewish-Agency-for-Israel_logo-without-tagline_Spanish_2021.svg\",\"width\":1,\"height\":1,\"caption\":\"La Agencia Jud\u00eda para Israel\"},\"image\":{\"@id\":\"https:\/\/www.jewishagency.org\/es\/#\/schema\/logo\/image\/\"}}]}<\/script>\n<!-- \/ Yoast SEO plugin. -->","yoast_head_json":{"title":"Programas Globales | La Agencia Jud\u00eda","description":"Programas Globales. Nuestro trabajo en el mundo - Conectando la familia jud\u00eda global desde 1929","robots":{"index":"index","follow":"follow","max-snippet":"max-snippet:-1","max-image-preview":"max-image-preview:large","max-video-preview":"max-video-preview:-1"},"canonical":"https:\/\/www.jewishagency.org\/es\/programas-globales\/","og_locale":"en_US","og_type":"article","og_title":"Programas Globales | La Agencia Jud\u00eda","og_description":"Programas Globales. Nuestro trabajo en el mundo - Conectando la familia jud\u00eda global desde 1929","og_url":"https:\/\/www.jewishagency.org\/es\/programas-globales\/","og_site_name":"La Agencia Jud\u00eda para Israel - Latinoamerica","article_modified_time":"2023-12-18T10:23:22+00:00","twitter_card":"summary_large_image","twitter_misc":{"Est. reading time":"3 minutes"},"schema":{"@context":"https:\/\/schema.org","@graph":[{"@type":"WebPage","@id":"https:\/\/www.jewishagency.org\/es\/programas-globales\/","url":"https:\/\/www.jewishagency.org\/es\/programas-globales\/","name":"Programas Globales | La Agencia Jud\u00eda","isPartOf":{"@id":"https:\/\/www.jewishagency.org\/es\/#website"},"primaryImageOfPage":{"@id":"https:\/\/www.jewishagency.org\/es\/programas-globales\/#primaryimage"},"image":{"@id":"https:\/\/www.jewishagency.org\/es\/programas-globales\/#primaryimage"},"thumbnailUrl":"","datePublished":"2023-08-08T14:16:57+00:00","dateModified":"2023-12-18T10:23:22+00:00","description":"Programas Globales. Nuestro trabajo en el mundo - Conectando la familia jud\u00eda global desde 1929","breadcrumb":{"@id":"https:\/\/www.jewishagency.org\/es\/programas-globales\/#breadcrumb"},"inLanguage":"en-US","potentialAction":[{"@type":"ReadAction","target":["https:\/\/www.jewishagency.org\/es\/programas-globales\/"]}]},{"@type":"ImageObject","inLanguage":"en-US","@id":"https:\/\/www.jewishagency.org\/es\/programas-globales\/#primaryimage","url":"","contentUrl":""},{"@type":"BreadcrumbList","@id":"https:\/\/www.jewishagency.org\/es\/programas-globales\/#breadcrumb","itemListElement":[{"@type":"ListItem","position":1,"name":"Home","item":"https:\/\/www.jewishagency.org\/es\/"},{"@type":"ListItem","position":2,"name":"Programas Globales"}]},{"@type":"WebSite","@id":"https:\/\/www.jewishagency.org\/es\/#website","url":"https:\/\/www.jewishagency.org\/es\/","name":"La Agencia Jud\u00eda para Israel - Latinoamerica","description":"Cada Uno de Nosotros, Juntos.","publisher":{"@id":"https:\/\/www.jewishagency.org\/es\/#organization"},"potentialAction":[{"@type":"SearchAction","target":{"@type":"EntryPoint","urlTemplate":"https:\/\/www.jewishagency.org\/es\/?s={search_term_string}"},"query-input":{"@type":"PropertyValueSpecification","valueRequired":true,"valueName":"search_term_string"}}],"inLanguage":"en-US"},{"@type":"Organization","@id":"https:\/\/www.jewishagency.org\/es\/#organization","name":"La Agencia Jud\u00eda para Israel","url":"https:\/\/www.jewishagency.org\/es\/","logo":{"@type":"ImageObject","inLanguage":"en-US","@id":"https:\/\/www.jewishagency.org\/es\/#\/schema\/logo\/image\/","url":"https:\/\/www.jewishagency.org\/es\/wp-content\/uploads\/sites\/16\/2021\/06\/The-Jewish-Agency-for-Israel_logo-without-tagline_Spanish_2021.svg","contentUrl":"https:\/\/www.jewishagency.org\/es\/wp-content\/uploads\/sites\/16\/2021\/06\/The-Jewish-Agency-for-Israel_logo-without-tagline_Spanish_2021.svg","width":1,"height":1,"caption":"La Agencia Jud\u00eda para Israel"},"image":{"@id":"https:\/\/www.jewishagency.org\/es\/#\/schema\/logo\/image\/"}}]}},"_links":{"self":[{"href":"https:\/\/www.jewishagency.org\/es\/wp-json\/wp\/v2\/pages\/28214","targetHints":{"allow":["GET"]}}],"collection":[{"href":"https:\/\/www.jewishagency.org\/es\/wp-json\/wp\/v2\/pages"}],"about":[{"href":"https:\/\/www.jewishagency.org\/es\/wp-json\/wp\/v2\/types\/page"}],"author":[{"embeddable":true,"href":"https:\/\/www.jewishagency.org\/es\/wp-json\/wp\/v2\/users\/9"}],"replies":[{"embeddable":true,"href":"https:\/\/www.jewishagency.org\/es\/wp-json\/wp\/v2\/comments?post=28214"}],"version-history":[{"count":0,"href":"https:\/\/www.jewishagency.org\/es\/wp-json\/wp\/v2\/pages\/28214\/revisions"}],"wp:featuredmedia":[{"embeddable":true,"href":"https:\/\/www.jewishagency.org\/es\/wp-json\/"}],"wp:attachment":[{"href":"https:\/\/www.jewishagency.org\/es\/wp-json\/wp\/v2\/media?parent=28214"}],"wp:term":[{"taxonomy":"category","embeddable":true,"href":"https:\/\/www.jewishagency.org\/es\/wp-json\/wp\/v2\/categories?post=28214"},{"taxonomy":"post_tag","embeddable":true,"href":"https:\/\/www.jewishagency.org\/es\/wp-json\/wp\/v2\/tags?post=28214"}],"curies":[{"name":"wp","href":"https:\/\/api.w.org\/{rel}","templated":true}]}}