{"id":27447,"date":"2021-12-06T06:33:50","date_gmt":"2021-12-06T11:33:50","guid":{"rendered":"https:\/\/testnew.jewishagency.org\/fr\/?page_id=27447"},"modified":"2022-05-11T04:18:51","modified_gmt":"2022-05-11T08:18:51","slug":"larmee","status":"publish","type":"page","link":"https:\/\/www.jewishagency.org\/fr\/larmee\/","title":{"rendered":"L&#8217;arm\u00e9e"},"content":{"rendered":"<div class=\"wpb-content-wrapper\"><p>[vc_row css_animation=&#8221;&#8221; row_type=&#8221;row&#8221; use_row_as_full_screen_section=&#8221;no&#8221; type=&#8221;full_width&#8221; angled_section=&#8221;no&#8221; text_align=&#8221;left&#8221; background_image_as_pattern=&#8221;without_pattern&#8221;][vc_column][ucaddon_title_image variations=&#8221;title_image&#8221; headline=&#8221;L&#8217;arm\u00e9e&#8221; image=&#8221;wp-content\/uploads\/sites\/15\/2021\/12\/900x900_Wings-Hero.jpg&#8221;]\r\n\t\t\t\t<div id=\"\" class=\"copy-e-image jafi-module article-intro default copy-e-image-variation34  id_69d219c78f1f5\">\r\n\t\t\t\t\t<div id=\"linePrincipalAI\" class=\"wpb_row section vc_row-fluid\">\r\n\t\t\t\t\t\t<div class=\" full_section_inner clearfix\">\r\n\t\t\t\t\t\t\t<div class=\"left-line wpb_animate_when_almost_visible wpb_slideInLeft slideInLeft wpb_column vc_column_container vc_col-sm-6 vc_col-has-fill wpb_start_animation animated\" style=\"background-image:url();\">\r\n\t\t\t\t\t\t\t\t<div class=\"vc_column-inner vc_custom_1544987333434\">\r\n\t\t\t\t\t\t\t\t\t<div class=\"wpb_wrapper\">\r\n\t\t\t\t\t\t\t\t\t\t<div class=\"body_copy \"><p>Pour effectuer votre service militaire, l\u2019arm\u00e9e va se baser sur l\u2019\u00e2ge auquel\u00a0 vous \u00eates arriv\u00e9s en Isra\u00ebl, votre situation familiale, votre profil m\u00e9dical et physique ainsi que votre profession.Lorsqu\u2019une personne passe plus de 120 jours (pas n\u00e9cessairement en continu) en Isra\u00ebl au cours d\u2019une p\u00e9riode de 12 mois, la date du d\u00e9but de ces 120 jours est consid\u00e9r\u00e9e comme la date d\u2019arriv\u00e9e.\u00a0 Donc l\u2019\u00e2ge que vous aviez lors de cette date d\u00e9termine la dur\u00e9e de votre service militaire.<br \/>\nPour r\u00e9initialiser la date d\u2019arriv\u00e9e, la personne aura besoin de quitter Isra\u00ebl pendant 2 ans (1 an si elle faisait partie d\u2019un programme Massa).Les jeunes filles religieuses peuvent \u00eatre exempt\u00e9es du service militaire si elles le d\u00e9sirent.<\/p>\n<p>Pour plus d\u2019informations, vous pouvez vous rendre sur le site internet de l\u2019arm\u00e9e en cliquant : <a href=\"https:\/\/www.mitgaisim.idf.il\/%D7%9B%D7%AA%D7%91%D7%95%D7%AA\/international-languages\/fran%C3%A7ais\/duration-du-service-militaire-pour-un-nouvelle-imigrant\/#\/\"><strong>ici<\/strong><\/a><\/p>\n<p>Les informations contenues dans ce site, sont \u00e0 titre indicatifs uniquement et ne sont pas contractuelles.<\/p>\n<p>Il est important de verifier les informations au cas par cas avec les autorit\u00e9s comp\u00e9tentes.<\/p>\n<p>Nous vous invitons \u00e9galement \u00e0 visionner les 2 vid\u00e9os ci-dessous sur le sujet :<\/p><\/div>\r\n\t\t\t\t\t\t\t\t\t<\/div>\r\n\t\t\t\t\t\t\t\t<\/div>\r\n\t\t\t\t\t\t\t\t<div class=\"full-block-dsc\">\r\n\t\t\t\t\t\t\t\t\t<div class=\"full-block-image-cap\"><\/div>\r\n\t\t\t\t\t\t\t\t<\/div>\r\n\t\t\t\t\t\t\t\t<div class=\"overlay-hover block\"><\/div>\r\n\t\t\t\t\t\t\t<\/div>\r\n\t\t\t\t\t\t\t\r\n\t\t\t\t\t\t\t<div class=\"right-line wpb_animate_when_almost_visible wpb_slideInRight slideInRight wpb_column vc_column_container vc_col-sm-6 vc_col-has-fill wpb_start_animation animated\" style=\"background-image:url();\">\r\n\t\t\t\t\t\t\t\t<div class=\"vc_column-inner\">\r\n\t\t\t\t\t\t\t\t\t<div class=\"wpb_wrapper\">\r\n\t\t\t\t\t\t\t\t\t\t<div class=\"image_content\"><img decoding=\"async\" src=\"\"><\/div>\r\n\t\t\t\t\t\t\t\t\t\t<div class=\"image_caption caption-off\"><\/div>\r\n\t\t\t\t\t\t\t\t\t\t<div class=\"call-to-action false-cta \" target=\"_self\"><a class=\"\" href=\"\"><\/a><\/div>\r\n\t\t\t\t\t\t\t\t\t\t<div class=\"call-to-action false-cta \" target=\"_self\"><a class=\"\" href=\"\"><\/a><\/div>\r\n\t\t\t\t\t\t\t\t\t<\/div>\r\n\t\t\t\t\t\t\t\t<\/div>\r\n\t\t\t\t\t\t\t\t<div class=\"full-block-dsc\">\r\n\t\t\t\t\t\t\t\t\t<div class=\"full-block-image-cap\"><\/div>\r\n\t\t\t\t\t\t\t\t<\/div>\r\n\t\t\t\t\t\t\t\t<div class=\"full-block-play-button\" style=\"display: none\">\r\n\t\t\t\t\t\t\t\t\t<a href=\"\" class=\"vp-a\" havetext=\"true\" uatype=\"a\" ua_bg_img=\"false\"><img decoding=\"async\" src=\"\" Style=\"width:50px;\"><\/a>\r\n\t\t\t\t\t\t\t\t<\/div>\r\n\t\t\t\t\t\t\t\t<div class=\"overlay-hover block\"><\/div>\r\n\t\t\t\t\t\t\t<\/div>\r\n\t\t\t\t\t\t<\/div>\r\n\t\t\t\t\t<\/div>\r\n\t\t\t\t<\/div>\r\n\t\t\t<style>\r\n\t\t\t\t.article-intro .left-line .vc_column-inner {\r\n\t\t\t\t\tdisplay: inline-block;\r\n\t\t\t\t}\r\n\t\t\t\t.article-intro .wpb_wrapper {\r\n\t\t\t\t\tmargin: 0 auto;\r\n\t\t\t\t}\r\n\t\t\t\t.copy-e-image-variation34 .left-line .body_copy p img{\r\n\t\t\t\t\twidth: -webkit-fill-available;\r\n\t\t\t\t\tbackground-repeat: no-repeat;\r\n\t\t\t\t\tbackground-size: contain;\r\n\t\t\t\t}\r\n\t\t\t\t.copy-e-image-variation34 .left-line .body_copy p iframe {\r\n\t\t\t\t\twidth: 100%;\r\n\t\t\t\t\tmin-height: 400px;\r\n\t\t\t\t}\r\n\t\t\t\t.copy-e-image-variation0 .right-line:hover .overlay-hover.block, \r\n\t\t\t\t.copy-e-image-variation31 .left-line:hover .overlay-hover.block, \r\n\t\t\t\t.copy-e-image-variation1 .right-line:hover .overlay-hover.block, \r\n\t\t\t\t.copy-e-image-variation28 .left-line:hover .overlay-hover.block{\r\n\t\t\t\t\tdisplay: block !important;\r\n\t\t\t\t}\r\n\r\n\t\t\t\t.copy-e-image.copy-e-image-variation34.id_69d219c78f1f5 .body_copy .call-to-action {\r\n\t\t\t\t\tjustify-content: center;\r\n\t\t\t\t}\r\n\r\n\t\t\t\t.copy-e-image-variation0 .right-line:hover .overlay-hover.none, \r\n\t\t\t\t.copy-e-image-variation31 .left-line:hover .overlay-hover.none, \r\n\t\t\t\t.copy-e-image-variation1 .right-line:hover .overlay-hover.none, \r\n\t\t\t\t.copy-e-image-variation28 .left-line:hover .overlay-hover.none{\r\n\t\t\t\t\tdisplay: none !important;\r\n\t\t\t\t}\r\n\t\t\t\t.copy-e-image .body_copy .wp-caption {\r\n\t\t\t\t\twidth: auto !important;\r\n\t\t\t\t}\r\n\t\t\t\t.copy-e-image .body_copy .wp-caption .wp-caption-text {\r\n\t\t\t\t\tfont-size: 14px;\r\n\t\t\t\t\tfont-family: 'Trade Gothic Condensed 18' !important;\r\n\t\t\t\t\tline-height: 18px;\r\n\t\t\t\t\tpadding-top: 0px !important;\r\n\t\t\t\t}\r\n\t\t\t\t.copy-e-image-variation34 .left-line .vc_column-inner {\r\n\t\t\t\t\tpadding: 65px 38px 55px !important;\r\n\t\t\t\t}\r\n\t\t\t\t.copy-e-image.default .body_copy .broken_link, .copy-e-image.default .body_copy a.broken_link {\r\n\t\t\t\t\ttext-decoration: none;\r\n\t\t\t\t} \r\n\t\t\t\t.copy-e-image.id_69d219c78f1f5 .left-line {\r\n\t\t\t\t\tbackground-color: #fff;\r\n\t\t\t\t}\r\n\t\t\t\t.copy-e-image.white-n-teal.id_69d219c78f1f5 .left-line {\r\n\t\t\t\t\tbackground-color: #79d4dd;\r\n\t\t\t\t}\r\n\t\t\t\t.copy-e-image.id_69d219c78f1f5 .body_copy * {\r\n\t\t\t\t\tcolor: #4d4d4d;\r\n\t\t\t\t}\r\n\t\t\t\t.copy-e-image.white-n-teal.id_69d219c78f1f5 .body_copy * {\r\n\t\t\t\t\tcolor: #fff;\r\n\t\t\t\t}\r\n\t\t\t\t.copy-e-image.default.id_69d219c78f1f5 .body_copy a, .copy-e-image-variation34.default.id_69d219c78f1f5 .body_copy a strong {\r\n\t\t\t\t\tcolor: #3376B7 !important;\r\n\t\t\t\t}\r\n\t\t\t\t.copy-e-image.id_69d219c78f1f5 .body_copy a:hover, .copy-e-image-variation34.default.id_69d219c78f1f5 a strong:hover {\r\n\t\t\t\t\tcolor: #3376B7 !important;\r\n\t\t\t\t}\r\n\t\t\t\t.copy-e-image.default.id_69d219c78f1f5 .body_copy .call-to-action a{\r\n\t\t\t\t\tcolor: #fff !important;\r\n\t\t\t\t}\r\n\t\t\t\t.copy-e-image-variation34 .body_copy .call-to-action a {\r\n\t\t\t\t\tbackground-color: #3376B7;\r\n\t\t\t\t\tborder: 5px solid #3376B7;\r\n\t\t\t\t\tdisplay: grid;\r\n\t\t\t\t\talign-items: center;\r\n\t\t\t\t\tmargin: 0 5px;\r\n\t\t\t\t\tpadding: 8px 30px 8px 30px !important;\r\n\t\t\t\t}\r\n\t\t\t\t.copy-e-image-variation34.default .body_copy .call-to-action a:hover {\r\n\t\t\t\t\tcolor: #3376B7 !important;\r\n\t\t\t\t\tbackground-color: #fff;\r\n\t\t\t\t}\r\n\t\t\t\t.copy-e-image-variation34 .left-line .body_copy .call-to-action p {\r\n\t\t\t\t\tdisplay: contents;\r\n\t\t\t\t}\r\n\t\t\t\t.copy-e-image.jafi-module .body_copy ul, \r\n\t\t\t\t.copy-e-image.jafi-module .body_copy h1, \r\n\t\t\t\t.copy-e-image.jafi-module .body_copy h2, \r\n\t\t\t\t.copy-e-image.jafi-module .body_copy h3 {\r\n\t\t\t\t\tmargin-bottom: 22px;\r\n\t\t\t\t}\r\n\r\n\t\t\t\t.copy-e-image .body_copy strong {\r\n\t\t\t\t\tfont-family: 'Trade Gothic bold condesed' !important;\r\n\t\t\t\t\tfont-size: 19px;\r\n\t\t\t\t}\r\n\r\n\t\t\t\t.copy-e-image.jafi-module .body_copy h1,\r\n\t\t\t\t.copy-e-image.jafi-module .body_copy h1 strong,\r\n\t\t\t\t.rtl .copy-e-image.jafi-module .body_copy h1,\r\n\t\t\t\t.rtl .copy-e-image.jafi-module .body_copy h1 strong {\r\n\t\t\t\t\tfont-size: 30px;\r\n\t\t\t\t}\r\n\r\n\t\t\t\t.copy-e-image.jafi-module .body_copy h2,\r\n\t\t\t\t.copy-e-image.jafi-module .body_copy h2 strong, {\r\n\t\t\t\t\tfont-size: 24px;\r\n\t\t\t\t}\r\n\r\n\t\t\t\t.copy-e-image.jafi-module .body_copy h3,\r\n\t\t\t\t.copy-e-image.jafi-module .body_copy h3 strong{\r\n\t\t\t\t\tfont-size: 20px;\r\n\t\t\t\t}\r\n\r\n\t\t\t\t.copy-e-image.jafi-module .body_copy p, \r\n\t\t\t\t.rtl .copy-e-image.jafi-module .body_copy p{\r\n\t\t\t\t\tmargin-bottom: 22px;\r\n\t\t\t\t}\r\n\r\n\t\t\t\t@media only screen and (max-width: 550px) {\r\n\t\t\t\t\t.copy-e-image-variation34 .body_copy .call-to-action a {\r\n\t\t\t\t\t\twidth: auto !important;\r\n\t\t\t\t\t}\r\n\t\t\t\t\t.copy-e-image-variation34 .left-line .body_copy .call-to-action p {\r\n\t\t\t\t\t\tdisplay: grid;\r\n\t\t\t\t\t}\r\n\t\t\t\t}\r\n\t\t\t\t@media only screen and (max-width: 480px) {\r\n\t\t\t\t\t.copy-e-image.article-intro .left-line .vc_column-inner {\r\n\t\t\t\t\t\tdisplay: inline-block;\r\n\t\t\t\t\t\tpadding: 48px 24px !important;\r\n\t\t\t\t\t}\r\n\r\n\t\t\t\t\t.copy-e-image-variation34 .left-line .vc_column-inner {\r\n\t\t\t\t\t\tpadding: 48px 24px !important;\r\n\t\t\t\t\t}\r\n\t\t\t\t\t\r\n\t\t\t\t\t.copy-e-image.copy-e-image-variation34 .body_copy {\r\n\t\t\t\t\t\tpadding: 0px;\r\n\t\t\t\t\t\t}\r\n\t\t\t\t\t\r\n\t\t\t\t\t.copy-e-image.copy-e-image-variation34 .left-line .body_copy p {\r\n\t\t\t\t\t\t\twidth: auto;\r\n\t\t\t\t\t}\r\n\t\t\t\t}\r\n\t\t\t\t.rtl .copy-e-image-variation34 .body_copy .call-to-action a {\r\n\t\t\t\t\tpadding: 9px 30px 12px 30px !important;\r\n\t\t\t\t}\r\n\t\t\t\t.rtl .copy-e-image .body_copy strong {\r\n\t\t\t\t \tfont-size: 18px;\r\n\t\t\t\t\tfont-family: 'AssistantBold' !important;\r\n\t\t\t\t}\r\n\t\t\t\t.rtl .copy-e-image .body_copy .wp-caption {\r\n\t\t\t\t\twidth: auto !important;\r\n\t\t\t\t}\r\n\t\t\t\t.rtl .copy-e-image .body_copy .wp-caption .wp-caption-text {\r\n\t\t\t\t\tfont-size: 14px;\r\n\t\t\t\t\tline-height: 18px;\r\n\t\t\t\t\tpadding-top: 0px !important;\r\n\t\t\t\t}\r\n\t\t\t\t.rtl .copy-e-image .full-block-image-cap {\r\n\t\t\t\t\tfont-size: 14px !important;\r\n\t\t\t\t}\r\n\t\t\t\t\r\n\t\t\t\t.rtl .copy-e-image.jafi-module .body_copy h3,\r\n\t\t\t\t.rtl .copy-e-image.jafi-module .body_copy h3 strong {\r\n\t\t\t\t\tfont-size: 22px;\r\n\t\t\t\t\tfont-family: 'AssistantBold', sans-serif !important;\r\n\t\t\t\t}\r\n\r\n\t\t\t\t.rtl .copy-e-image.jafi-module .body_copy h1 {\r\n\t\t\t\t\tfont-family: 'AssistantBold', sans-serif !important;\r\n\t\t\t\t}\r\n\r\n\t\t\t\t.rtl .copy-e-image.jafi-module .body_copy h2 strong,\r\n\t\t\t\t.rtl .copy-e-image.jafi-module .body_copy h2{\r\n\t\t\t\t\tline-height: 26px;\r\n\t\t\t\t\tfont-size: 26px !important;\r\n\t\t\t\t\tfont-family: 'AssistantBold' !important;\r\n\t\t\t\t\tfont-weight: 700 !important;\r\n\t\t\t\t}\r\n\r\n\t\t\t\t.copy-e-image .left-line .body_copy p, .copy-e-image .left-line .body_copy {\r\n\t\t\t\t\tfont-size: 19px;\r\n\t\t\t\t}\r\n\r\n\t\t\t\t.copy-e-image.default .body_copy .call-to-action a {\r\n\t\t\t\t\twidth: 100% !important;\r\n\t\t\t\t}\r\n\r\n\t\t\t\t.copy-e-image.default.id_69d219c78f1f5 .body_copy.custom_colors .call-to-action a:hover {\r\n\t\t\t\t\tbackground-color: #3376B7;\r\n\t\t\t\t\tborder-color: #fff;\r\n\t\t\t\t\tcolor: #fff !important;\r\n\t\t\t\t}\r\n\t\t\t\t\t\t\t\t\r\n\t\t\t\t.copy-e-image.default.id_69d219c78f1f5 .body_copy.custom_colors .call-to-action a {\r\n\t\t\t\t\tbackground-color: #3376B7;\r\n\t\t\t\t\tborder-color: #3376B7;\r\n\t\t\t\t\tcolor: #fff !important;\r\n\t\t\t\t}\r\n\t\t\t\t\r\n\t\t\t\t.copy-e-image.default.id_69d219c78f1f5 .body_copy.white .call-to-action a:hover {\r\n\t\t\t\t\tbackground-color: #3376B7;\r\n\t\t\t\t\tborder-color: #3376B7;\r\n\t\t\t\t\tcolor: #fff !important;\r\n\t\t\t\t}\r\n\t\t\t\t\t\t\t\t\r\n\t\t\t\t.copy-e-image.default.id_69d219c78f1f5 .body_copy.white .call-to-action a {\r\n\t\t\t\t\tbackground-color: #fff;\r\n\t\t\t\t\tcolor: #3376B7 !important;\r\n\t\t\t\t\tborder-color: #fff;\r\n\t\t\t\t}\r\n\r\n\t\t\t\t.copy-e-image.default.id_69d219c78f1f5 .body_copy.blue .call-to-action a:hover {\r\n\t\t\t\t\tbackground-color: #fff;\r\n\t\t\t\t\tborder-color: #fff;\r\n\t\t\t\t\tcolor: #3376B7 !important;\r\n\t\t\t\t}\r\n\t\t\t\t\t\t\t\t\r\n\t\t\t\t.copy-e-image.default.id_69d219c78f1f5 .body_copy.blue .call-to-action a {\r\n\t\t\t\t\tbackground-color: #3376B7;\r\n\t\t\t\t\tcolor:  #fff !important;\r\n\t\t\t\t\tborder-color: #3376B7;\r\n\t\t\t\t}\r\n\t\t\t\t\t\r\n\r\n\t\t\t\t.copy-e-image.default.id_69d219c78f1f5 .body_copy.teal .call-to-action a:hover {\r\n\t\t\t\t\tbackground-color: #fff;\r\n\t\t\t\t\tborder-color: #fff;\r\n\t\t\t\t\tcolor: #34A1AD !important;\r\n\t\t\t\t}\r\n\t\t\t\t\t\t\t\t\r\n\t\t\t\t.copy-e-image.default.id_69d219c78f1f5 .body_copy.teal .call-to-action a {\r\n\t\t\t\t\tbackground-color: #34A1AD;\r\n\t\t\t\t\tcolor:  #fff !important;\r\n\t\t\t\t\tborder-color: #34A1AD;\r\n\t\t\t\t}\r\n\r\n\t\t\t\t.copy-e-image.article-intro div.full-block-play-button {\r\n\t\t\t\t\twidth: 50%;\r\n\t\t\t\t\tposition: absolute;\r\n\t\t\t\t\ttext-align: center;\r\n\t\t\t\t\tz-index: 12;\r\n\t\t\t\t}\r\n\t\t\t\t\r\n\t\t\t\t.full-block-play-button .fa {\r\n\t\t\t\t\tcolor: red;\r\n\t\t\t\t\tfont-size: 80px;\r\n\t\t\t\t}\r\n\r\n\t\t\t<\/style><script type='text\/javascript'>\r\n\t\t\t\tjQuery(document).ready(function () {\r\n\t\t\t\t  \r\n\t\t\t\t\t\/\/ Function to get UTM parameters\r\n\t\t\t\t\tfunction getUTMParams() {\r\n\t\t\t\t\t\tconst urlParams = new URLSearchParams(window.location.search);\r\n\t\t\t\t\t\tconst utmParams = ['utm_source', 'utm_medium', 'utm_campaign', 'utm_term', 'utm_content'];\r\n\t\t\t\t\t\tconst result = [];\r\n\r\n\t\t\t\t\t\tutmParams.forEach(function (param) {\r\n\t\t\t\t\t\t\tif (urlParams.has(param)) {\r\n\t\t\t\t\t\t\tresult.push(param + '=' + encodeURIComponent(urlParams.get(param)));\r\n\t\t\t\t\t\t\t}\r\n\t\t\t\t\t\t});\r\n\r\n\t\t\t\t\t\treturn result.length ? '?' + result.join('&') : '';\r\n\t\t\t\t\t}\r\n\r\n\t\t\t\t\t\/\/ Append UTM params to all links with class 'utm-link'\r\n\t\t\t\t\tconst utmString = getUTMParams();\r\n\t\t\t\t\tif (utmString) {\r\n\t\t\t\t\t\tjQuery('.utm-link').each(function () {\r\n\t\t\t\t\t\t\tconst originalHref = jQuery(this).attr('href');\r\n\t\t\t\t\t\t\tif (originalHref) {\r\n\t\t\t\t\t\t\tconst newHref = originalHref.includes('?') ? originalHref + '&' + utmString.substring(1) : originalHref + utmString;\r\n\t\t\t\t\t\t\tjQuery(this).attr('href', newHref);\r\n\t\t\t\t\t\t\t}\r\n\t\t\t\t\t\t});\r\n\t\t\t\t\t}\r\n\t\t\t\t});\r\n\t\t\t<\/script>[vc_video link=&#8221;https:\/\/youtu.be\/A2hp2_i3nHw&#8221; el_width=&#8221;50&#8243; align=&#8221;center&#8221;][\/vc_column][\/vc_row][vc_row css_animation=&#8221;&#8221; row_type=&#8221;row&#8221; use_row_as_full_screen_section=&#8221;no&#8221; type=&#8221;full_width&#8221; angled_section=&#8221;no&#8221; text_align=&#8221;left&#8221; background_image_as_pattern=&#8221;without_pattern&#8221;][vc_column][\/vc_column][\/vc_row]<\/p>\n<\/div>","protected":false},"excerpt":{"rendered":"<p>[vc_row css_animation=&#8221;&#8221; row_type=&#8221;row&#8221; use_row_as_full_screen_section=&#8221;no&#8221; type=&#8221;full_width&#8221; angled_section=&#8221;no&#8221; text_align=&#8221;left&#8221; background_image_as_pattern=&#8221;without_pattern&#8221;][vc_column][ucaddon_title_image variations=&#8221;title_image&#8221; headline=&#8221;L&#8217;arm\u00e9e&#8221; image=&#8221;wp-content\/uploads\/sites\/15\/2021\/12\/900x900_Wings-Hero.jpg&#8221;][vc_video link=&#8221;https:\/\/youtu.be\/A2hp2_i3nHw&#8221; el_width=&#8221;50&#8243; align=&#8221;center&#8221;][\/vc_column][\/vc_row][vc_row css_animation=&#8221;&#8221; row_type=&#8221;row&#8221; use_row_as_full_screen_section=&#8221;no&#8221; type=&#8221;full_width&#8221; angled_section=&#8221;no&#8221; text_align=&#8221;left&#8221; background_image_as_pattern=&#8221;without_pattern&#8221;][vc_column][\/vc_column][\/vc_row]<\/p>\n","protected":false},"author":53,"featured_media":27450,"parent":0,"menu_order":0,"comment_status":"closed","ping_status":"closed","template":"","meta":{"_acf_changed":false,"inline_featured_image":false,"footnotes":""},"categories":[],"tags":[],"class_list":["post-27447","page","type-page","status-publish","has-post-thumbnail","hentry"],"acf":[],"yoast_head":"<!-- This site is optimized with the Yoast SEO plugin v27.2 - https:\/\/yoast.com\/product\/yoast-seo-wordpress\/ -->\n<title>L&#039;arm\u00e9e | L&#039;Agence Juive<\/title>\n<meta name=\"description\" content=\"L&#039;arm\u00e9e - Notre mission premi\u00e8re est de connecter les juifs entre eux depuis 1929\" \/>\n<meta name=\"robots\" content=\"index, follow, max-snippet:-1, max-image-preview:large, max-video-preview:-1\" \/>\n<link rel=\"canonical\" href=\"https:\/\/www.jewishagency.org\/fr\/larmee\/\" \/>\n<meta property=\"og:locale\" content=\"en_US\" \/>\n<meta property=\"og:type\" content=\"article\" \/>\n<meta property=\"og:title\" content=\"L&#039;arm\u00e9e | L&#039;Agence Juive\" \/>\n<meta property=\"og:description\" content=\"L&#039;arm\u00e9e - Notre mission premi\u00e8re est de connecter les juifs entre eux depuis 1929\" \/>\n<meta property=\"og:url\" content=\"https:\/\/www.jewishagency.org\/fr\/larmee\/\" \/>\n<meta property=\"og:site_name\" content=\"L&#039;Agence Juive pour Isra\u00ebl - France\" \/>\n<meta property=\"article:modified_time\" content=\"2022-05-11T08:18:51+00:00\" \/>\n<meta property=\"og:image\" content=\"https:\/\/www.jewishagency.org\/fr\/wp-content\/uploads\/sites\/15\/2021\/12\/900x900_Wings-Hero.jpg\" \/>\n\t<meta property=\"og:image:width\" content=\"900\" \/>\n\t<meta property=\"og:image:height\" content=\"900\" \/>\n\t<meta property=\"og:image:type\" content=\"image\/jpeg\" \/>\n<meta name=\"twitter:card\" content=\"summary_large_image\" \/>\n<meta name=\"twitter:label1\" content=\"Est. reading time\" \/>\n\t<meta name=\"twitter:data1\" content=\"2 minutes\" \/>\n<script type=\"application\/ld+json\" class=\"yoast-schema-graph\">{\"@context\":\"https:\/\/schema.org\",\"@graph\":[{\"@type\":\"WebPage\",\"@id\":\"https:\/\/www.jewishagency.org\/fr\/larmee\/\",\"url\":\"https:\/\/www.jewishagency.org\/fr\/larmee\/\",\"name\":\"L'arm\u00e9e | L'Agence Juive\",\"isPartOf\":{\"@id\":\"https:\/\/www.jewishagency.org\/fr\/#website\"},\"primaryImageOfPage\":{\"@id\":\"https:\/\/www.jewishagency.org\/fr\/larmee\/#primaryimage\"},\"image\":{\"@id\":\"https:\/\/www.jewishagency.org\/fr\/larmee\/#primaryimage\"},\"thumbnailUrl\":\"https:\/\/www.jewishagency.org\/fr\/wp-content\/uploads\/sites\/15\/2021\/12\/900x900_Wings-Hero.jpg\",\"datePublished\":\"2021-12-06T11:33:50+00:00\",\"dateModified\":\"2022-05-11T08:18:51+00:00\",\"description\":\"L'arm\u00e9e - Notre mission premi\u00e8re est de connecter les juifs entre eux depuis 1929\",\"breadcrumb\":{\"@id\":\"https:\/\/www.jewishagency.org\/fr\/larmee\/#breadcrumb\"},\"inLanguage\":\"en-US\",\"potentialAction\":[{\"@type\":\"ReadAction\",\"target\":[\"https:\/\/www.jewishagency.org\/fr\/larmee\/\"]}]},{\"@type\":\"ImageObject\",\"inLanguage\":\"en-US\",\"@id\":\"https:\/\/www.jewishagency.org\/fr\/larmee\/#primaryimage\",\"url\":\"https:\/\/www.jewishagency.org\/fr\/wp-content\/uploads\/sites\/15\/2021\/12\/900x900_Wings-Hero.jpg\",\"contentUrl\":\"https:\/\/www.jewishagency.org\/fr\/wp-content\/uploads\/sites\/15\/2021\/12\/900x900_Wings-Hero.jpg\",\"width\":900,\"height\":900,\"caption\":\"Photo soldats\"},{\"@type\":\"BreadcrumbList\",\"@id\":\"https:\/\/www.jewishagency.org\/fr\/larmee\/#breadcrumb\",\"itemListElement\":[{\"@type\":\"ListItem\",\"position\":1,\"name\":\"Home\",\"item\":\"https:\/\/www.jewishagency.org\/fr\/\"},{\"@type\":\"ListItem\",\"position\":2,\"name\":\"L&#8217;arm\u00e9e\"}]},{\"@type\":\"WebSite\",\"@id\":\"https:\/\/www.jewishagency.org\/fr\/#website\",\"url\":\"https:\/\/www.jewishagency.org\/fr\/\",\"name\":\"L&#039;Agence Juive pour Isra\u00ebl - France\",\"description\":\"\",\"publisher\":{\"@id\":\"https:\/\/www.jewishagency.org\/fr\/#organization\"},\"potentialAction\":[{\"@type\":\"SearchAction\",\"target\":{\"@type\":\"EntryPoint\",\"urlTemplate\":\"https:\/\/www.jewishagency.org\/fr\/?s={search_term_string}\"},\"query-input\":{\"@type\":\"PropertyValueSpecification\",\"valueRequired\":true,\"valueName\":\"search_term_string\"}}],\"inLanguage\":\"en-US\"},{\"@type\":\"Organization\",\"@id\":\"https:\/\/www.jewishagency.org\/fr\/#organization\",\"name\":\"L'Agence Juive pour Isra\u00ebl\",\"url\":\"https:\/\/www.jewishagency.org\/fr\/\",\"logo\":{\"@type\":\"ImageObject\",\"inLanguage\":\"en-US\",\"@id\":\"https:\/\/www.jewishagency.org\/fr\/#\/schema\/logo\/image\/\",\"url\":\"https:\/\/www.jewishagency.org\/fr\/wp-content\/uploads\/sites\/15\/2021\/03\/FRENCH_Jewish-Agency-Logo_Color.svg\",\"contentUrl\":\"https:\/\/www.jewishagency.org\/fr\/wp-content\/uploads\/sites\/15\/2021\/03\/FRENCH_Jewish-Agency-Logo_Color.svg\",\"width\":1,\"height\":1,\"caption\":\"L'Agence Juive pour Isra\u00ebl\"},\"image\":{\"@id\":\"https:\/\/www.jewishagency.org\/fr\/#\/schema\/logo\/image\/\"}}]}<\/script>\n<!-- \/ Yoast SEO plugin. -->","yoast_head_json":{"title":"L'arm\u00e9e | L'Agence Juive","description":"L'arm\u00e9e - Notre mission premi\u00e8re est de connecter les juifs entre eux depuis 1929","robots":{"index":"index","follow":"follow","max-snippet":"max-snippet:-1","max-image-preview":"max-image-preview:large","max-video-preview":"max-video-preview:-1"},"canonical":"https:\/\/www.jewishagency.org\/fr\/larmee\/","og_locale":"en_US","og_type":"article","og_title":"L'arm\u00e9e | L'Agence Juive","og_description":"L'arm\u00e9e - Notre mission premi\u00e8re est de connecter les juifs entre eux depuis 1929","og_url":"https:\/\/www.jewishagency.org\/fr\/larmee\/","og_site_name":"L&#039;Agence Juive pour Isra\u00ebl - France","article_modified_time":"2022-05-11T08:18:51+00:00","og_image":[{"width":900,"height":900,"url":"https:\/\/www.jewishagency.org\/fr\/wp-content\/uploads\/sites\/15\/2021\/12\/900x900_Wings-Hero.jpg","type":"image\/jpeg"}],"twitter_card":"summary_large_image","twitter_misc":{"Est. reading time":"2 minutes"},"schema":{"@context":"https:\/\/schema.org","@graph":[{"@type":"WebPage","@id":"https:\/\/www.jewishagency.org\/fr\/larmee\/","url":"https:\/\/www.jewishagency.org\/fr\/larmee\/","name":"L'arm\u00e9e | L'Agence Juive","isPartOf":{"@id":"https:\/\/www.jewishagency.org\/fr\/#website"},"primaryImageOfPage":{"@id":"https:\/\/www.jewishagency.org\/fr\/larmee\/#primaryimage"},"image":{"@id":"https:\/\/www.jewishagency.org\/fr\/larmee\/#primaryimage"},"thumbnailUrl":"https:\/\/www.jewishagency.org\/fr\/wp-content\/uploads\/sites\/15\/2021\/12\/900x900_Wings-Hero.jpg","datePublished":"2021-12-06T11:33:50+00:00","dateModified":"2022-05-11T08:18:51+00:00","description":"L'arm\u00e9e - Notre mission premi\u00e8re est de connecter les juifs entre eux depuis 1929","breadcrumb":{"@id":"https:\/\/www.jewishagency.org\/fr\/larmee\/#breadcrumb"},"inLanguage":"en-US","potentialAction":[{"@type":"ReadAction","target":["https:\/\/www.jewishagency.org\/fr\/larmee\/"]}]},{"@type":"ImageObject","inLanguage":"en-US","@id":"https:\/\/www.jewishagency.org\/fr\/larmee\/#primaryimage","url":"https:\/\/www.jewishagency.org\/fr\/wp-content\/uploads\/sites\/15\/2021\/12\/900x900_Wings-Hero.jpg","contentUrl":"https:\/\/www.jewishagency.org\/fr\/wp-content\/uploads\/sites\/15\/2021\/12\/900x900_Wings-Hero.jpg","width":900,"height":900,"caption":"Photo soldats"},{"@type":"BreadcrumbList","@id":"https:\/\/www.jewishagency.org\/fr\/larmee\/#breadcrumb","itemListElement":[{"@type":"ListItem","position":1,"name":"Home","item":"https:\/\/www.jewishagency.org\/fr\/"},{"@type":"ListItem","position":2,"name":"L&#8217;arm\u00e9e"}]},{"@type":"WebSite","@id":"https:\/\/www.jewishagency.org\/fr\/#website","url":"https:\/\/www.jewishagency.org\/fr\/","name":"L&#039;Agence Juive pour Isra\u00ebl - France","description":"","publisher":{"@id":"https:\/\/www.jewishagency.org\/fr\/#organization"},"potentialAction":[{"@type":"SearchAction","target":{"@type":"EntryPoint","urlTemplate":"https:\/\/www.jewishagency.org\/fr\/?s={search_term_string}"},"query-input":{"@type":"PropertyValueSpecification","valueRequired":true,"valueName":"search_term_string"}}],"inLanguage":"en-US"},{"@type":"Organization","@id":"https:\/\/www.jewishagency.org\/fr\/#organization","name":"L'Agence Juive pour Isra\u00ebl","url":"https:\/\/www.jewishagency.org\/fr\/","logo":{"@type":"ImageObject","inLanguage":"en-US","@id":"https:\/\/www.jewishagency.org\/fr\/#\/schema\/logo\/image\/","url":"https:\/\/www.jewishagency.org\/fr\/wp-content\/uploads\/sites\/15\/2021\/03\/FRENCH_Jewish-Agency-Logo_Color.svg","contentUrl":"https:\/\/www.jewishagency.org\/fr\/wp-content\/uploads\/sites\/15\/2021\/03\/FRENCH_Jewish-Agency-Logo_Color.svg","width":1,"height":1,"caption":"L'Agence Juive pour Isra\u00ebl"},"image":{"@id":"https:\/\/www.jewishagency.org\/fr\/#\/schema\/logo\/image\/"}}]}},"_links":{"self":[{"href":"https:\/\/www.jewishagency.org\/fr\/wp-json\/wp\/v2\/pages\/27447","targetHints":{"allow":["GET"]}}],"collection":[{"href":"https:\/\/www.jewishagency.org\/fr\/wp-json\/wp\/v2\/pages"}],"about":[{"href":"https:\/\/www.jewishagency.org\/fr\/wp-json\/wp\/v2\/types\/page"}],"author":[{"embeddable":true,"href":"https:\/\/www.jewishagency.org\/fr\/wp-json\/wp\/v2\/users\/53"}],"replies":[{"embeddable":true,"href":"https:\/\/www.jewishagency.org\/fr\/wp-json\/wp\/v2\/comments?post=27447"}],"version-history":[{"count":0,"href":"https:\/\/www.jewishagency.org\/fr\/wp-json\/wp\/v2\/pages\/27447\/revisions"}],"wp:featuredmedia":[{"embeddable":true,"href":"https:\/\/www.jewishagency.org\/fr\/wp-json\/wp\/v2\/media\/27450"}],"wp:attachment":[{"href":"https:\/\/www.jewishagency.org\/fr\/wp-json\/wp\/v2\/media?parent=27447"}],"wp:term":[{"taxonomy":"category","embeddable":true,"href":"https:\/\/www.jewishagency.org\/fr\/wp-json\/wp\/v2\/categories?post=27447"},{"taxonomy":"post_tag","embeddable":true,"href":"https:\/\/www.jewishagency.org\/fr\/wp-json\/wp\/v2\/tags?post=27447"}],"curies":[{"name":"wp","href":"https:\/\/api.w.org\/{rel}","templated":true}]}}