{"id":27477,"date":"2021-12-06T09:40:28","date_gmt":"2021-12-06T14:40:28","guid":{"rendered":"https:\/\/testnew.jewishagency.org\/fr\/?page_id=27477"},"modified":"2026-03-30T09:39:49","modified_gmt":"2026-03-30T13:39:49","slug":"salon-de-lalyah","status":"publish","type":"page","link":"https:\/\/www.jewishagency.org\/fr\/salon-de-lalyah\/","title":{"rendered":"Salon de l&#8217;Alyah"},"content":{"rendered":"<div class=\"wpb-content-wrapper\"><p>[vc_row css_animation=&#8221;&#8221; row_type=&#8221;row&#8221; use_row_as_full_screen_section=&#8221;no&#8221; type=&#8221;full_width&#8221; angled_section=&#8221;no&#8221; text_align=&#8221;left&#8221; background_image_as_pattern=&#8221;without_pattern&#8221;][vc_column][ucaddon_article_intro variations=&#8221;7&#8243; article_lead_bold=&#8221;Salon de l&#8217;Alyah&#8221; article_lead_in=&#8221;PARIS l MARSEILLE l LYON&#8221; body_copy=&#8221;Processus d\u2019Alyah, int\u00e9gration par villes, assurance maladie, march\u00e9 du travail, \u00e9ducation, fiscalit\u00e9, aides \u00e0 l\u2019int\u00e9gration\u2026<br \/>\nDe nombreux repr\u00e9sentants de ces diff\u00e9rents domaines seront pr\u00e9sents sp\u00e9cialement vous rencontrer et r\u00e9pondre \u00e0 toutes vos questions sur l\u2019Alyah lors d&#8217;entretiens personnalis\u00e9s.&#8221; image=&#8221;wp-content\/uploads\/sites\/15\/2021\/12\/alyah-salon.jpg&#8221;]\r\n\t\t\t\t<div id=\"\" class=\"copy-e-image jafi-module article-intro default copy-e-image-variation34  id_69dba928216e8\">\r\n\t\t\t\t\t<div id=\"linePrincipalAI\" class=\"wpb_row section vc_row-fluid\">\r\n\t\t\t\t\t\t<div class=\" full_section_inner clearfix\">\r\n\t\t\t\t\t\t\t<div class=\"left-line wpb_animate_when_almost_visible wpb_slideInLeft slideInLeft wpb_column vc_column_container vc_col-sm-6 vc_col-has-fill wpb_start_animation animated\" style=\"background-image:url();\">\r\n\t\t\t\t\t\t\t\t<div class=\"vc_column-inner vc_custom_1544987333434\">\r\n\t\t\t\t\t\t\t\t\t<div class=\"wpb_wrapper\">\r\n\t\t\t\t\t\t\t\t\t\t<div class=\"body_copy default\"><p><\/p>\n<h1 style=\"text-align: center\"><strong>SALON DE L&#8217;ALYAH<\/strong><\/h1>\n<h2 style=\"text-align: center\"><strong><a href=\"https:\/\/lln.tfaforms.net\/2889\">INSCRIPTION<\/a><\/strong><\/h2>\n<h2 style=\"text-align: center\"><strong><a href=\"https:\/\/lln.tfaforms.net\/2889\">PARIS<\/a> &#8211; DIMANCHE 26 AVRIL 2026<\/strong><\/h2>\n<h2 style=\"text-align: center\"><strong><a href=\"https:\/\/lln.tfaforms.net\/2889\">MARSEILLE<\/a> &#8211; LUNDI 27 AVRIL 2026<br \/>\n<\/strong><\/h2>\n<h2 style=\"text-align: center\"><strong><a href=\"https:\/\/lln.tfaforms.net\/2889\">LYON<\/a> &#8211; MARDI 28 AVRIL 2026<\/strong><\/h2>\n<p>&nbsp;<\/p>\n<p style=\"text-align: center\">De nombreux repr\u00e9sentants de ces diff\u00e9rents domaines seront pr\u00e9sents pour r\u00e9pondre \u00e0 toutes vos questions sur l\u2019Alyah.<\/p>\n<p style=\"text-align: center\"><strong>Liste des repr\u00e9sentants:<\/strong><\/p>\n<p style=\"text-align: center\">Agence Juive<\/p>\n<p style=\"text-align: center\">Ministere de l&#8217;alyah et de l&#8217;integration- Programme d&#8217;accompagnement des olim<\/p>\n<p style=\"text-align: center\">Office des Etudiants<\/p>\n<p style=\"text-align: center\">Emploi \/ Equivalences Professionnelles<\/p>\n<p style=\"text-align: center\">Fiscalit\u00e9 &amp; Entrepreunariat<br \/>\nProgrammes Massa<br \/>\nEducation<\/p>\n<p style=\"text-align: center\">Programme Naal\u00e9<br \/>\nAlyah de Groupe \/Programme lekh-lekha\/ Dor Hadash<\/p>\n<p style=\"text-align: center\">Bait Israeli<br \/>\nBitouah Leumi<br \/>\nGestion de budget<br \/>\nConseil Entreprenariat<\/p>\n<p style=\"text-align: center\">Municipalit\u00e9s d&#8217;Isra\u00ebl<\/p>\n<p><\/p><\/div>\r\n\t\t\t\t\t\t\t\t\t<\/div>\r\n\t\t\t\t\t\t\t\t<\/div>\r\n\t\t\t\t\t\t\t\t<div class=\"full-block-dsc\">\r\n\t\t\t\t\t\t\t\t\t<div class=\"full-block-image-cap\">Salon Alyah<\/div>\r\n\t\t\t\t\t\t\t\t<\/div>\r\n\t\t\t\t\t\t\t\t<div class=\"overlay-hover block\"><\/div>\r\n\t\t\t\t\t\t\t<\/div>\r\n\t\t\t\t\t\t\t\r\n\t\t\t\t\t\t\t<div class=\"right-line wpb_animate_when_almost_visible wpb_slideInRight slideInRight wpb_column vc_column_container vc_col-sm-6 vc_col-has-fill wpb_start_animation animated\" style=\"background-image:url();\">\r\n\t\t\t\t\t\t\t\t<div class=\"vc_column-inner\">\r\n\t\t\t\t\t\t\t\t\t<div class=\"wpb_wrapper\">\r\n\t\t\t\t\t\t\t\t\t\t<div class=\"image_content\"><img decoding=\"async\" src=\"\"><\/div>\r\n\t\t\t\t\t\t\t\t\t\t<div class=\"image_caption caption-off\"><\/div>\r\n\t\t\t\t\t\t\t\t\t\t<div class=\"call-to-action false-cta \" target=\"_self\"><a class=\"default\" href=\"\"><\/a><\/div>\r\n\t\t\t\t\t\t\t\t\t\t<div class=\"call-to-action false-cta \" target=\"_self\"><a class=\"default\" href=\"\"><\/a><\/div>\r\n\t\t\t\t\t\t\t\t\t<\/div>\r\n\t\t\t\t\t\t\t\t<\/div>\r\n\t\t\t\t\t\t\t\t<div class=\"full-block-dsc\">\r\n\t\t\t\t\t\t\t\t\t<div class=\"full-block-image-cap\">Salon Alyah<\/div>\r\n\t\t\t\t\t\t\t\t<\/div>\r\n\t\t\t\t\t\t\t\t<div class=\"full-block-play-button\" style=\"display: none\">\r\n\t\t\t\t\t\t\t\t\t<a href=\"\" class=\"vp-a\" havetext=\"true\" uatype=\"a\" ua_bg_img=\"false\"><img decoding=\"async\" src=\"\" Style=\"width:50px;\"><\/a>\r\n\t\t\t\t\t\t\t\t<\/div>\r\n\t\t\t\t\t\t\t\t<div class=\"overlay-hover block\"><\/div>\r\n\t\t\t\t\t\t\t<\/div>\r\n\t\t\t\t\t\t<\/div>\r\n\t\t\t\t\t<\/div>\r\n\t\t\t\t<\/div>\r\n\t\t\t<style>\r\n\t\t\t\t.article-intro .left-line .vc_column-inner {\r\n\t\t\t\t\tdisplay: inline-block;\r\n\t\t\t\t}\r\n\t\t\t\t.article-intro .wpb_wrapper {\r\n\t\t\t\t\tmargin: 0 auto;\r\n\t\t\t\t}\r\n\t\t\t\t.copy-e-image-variation34 .left-line .body_copy p img{\r\n\t\t\t\t\twidth: -webkit-fill-available;\r\n\t\t\t\t\tbackground-repeat: no-repeat;\r\n\t\t\t\t\tbackground-size: contain;\r\n\t\t\t\t}\r\n\t\t\t\t.copy-e-image-variation34 .left-line .body_copy p iframe {\r\n\t\t\t\t\twidth: 100%;\r\n\t\t\t\t\tmin-height: 400px;\r\n\t\t\t\t}\r\n\t\t\t\t.copy-e-image-variation0 .right-line:hover .overlay-hover.block, \r\n\t\t\t\t.copy-e-image-variation31 .left-line:hover .overlay-hover.block, \r\n\t\t\t\t.copy-e-image-variation1 .right-line:hover .overlay-hover.block, \r\n\t\t\t\t.copy-e-image-variation28 .left-line:hover .overlay-hover.block{\r\n\t\t\t\t\tdisplay: block !important;\r\n\t\t\t\t}\r\n\r\n\t\t\t\t.copy-e-image.copy-e-image-variation34.id_69dba928216e8 .body_copy .call-to-action {\r\n\t\t\t\t\tjustify-content: center;\r\n\t\t\t\t}\r\n\r\n\t\t\t\t.copy-e-image-variation0 .right-line:hover .overlay-hover.none, \r\n\t\t\t\t.copy-e-image-variation31 .left-line:hover .overlay-hover.none, \r\n\t\t\t\t.copy-e-image-variation1 .right-line:hover .overlay-hover.none, \r\n\t\t\t\t.copy-e-image-variation28 .left-line:hover .overlay-hover.none{\r\n\t\t\t\t\tdisplay: none !important;\r\n\t\t\t\t}\r\n\t\t\t\t.copy-e-image .body_copy .wp-caption {\r\n\t\t\t\t\twidth: auto !important;\r\n\t\t\t\t}\r\n\t\t\t\t.copy-e-image .body_copy .wp-caption .wp-caption-text {\r\n\t\t\t\t\tfont-size: 14px;\r\n\t\t\t\t\tfont-family: 'Trade Gothic Condensed 18' !important;\r\n\t\t\t\t\tline-height: 18px;\r\n\t\t\t\t\tpadding-top: 0px !important;\r\n\t\t\t\t}\r\n\t\t\t\t.copy-e-image-variation34 .left-line .vc_column-inner {\r\n\t\t\t\t\tpadding: 65px 38px 55px !important;\r\n\t\t\t\t}\r\n\t\t\t\t.copy-e-image.default .body_copy .broken_link, .copy-e-image.default .body_copy a.broken_link {\r\n\t\t\t\t\ttext-decoration: none;\r\n\t\t\t\t} \r\n\t\t\t\t.copy-e-image.id_69dba928216e8 .left-line {\r\n\t\t\t\t\tbackground-color: #fff;\r\n\t\t\t\t}\r\n\t\t\t\t.copy-e-image.white-n-teal.id_69dba928216e8 .left-line {\r\n\t\t\t\t\tbackground-color: #79d4dd;\r\n\t\t\t\t}\r\n\t\t\t\t.copy-e-image.id_69dba928216e8 .body_copy * {\r\n\t\t\t\t\tcolor: #4d4d4d;\r\n\t\t\t\t}\r\n\t\t\t\t.copy-e-image.white-n-teal.id_69dba928216e8 .body_copy * {\r\n\t\t\t\t\tcolor: #fff;\r\n\t\t\t\t}\r\n\t\t\t\t.copy-e-image.default.id_69dba928216e8 .body_copy a, .copy-e-image-variation34.default.id_69dba928216e8 .body_copy a strong {\r\n\t\t\t\t\tcolor: #3376B7 !important;\r\n\t\t\t\t}\r\n\t\t\t\t.copy-e-image.id_69dba928216e8 .body_copy a:hover, .copy-e-image-variation34.default.id_69dba928216e8 a strong:hover {\r\n\t\t\t\t\tcolor: #3376B7 !important;\r\n\t\t\t\t}\r\n\t\t\t\t.copy-e-image.default.id_69dba928216e8 .body_copy .call-to-action a{\r\n\t\t\t\t\tcolor: #fff !important;\r\n\t\t\t\t}\r\n\t\t\t\t.copy-e-image-variation34 .body_copy .call-to-action a {\r\n\t\t\t\t\tbackground-color: #3376B7;\r\n\t\t\t\t\tborder: 5px solid #3376B7;\r\n\t\t\t\t\tdisplay: grid;\r\n\t\t\t\t\talign-items: center;\r\n\t\t\t\t\tmargin: 0 5px;\r\n\t\t\t\t\tpadding: 8px 30px 8px 30px !important;\r\n\t\t\t\t}\r\n\t\t\t\t.copy-e-image-variation34.default .body_copy .call-to-action a:hover {\r\n\t\t\t\t\tcolor: #3376B7 !important;\r\n\t\t\t\t\tbackground-color: #fff;\r\n\t\t\t\t}\r\n\t\t\t\t.copy-e-image-variation34 .left-line .body_copy .call-to-action p {\r\n\t\t\t\t\tdisplay: contents;\r\n\t\t\t\t}\r\n\t\t\t\t.copy-e-image.jafi-module .body_copy ul, \r\n\t\t\t\t.copy-e-image.jafi-module .body_copy h1, \r\n\t\t\t\t.copy-e-image.jafi-module .body_copy h2, \r\n\t\t\t\t.copy-e-image.jafi-module .body_copy h3 {\r\n\t\t\t\t\tmargin-bottom: 22px;\r\n\t\t\t\t}\r\n\r\n\t\t\t\t.copy-e-image .body_copy strong {\r\n\t\t\t\t\tfont-family: 'Trade Gothic bold condesed' !important;\r\n\t\t\t\t\tfont-size: 19px;\r\n\t\t\t\t}\r\n\r\n\t\t\t\t.copy-e-image.jafi-module .body_copy h1,\r\n\t\t\t\t.copy-e-image.jafi-module .body_copy h1 strong,\r\n\t\t\t\t.rtl .copy-e-image.jafi-module .body_copy h1,\r\n\t\t\t\t.rtl .copy-e-image.jafi-module .body_copy h1 strong {\r\n\t\t\t\t\tfont-size: 30px;\r\n\t\t\t\t}\r\n\r\n\t\t\t\t.copy-e-image.jafi-module .body_copy h2,\r\n\t\t\t\t.copy-e-image.jafi-module .body_copy h2 strong, {\r\n\t\t\t\t\tfont-size: 24px;\r\n\t\t\t\t}\r\n\r\n\t\t\t\t.copy-e-image.jafi-module .body_copy h3,\r\n\t\t\t\t.copy-e-image.jafi-module .body_copy h3 strong{\r\n\t\t\t\t\tfont-size: 20px;\r\n\t\t\t\t}\r\n\r\n\t\t\t\t.copy-e-image.jafi-module .body_copy p, \r\n\t\t\t\t.rtl .copy-e-image.jafi-module .body_copy p{\r\n\t\t\t\t\tmargin-bottom: 22px;\r\n\t\t\t\t}\r\n\r\n\t\t\t\t@media only screen and (max-width: 550px) {\r\n\t\t\t\t\t.copy-e-image-variation34 .body_copy .call-to-action a {\r\n\t\t\t\t\t\twidth: auto !important;\r\n\t\t\t\t\t}\r\n\t\t\t\t\t.copy-e-image-variation34 .left-line .body_copy .call-to-action p {\r\n\t\t\t\t\t\tdisplay: grid;\r\n\t\t\t\t\t}\r\n\t\t\t\t}\r\n\t\t\t\t@media only screen and (max-width: 480px) {\r\n\t\t\t\t\t.copy-e-image.article-intro .left-line .vc_column-inner {\r\n\t\t\t\t\t\tdisplay: inline-block;\r\n\t\t\t\t\t\tpadding: 48px 24px !important;\r\n\t\t\t\t\t}\r\n\r\n\t\t\t\t\t.copy-e-image-variation34 .left-line .vc_column-inner {\r\n\t\t\t\t\t\tpadding: 48px 24px !important;\r\n\t\t\t\t\t}\r\n\t\t\t\t\t\r\n\t\t\t\t\t.copy-e-image.copy-e-image-variation34 .body_copy {\r\n\t\t\t\t\t\tpadding: 0px;\r\n\t\t\t\t\t\t}\r\n\t\t\t\t\t\r\n\t\t\t\t\t.copy-e-image.copy-e-image-variation34 .left-line .body_copy p {\r\n\t\t\t\t\t\t\twidth: auto;\r\n\t\t\t\t\t}\r\n\t\t\t\t}\r\n\t\t\t\t.rtl .copy-e-image-variation34 .body_copy .call-to-action a {\r\n\t\t\t\t\tpadding: 9px 30px 12px 30px !important;\r\n\t\t\t\t}\r\n\t\t\t\t.rtl .copy-e-image .body_copy strong {\r\n\t\t\t\t \tfont-size: 18px;\r\n\t\t\t\t\tfont-family: 'AssistantBold' !important;\r\n\t\t\t\t}\r\n\t\t\t\t.rtl .copy-e-image .body_copy .wp-caption {\r\n\t\t\t\t\twidth: auto !important;\r\n\t\t\t\t}\r\n\t\t\t\t.rtl .copy-e-image .body_copy .wp-caption .wp-caption-text {\r\n\t\t\t\t\tfont-size: 14px;\r\n\t\t\t\t\tline-height: 18px;\r\n\t\t\t\t\tpadding-top: 0px !important;\r\n\t\t\t\t}\r\n\t\t\t\t.rtl .copy-e-image .full-block-image-cap {\r\n\t\t\t\t\tfont-size: 14px !important;\r\n\t\t\t\t}\r\n\t\t\t\t\r\n\t\t\t\t.rtl .copy-e-image.jafi-module .body_copy h3,\r\n\t\t\t\t.rtl .copy-e-image.jafi-module .body_copy h3 strong {\r\n\t\t\t\t\tfont-size: 22px;\r\n\t\t\t\t\tfont-family: 'AssistantBold', sans-serif !important;\r\n\t\t\t\t}\r\n\r\n\t\t\t\t.rtl .copy-e-image.jafi-module .body_copy h1 {\r\n\t\t\t\t\tfont-family: 'AssistantBold', sans-serif !important;\r\n\t\t\t\t}\r\n\r\n\t\t\t\t.rtl .copy-e-image.jafi-module .body_copy h2 strong,\r\n\t\t\t\t.rtl .copy-e-image.jafi-module .body_copy h2{\r\n\t\t\t\t\tline-height: 26px;\r\n\t\t\t\t\tfont-size: 26px !important;\r\n\t\t\t\t\tfont-family: 'AssistantBold' !important;\r\n\t\t\t\t\tfont-weight: 700 !important;\r\n\t\t\t\t}\r\n\r\n\t\t\t\t.copy-e-image .left-line .body_copy p, .copy-e-image .left-line .body_copy {\r\n\t\t\t\t\tfont-size: 19px;\r\n\t\t\t\t}\r\n\r\n\t\t\t\t.copy-e-image.default .body_copy .call-to-action a {\r\n\t\t\t\t\twidth: 100% !important;\r\n\t\t\t\t}\r\n\r\n\t\t\t\t.copy-e-image.default.id_69dba928216e8 .body_copy.custom_colors .call-to-action a:hover {\r\n\t\t\t\t\tbackground-color: #3376B7;\r\n\t\t\t\t\tborder-color: #fff;\r\n\t\t\t\t\tcolor: #fff !important;\r\n\t\t\t\t}\r\n\t\t\t\t\t\t\t\t\r\n\t\t\t\t.copy-e-image.default.id_69dba928216e8 .body_copy.custom_colors .call-to-action a {\r\n\t\t\t\t\tbackground-color: #3376B7;\r\n\t\t\t\t\tborder-color: #3376B7;\r\n\t\t\t\t\tcolor: #fff !important;\r\n\t\t\t\t}\r\n\t\t\t\t\r\n\t\t\t\t.copy-e-image.default.id_69dba928216e8 .body_copy.white .call-to-action a:hover {\r\n\t\t\t\t\tbackground-color: #3376B7;\r\n\t\t\t\t\tborder-color: #3376B7;\r\n\t\t\t\t\tcolor: #fff !important;\r\n\t\t\t\t}\r\n\t\t\t\t\t\t\t\t\r\n\t\t\t\t.copy-e-image.default.id_69dba928216e8 .body_copy.white .call-to-action a {\r\n\t\t\t\t\tbackground-color: #fff;\r\n\t\t\t\t\tcolor: #3376B7 !important;\r\n\t\t\t\t\tborder-color: #fff;\r\n\t\t\t\t}\r\n\r\n\t\t\t\t.copy-e-image.default.id_69dba928216e8 .body_copy.blue .call-to-action a:hover {\r\n\t\t\t\t\tbackground-color: #fff;\r\n\t\t\t\t\tborder-color: #fff;\r\n\t\t\t\t\tcolor: #3376B7 !important;\r\n\t\t\t\t}\r\n\t\t\t\t\t\t\t\t\r\n\t\t\t\t.copy-e-image.default.id_69dba928216e8 .body_copy.blue .call-to-action a {\r\n\t\t\t\t\tbackground-color: #3376B7;\r\n\t\t\t\t\tcolor:  #fff !important;\r\n\t\t\t\t\tborder-color: #3376B7;\r\n\t\t\t\t}\r\n\t\t\t\t\t\r\n\r\n\t\t\t\t.copy-e-image.default.id_69dba928216e8 .body_copy.teal .call-to-action a:hover {\r\n\t\t\t\t\tbackground-color: #fff;\r\n\t\t\t\t\tborder-color: #fff;\r\n\t\t\t\t\tcolor: #34A1AD !important;\r\n\t\t\t\t}\r\n\t\t\t\t\t\t\t\t\r\n\t\t\t\t.copy-e-image.default.id_69dba928216e8 .body_copy.teal .call-to-action a {\r\n\t\t\t\t\tbackground-color: #34A1AD;\r\n\t\t\t\t\tcolor:  #fff !important;\r\n\t\t\t\t\tborder-color: #34A1AD;\r\n\t\t\t\t}\r\n\r\n\t\t\t\t.copy-e-image.article-intro div.full-block-play-button {\r\n\t\t\t\t\twidth: 50%;\r\n\t\t\t\t\tposition: absolute;\r\n\t\t\t\t\ttext-align: center;\r\n\t\t\t\t\tz-index: 12;\r\n\t\t\t\t}\r\n\t\t\t\t\r\n\t\t\t\t.full-block-play-button .fa {\r\n\t\t\t\t\tcolor: red;\r\n\t\t\t\t\tfont-size: 80px;\r\n\t\t\t\t}\r\n\r\n\t\t\t<\/style><script type='text\/javascript'>\r\n\t\t\t\tjQuery(document).ready(function () {\r\n\t\t\t\t  \r\n\t\t\t\t\t\/\/ Function to get UTM parameters\r\n\t\t\t\t\tfunction getUTMParams() {\r\n\t\t\t\t\t\tconst urlParams = new URLSearchParams(window.location.search);\r\n\t\t\t\t\t\tconst utmParams = ['utm_source', 'utm_medium', 'utm_campaign', 'utm_term', 'utm_content'];\r\n\t\t\t\t\t\tconst result = [];\r\n\r\n\t\t\t\t\t\tutmParams.forEach(function (param) {\r\n\t\t\t\t\t\t\tif (urlParams.has(param)) {\r\n\t\t\t\t\t\t\tresult.push(param + '=' + encodeURIComponent(urlParams.get(param)));\r\n\t\t\t\t\t\t\t}\r\n\t\t\t\t\t\t});\r\n\r\n\t\t\t\t\t\treturn result.length ? '?' + result.join('&') : '';\r\n\t\t\t\t\t}\r\n\r\n\t\t\t\t\t\/\/ Append UTM params to all links with class 'utm-link'\r\n\t\t\t\t\tconst utmString = getUTMParams();\r\n\t\t\t\t\tif (utmString) {\r\n\t\t\t\t\t\tjQuery('.utm-link').each(function () {\r\n\t\t\t\t\t\t\tconst originalHref = jQuery(this).attr('href');\r\n\t\t\t\t\t\t\tif (originalHref) {\r\n\t\t\t\t\t\t\tconst newHref = originalHref.includes('?') ? originalHref + '&' + utmString.substring(1) : originalHref + utmString;\r\n\t\t\t\t\t\t\tjQuery(this).attr('href', newHref);\r\n\t\t\t\t\t\t\t}\r\n\t\t\t\t\t\t});\r\n\t\t\t\t\t}\r\n\t\t\t\t});\r\n\t\t\t<\/script>[vc_single_image image=&#8221;27478&#8243; img_size=&#8221;large&#8221; alignment=&#8221;center&#8221; qode_css_animation=&#8221;&#8221;][\/vc_column][\/vc_row]<\/p>\n<\/div>","protected":false},"excerpt":{"rendered":"<p>[vc_row css_animation=&#8221;&#8221; row_type=&#8221;row&#8221; use_row_as_full_screen_section=&#8221;no&#8221; type=&#8221;full_width&#8221; angled_section=&#8221;no&#8221; text_align=&#8221;left&#8221; background_image_as_pattern=&#8221;without_pattern&#8221;][vc_column][ucaddon_article_intro variations=&#8221;7&#8243; article_lead_bold=&#8221;Salon de l&#8217;Alyah&#8221; article_lead_in=&#8221;PARIS l MARSEILLE l LYON&#8221; body_copy=&#8221;Processus d\u2019Alyah, int\u00e9gration par villes, assurance maladie, march\u00e9 du travail, \u00e9ducation, fiscalit\u00e9, aides \u00e0 l\u2019int\u00e9gration\u2026 De nombreux repr\u00e9sentants de ces diff\u00e9rents domaines seront pr\u00e9sents sp\u00e9cialement vous rencontrer et&#8230;<\/p>\n","protected":false},"author":53,"featured_media":27478,"parent":0,"menu_order":0,"comment_status":"closed","ping_status":"closed","template":"","meta":{"_acf_changed":false,"inline_featured_image":false,"footnotes":""},"categories":[],"tags":[],"class_list":["post-27477","page","type-page","status-publish","has-post-thumbnail","hentry"],"acf":[],"yoast_head":"<!-- This site is optimized with the Yoast SEO plugin v27.2 - https:\/\/yoast.com\/product\/yoast-seo-wordpress\/ -->\n<title>Salon de l&#039;Alyah | L&#039;Agence Juive<\/title>\n<meta name=\"description\" content=\"Salon de l&#039;Alyah - Notre mission premi\u00e8re est de connecter les juifs entre eux depuis 1929\" \/>\n<meta name=\"robots\" content=\"index, follow, max-snippet:-1, max-image-preview:large, max-video-preview:-1\" \/>\n<link rel=\"canonical\" href=\"https:\/\/www.jewishagency.org\/fr\/salon-de-lalyah\/\" \/>\n<meta property=\"og:locale\" content=\"en_US\" \/>\n<meta property=\"og:type\" content=\"article\" \/>\n<meta property=\"og:title\" content=\"Salon de l&#039;Alyah | L&#039;Agence Juive\" \/>\n<meta property=\"og:description\" content=\"Salon de l&#039;Alyah - Notre mission premi\u00e8re est de connecter les juifs entre eux depuis 1929\" \/>\n<meta property=\"og:url\" content=\"https:\/\/www.jewishagency.org\/fr\/salon-de-lalyah\/\" \/>\n<meta property=\"og:site_name\" content=\"L&#039;Agence Juive pour Isra\u00ebl - France\" \/>\n<meta property=\"article:modified_time\" content=\"2026-03-30T13:39:49+00:00\" \/>\n<meta property=\"og:image\" content=\"https:\/\/www.jewishagency.org\/fr\/wp-content\/uploads\/sites\/15\/2021\/12\/alyah-salon.jpg\" \/>\n\t<meta property=\"og:image:width\" content=\"1280\" \/>\n\t<meta property=\"og:image:height\" content=\"960\" \/>\n\t<meta property=\"og:image:type\" content=\"image\/jpeg\" \/>\n<meta name=\"twitter:card\" content=\"summary_large_image\" \/>\n<meta name=\"twitter:label1\" content=\"Est. reading time\" \/>\n\t<meta name=\"twitter:data1\" content=\"1 minute\" \/>\n<script type=\"application\/ld+json\" class=\"yoast-schema-graph\">{\"@context\":\"https:\/\/schema.org\",\"@graph\":[{\"@type\":\"WebPage\",\"@id\":\"https:\/\/www.jewishagency.org\/fr\/salon-de-lalyah\/\",\"url\":\"https:\/\/www.jewishagency.org\/fr\/salon-de-lalyah\/\",\"name\":\"Salon de l'Alyah | L'Agence Juive\",\"isPartOf\":{\"@id\":\"https:\/\/www.jewishagency.org\/fr\/#website\"},\"primaryImageOfPage\":{\"@id\":\"https:\/\/www.jewishagency.org\/fr\/salon-de-lalyah\/#primaryimage\"},\"image\":{\"@id\":\"https:\/\/www.jewishagency.org\/fr\/salon-de-lalyah\/#primaryimage\"},\"thumbnailUrl\":\"https:\/\/www.jewishagency.org\/fr\/wp-content\/uploads\/sites\/15\/2021\/12\/alyah-salon.jpg\",\"datePublished\":\"2021-12-06T14:40:28+00:00\",\"dateModified\":\"2026-03-30T13:39:49+00:00\",\"description\":\"Salon de l'Alyah - Notre mission premi\u00e8re est de connecter les juifs entre eux depuis 1929\",\"breadcrumb\":{\"@id\":\"https:\/\/www.jewishagency.org\/fr\/salon-de-lalyah\/#breadcrumb\"},\"inLanguage\":\"en-US\",\"potentialAction\":[{\"@type\":\"ReadAction\",\"target\":[\"https:\/\/www.jewishagency.org\/fr\/salon-de-lalyah\/\"]}]},{\"@type\":\"ImageObject\",\"inLanguage\":\"en-US\",\"@id\":\"https:\/\/www.jewishagency.org\/fr\/salon-de-lalyah\/#primaryimage\",\"url\":\"https:\/\/www.jewishagency.org\/fr\/wp-content\/uploads\/sites\/15\/2021\/12\/alyah-salon.jpg\",\"contentUrl\":\"https:\/\/www.jewishagency.org\/fr\/wp-content\/uploads\/sites\/15\/2021\/12\/alyah-salon.jpg\",\"width\":1280,\"height\":960,\"caption\":\"Salon de l'Alyah\"},{\"@type\":\"BreadcrumbList\",\"@id\":\"https:\/\/www.jewishagency.org\/fr\/salon-de-lalyah\/#breadcrumb\",\"itemListElement\":[{\"@type\":\"ListItem\",\"position\":1,\"name\":\"Home\",\"item\":\"https:\/\/www.jewishagency.org\/fr\/\"},{\"@type\":\"ListItem\",\"position\":2,\"name\":\"Salon de l&#8217;Alyah\"}]},{\"@type\":\"WebSite\",\"@id\":\"https:\/\/www.jewishagency.org\/fr\/#website\",\"url\":\"https:\/\/www.jewishagency.org\/fr\/\",\"name\":\"L&#039;Agence Juive pour Isra\u00ebl - France\",\"description\":\"\",\"publisher\":{\"@id\":\"https:\/\/www.jewishagency.org\/fr\/#organization\"},\"potentialAction\":[{\"@type\":\"SearchAction\",\"target\":{\"@type\":\"EntryPoint\",\"urlTemplate\":\"https:\/\/www.jewishagency.org\/fr\/?s={search_term_string}\"},\"query-input\":{\"@type\":\"PropertyValueSpecification\",\"valueRequired\":true,\"valueName\":\"search_term_string\"}}],\"inLanguage\":\"en-US\"},{\"@type\":\"Organization\",\"@id\":\"https:\/\/www.jewishagency.org\/fr\/#organization\",\"name\":\"L'Agence Juive pour Isra\u00ebl\",\"url\":\"https:\/\/www.jewishagency.org\/fr\/\",\"logo\":{\"@type\":\"ImageObject\",\"inLanguage\":\"en-US\",\"@id\":\"https:\/\/www.jewishagency.org\/fr\/#\/schema\/logo\/image\/\",\"url\":\"https:\/\/www.jewishagency.org\/fr\/wp-content\/uploads\/sites\/15\/2021\/03\/FRENCH_Jewish-Agency-Logo_Color.svg\",\"contentUrl\":\"https:\/\/www.jewishagency.org\/fr\/wp-content\/uploads\/sites\/15\/2021\/03\/FRENCH_Jewish-Agency-Logo_Color.svg\",\"width\":1,\"height\":1,\"caption\":\"L'Agence Juive pour Isra\u00ebl\"},\"image\":{\"@id\":\"https:\/\/www.jewishagency.org\/fr\/#\/schema\/logo\/image\/\"}}]}<\/script>\n<!-- \/ Yoast SEO plugin. -->","yoast_head_json":{"title":"Salon de l'Alyah | L'Agence Juive","description":"Salon de l'Alyah - Notre mission premi\u00e8re est de connecter les juifs entre eux depuis 1929","robots":{"index":"index","follow":"follow","max-snippet":"max-snippet:-1","max-image-preview":"max-image-preview:large","max-video-preview":"max-video-preview:-1"},"canonical":"https:\/\/www.jewishagency.org\/fr\/salon-de-lalyah\/","og_locale":"en_US","og_type":"article","og_title":"Salon de l'Alyah | L'Agence Juive","og_description":"Salon de l'Alyah - Notre mission premi\u00e8re est de connecter les juifs entre eux depuis 1929","og_url":"https:\/\/www.jewishagency.org\/fr\/salon-de-lalyah\/","og_site_name":"L&#039;Agence Juive pour Isra\u00ebl - France","article_modified_time":"2026-03-30T13:39:49+00:00","og_image":[{"width":1280,"height":960,"url":"https:\/\/www.jewishagency.org\/fr\/wp-content\/uploads\/sites\/15\/2021\/12\/alyah-salon.jpg","type":"image\/jpeg"}],"twitter_card":"summary_large_image","twitter_misc":{"Est. reading time":"1 minute"},"schema":{"@context":"https:\/\/schema.org","@graph":[{"@type":"WebPage","@id":"https:\/\/www.jewishagency.org\/fr\/salon-de-lalyah\/","url":"https:\/\/www.jewishagency.org\/fr\/salon-de-lalyah\/","name":"Salon de l'Alyah | L'Agence Juive","isPartOf":{"@id":"https:\/\/www.jewishagency.org\/fr\/#website"},"primaryImageOfPage":{"@id":"https:\/\/www.jewishagency.org\/fr\/salon-de-lalyah\/#primaryimage"},"image":{"@id":"https:\/\/www.jewishagency.org\/fr\/salon-de-lalyah\/#primaryimage"},"thumbnailUrl":"https:\/\/www.jewishagency.org\/fr\/wp-content\/uploads\/sites\/15\/2021\/12\/alyah-salon.jpg","datePublished":"2021-12-06T14:40:28+00:00","dateModified":"2026-03-30T13:39:49+00:00","description":"Salon de l'Alyah - Notre mission premi\u00e8re est de connecter les juifs entre eux depuis 1929","breadcrumb":{"@id":"https:\/\/www.jewishagency.org\/fr\/salon-de-lalyah\/#breadcrumb"},"inLanguage":"en-US","potentialAction":[{"@type":"ReadAction","target":["https:\/\/www.jewishagency.org\/fr\/salon-de-lalyah\/"]}]},{"@type":"ImageObject","inLanguage":"en-US","@id":"https:\/\/www.jewishagency.org\/fr\/salon-de-lalyah\/#primaryimage","url":"https:\/\/www.jewishagency.org\/fr\/wp-content\/uploads\/sites\/15\/2021\/12\/alyah-salon.jpg","contentUrl":"https:\/\/www.jewishagency.org\/fr\/wp-content\/uploads\/sites\/15\/2021\/12\/alyah-salon.jpg","width":1280,"height":960,"caption":"Salon de l'Alyah"},{"@type":"BreadcrumbList","@id":"https:\/\/www.jewishagency.org\/fr\/salon-de-lalyah\/#breadcrumb","itemListElement":[{"@type":"ListItem","position":1,"name":"Home","item":"https:\/\/www.jewishagency.org\/fr\/"},{"@type":"ListItem","position":2,"name":"Salon de l&#8217;Alyah"}]},{"@type":"WebSite","@id":"https:\/\/www.jewishagency.org\/fr\/#website","url":"https:\/\/www.jewishagency.org\/fr\/","name":"L&#039;Agence Juive pour Isra\u00ebl - France","description":"","publisher":{"@id":"https:\/\/www.jewishagency.org\/fr\/#organization"},"potentialAction":[{"@type":"SearchAction","target":{"@type":"EntryPoint","urlTemplate":"https:\/\/www.jewishagency.org\/fr\/?s={search_term_string}"},"query-input":{"@type":"PropertyValueSpecification","valueRequired":true,"valueName":"search_term_string"}}],"inLanguage":"en-US"},{"@type":"Organization","@id":"https:\/\/www.jewishagency.org\/fr\/#organization","name":"L'Agence Juive pour Isra\u00ebl","url":"https:\/\/www.jewishagency.org\/fr\/","logo":{"@type":"ImageObject","inLanguage":"en-US","@id":"https:\/\/www.jewishagency.org\/fr\/#\/schema\/logo\/image\/","url":"https:\/\/www.jewishagency.org\/fr\/wp-content\/uploads\/sites\/15\/2021\/03\/FRENCH_Jewish-Agency-Logo_Color.svg","contentUrl":"https:\/\/www.jewishagency.org\/fr\/wp-content\/uploads\/sites\/15\/2021\/03\/FRENCH_Jewish-Agency-Logo_Color.svg","width":1,"height":1,"caption":"L'Agence Juive pour Isra\u00ebl"},"image":{"@id":"https:\/\/www.jewishagency.org\/fr\/#\/schema\/logo\/image\/"}}]}},"_links":{"self":[{"href":"https:\/\/www.jewishagency.org\/fr\/wp-json\/wp\/v2\/pages\/27477","targetHints":{"allow":["GET"]}}],"collection":[{"href":"https:\/\/www.jewishagency.org\/fr\/wp-json\/wp\/v2\/pages"}],"about":[{"href":"https:\/\/www.jewishagency.org\/fr\/wp-json\/wp\/v2\/types\/page"}],"author":[{"embeddable":true,"href":"https:\/\/www.jewishagency.org\/fr\/wp-json\/wp\/v2\/users\/53"}],"replies":[{"embeddable":true,"href":"https:\/\/www.jewishagency.org\/fr\/wp-json\/wp\/v2\/comments?post=27477"}],"version-history":[{"count":4,"href":"https:\/\/www.jewishagency.org\/fr\/wp-json\/wp\/v2\/pages\/27477\/revisions"}],"predecessor-version":[{"id":29075,"href":"https:\/\/www.jewishagency.org\/fr\/wp-json\/wp\/v2\/pages\/27477\/revisions\/29075"}],"wp:featuredmedia":[{"embeddable":true,"href":"https:\/\/www.jewishagency.org\/fr\/wp-json\/wp\/v2\/media\/27478"}],"wp:attachment":[{"href":"https:\/\/www.jewishagency.org\/fr\/wp-json\/wp\/v2\/media?parent=27477"}],"wp:term":[{"taxonomy":"category","embeddable":true,"href":"https:\/\/www.jewishagency.org\/fr\/wp-json\/wp\/v2\/categories?post=27477"},{"taxonomy":"post_tag","embeddable":true,"href":"https:\/\/www.jewishagency.org\/fr\/wp-json\/wp\/v2\/tags?post=27477"}],"curies":[{"name":"wp","href":"https:\/\/api.w.org\/{rel}","templated":true}]}}