{"id":27875,"date":"2022-05-08T06:35:16","date_gmt":"2022-05-08T10:35:16","guid":{"rendered":"https:\/\/testnew.jewishagency.org\/fr\/?page_id=27875"},"modified":"2024-03-12T07:34:05","modified_gmt":"2024-03-12T11:34:05","slug":"experiences-en-israel","status":"publish","type":"page","link":"https:\/\/www.jewishagency.org\/fr\/experiences-en-israel\/","title":{"rendered":"Exp\u00e9riences en Isra\u00ebl"},"content":{"rendered":"<div class=\"wpb-content-wrapper\"><p>[vc_row css_animation=&#8221;&#8221; row_type=&#8221;row&#8221; use_row_as_full_screen_section=&#8221;no&#8221; type=&#8221;full_width&#8221; angled_section=&#8221;no&#8221; text_align=&#8221;left&#8221; background_image_as_pattern=&#8221;without_pattern&#8221;][vc_column][ucaddon_hero_module image1=&#8221;wp-content\/uploads\/sites\/15\/2022\/05\/51968348427_035eb52d5d_k.jpg&#8221; headline=&#8221;Faites l&#8217;exp\u00e9rience d&#8217;Isra\u00ebl&#8221; subheadline=&#8221;D\u00e9couvrez Isra\u00ebl autrement gr\u00e2ce \u00e0 l&#8217;un de nos programmes&#8221; open_new_tab_1=&#8221;_blank&#8221;][ucaddon_Medium_copy textcontent=&#8221;Vivez en Isra\u00ebl pour quelques mois, participez \u00e0 la construction d&#8217;une soci\u00e9t\u00e9 juive, rencontrez des Isra\u00e9liens, et d\u00e9couvrez le pays. Visiter et vivre Isra\u00ebl est une exp\u00e9rience formidable qui vous transformera.<br \/>\n<strong>D\u00e9couvrez ci-dessous certains de nos programmes phares:<\/strong>&#8220;][\/vc_column][\/vc_row][vc_row css_animation=&#8221;&#8221; row_type=&#8221;row&#8221; use_row_as_full_screen_section=&#8221;no&#8221; type=&#8221;full_width&#8221; angled_section=&#8221;no&#8221; text_align=&#8221;left&#8221; background_image_as_pattern=&#8221;without_pattern&#8221;][vc_column][ucaddon_category_program image1=&#8221;wp-content\/uploads\/sites\/15\/2021\/12\/26233435500_0879547825_k.jpg&#8221; title1=&#8221;Programmes Massa&#8221; content1=&#8221;Vivre une exp\u00e9riences de 4 \u00e0 10 mois en Isra\u00ebl pour les 16-31 ans&#8221; ctalabel1=&#8221;En savoir plus&#8221; ctaurl1=&#8221;\/fr\/massa\/&#8221; open_new_tab_1=&#8221;_blank&#8221; image2=&#8221;wp-content\/uploads\/sites\/15\/2022\/05\/experience_birtheright_Wngate_sport-day-6-gallery.jpg&#8221; title2=&#8221;Taglit&#8221; content2=&#8221;Taglit vous offre 10 jours en Isra\u00ebl \u00e0 visiter le pays, rencontrer des jeunes de votre \u00e2ge et \u00e0 en apprendre davantage sur vos origines et votre pays&#8230;&#8221; ctalabel2=&#8221;En savoir plus&#8221; ctaurl2=&#8221;\/fr\/taglit\/&#8221; image3=&#8221;wp-content\/uploads\/sites\/15\/2022\/05\/WhatsApp-Image-2022-05-09-at-12.25.24.jpeg&#8221; title3=&#8221;Bac Bleu Blanc&#8221; content3=&#8221;Passez une semaine en Isra\u00ebl avec des centaines d&#8217;\u00e9l\u00e8ves de Terminale pour d\u00e9couvrir le pays et des opportunit\u00e9s pour votre avenir.&#8221; ctalabel3=&#8221;En savoir plus&#8221; ctaurl3=&#8221;\/fr\/bac-bleu-blanc\/&#8221; open_new_tab_3=&#8221;_blank&#8221; image4=&#8221;wp-content\/uploads\/sites\/15\/2021\/12\/SAREL.jpg&#8221; title4=&#8221;SAREL&#8221; content4=&#8221;Passez votre \u00e9t\u00e9 en Isra\u00ebl dans une base de Tsahal et vivez une exp\u00e9rience inoubliable gr\u00e2ce au volontariat civil.&#8221; ctalabel4=&#8221;En savoir plus&#8221; ctaurl4=&#8221;\/fr\/sarel\/&#8221; open_new_tab_4=&#8221;_blank&#8221; weaver_bar=&#8221;nshoww&#8221; target_link=&#8221;_Self&#8221;][ucaddon_category_program image1=&#8221;wp-content\/uploads\/sites\/15\/2022\/05\/WhatsApp-Image-2022-05-04-at-16.55.57.jpeg&#8221; title1=&#8221;Salon des \u00e9tudes et programmes en Isra\u00ebl&#8221; content1=&#8221;Dimanche 3 Juillet \u00e0 Paris&#8221; ctalabel1=&#8221;S&#8217;inscrire&#8221; ctaurl1=&#8221;\/fr\/salon-des-etudes-en-israel\/&#8221; open_new_tab_1=&#8221;_blank&#8221; image2=&#8221;wp-content\/uploads\/sites\/15\/2024\/03\/naale-vr.jpeg&#8221; title2=&#8221;Programme NAALE&#8221; content2=&#8221;Naal\u00e9 est un programme qui offre une bourse compl\u00e8te pour 3 ou 4 ann\u00e9es d&#8217;\u00e9tudes secondaires dans les meilleures \u00e9coles d&#8217;Isra\u00ebl (coll\u00e8ge\/lyc\u00e9e).&#8221; ctalabel2=&#8221;En savoir plus&#8221; ctaurl2=&#8221;\/fr\/le-programme-naale\/&#8221; open_new_tab_2=&#8221;_blank&#8221; cta3_button=&#8221;nshoww&#8221; cta4_button=&#8221;nshoww&#8221; uc_init_settings=&#8221;&#8221; target_link=&#8221;_Self&#8221; uc_items_data=&#8221;JTVCJTVE&#8221;][\/vc_column][\/vc_row][vc_row css_animation=&#8221;&#8221; row_type=&#8221;row&#8221; use_row_as_full_screen_section=&#8221;no&#8221; type=&#8221;full_width&#8221; angled_section=&#8221;no&#8221; text_align=&#8221;left&#8221; background_image_as_pattern=&#8221;without_pattern&#8221;][vc_column][\/vc_column][\/vc_row]<\/p>\n<\/div>","protected":false},"excerpt":{"rendered":"<p>[vc_row css_animation=&#8221;&#8221; row_type=&#8221;row&#8221; use_row_as_full_screen_section=&#8221;no&#8221; type=&#8221;full_width&#8221; angled_section=&#8221;no&#8221; text_align=&#8221;left&#8221; background_image_as_pattern=&#8221;without_pattern&#8221;][vc_column][ucaddon_hero_module image1=&#8221;wp-content\/uploads\/sites\/15\/2022\/05\/51968348427_035eb52d5d_k.jpg&#8221; headline=&#8221;Faites l&#8217;exp\u00e9rience d&#8217;Isra\u00ebl&#8221; subheadline=&#8221;D\u00e9couvrez Isra\u00ebl autrement gr\u00e2ce \u00e0 l&#8217;un de nos programmes&#8221; open_new_tab_1=&#8221;_blank&#8221;][ucaddon_Medium_copy textcontent=&#8221;Vivez en Isra\u00ebl pour quelques mois, participez \u00e0 la construction d&#8217;une soci\u00e9t\u00e9 juive, rencontrez des Isra\u00e9liens, et d\u00e9couvrez le pays. Visiter et vivre&#8230;<\/p>\n","protected":false},"author":11,"featured_media":27954,"parent":0,"menu_order":0,"comment_status":"closed","ping_status":"closed","template":"","meta":{"_acf_changed":false,"inline_featured_image":false,"footnotes":""},"categories":[],"tags":[],"class_list":["post-27875","page","type-page","status-publish","has-post-thumbnail","hentry"],"acf":[],"yoast_head":"<!-- This site is optimized with the Yoast SEO plugin v27.2 - https:\/\/yoast.com\/product\/yoast-seo-wordpress\/ -->\n<title>Exp\u00e9riences en Isra\u00ebl | L&#039;Agence Juive<\/title>\n<meta name=\"description\" content=\"Exp\u00e9riences en Isra\u00ebl - Notre mission premi\u00e8re est de connecter les juifs entre eux depuis 1929\" \/>\n<meta name=\"robots\" content=\"index, follow, max-snippet:-1, max-image-preview:large, max-video-preview:-1\" \/>\n<link rel=\"canonical\" href=\"https:\/\/www.jewishagency.org\/fr\/experiences-en-israel\/\" \/>\n<meta property=\"og:locale\" content=\"en_US\" \/>\n<meta property=\"og:type\" content=\"article\" \/>\n<meta property=\"og:title\" content=\"Exp\u00e9riences en Isra\u00ebl | L&#039;Agence Juive\" \/>\n<meta property=\"og:description\" content=\"Exp\u00e9riences en Isra\u00ebl - Notre mission premi\u00e8re est de connecter les juifs entre eux depuis 1929\" \/>\n<meta property=\"og:url\" content=\"https:\/\/www.jewishagency.org\/fr\/experiences-en-israel\/\" \/>\n<meta property=\"og:site_name\" content=\"L&#039;Agence Juive pour Isra\u00ebl - France\" \/>\n<meta property=\"article:modified_time\" content=\"2024-03-12T11:34:05+00:00\" \/>\n<meta property=\"og:image\" content=\"https:\/\/www.jewishagency.org\/fr\/wp-content\/uploads\/sites\/15\/2022\/05\/51968348427_035eb52d5d_k.jpg\" \/>\n\t<meta property=\"og:image:width\" content=\"2047\" \/>\n\t<meta property=\"og:image:height\" content=\"1365\" \/>\n\t<meta property=\"og:image:type\" content=\"image\/jpeg\" \/>\n<meta name=\"twitter:card\" content=\"summary_large_image\" \/>\n<meta name=\"twitter:label1\" content=\"Est. reading time\" \/>\n\t<meta name=\"twitter:data1\" content=\"2 minutes\" \/>\n<script type=\"application\/ld+json\" class=\"yoast-schema-graph\">{\"@context\":\"https:\/\/schema.org\",\"@graph\":[{\"@type\":\"WebPage\",\"@id\":\"https:\/\/www.jewishagency.org\/fr\/experiences-en-israel\/\",\"url\":\"https:\/\/www.jewishagency.org\/fr\/experiences-en-israel\/\",\"name\":\"Exp\u00e9riences en Isra\u00ebl | L'Agence Juive\",\"isPartOf\":{\"@id\":\"https:\/\/www.jewishagency.org\/fr\/#website\"},\"primaryImageOfPage\":{\"@id\":\"https:\/\/www.jewishagency.org\/fr\/experiences-en-israel\/#primaryimage\"},\"image\":{\"@id\":\"https:\/\/www.jewishagency.org\/fr\/experiences-en-israel\/#primaryimage\"},\"thumbnailUrl\":\"https:\/\/www.jewishagency.org\/fr\/wp-content\/uploads\/sites\/15\/2022\/05\/51968348427_035eb52d5d_k.jpg\",\"datePublished\":\"2022-05-08T10:35:16+00:00\",\"dateModified\":\"2024-03-12T11:34:05+00:00\",\"description\":\"Exp\u00e9riences en Isra\u00ebl - Notre mission premi\u00e8re est de connecter les juifs entre eux depuis 1929\",\"breadcrumb\":{\"@id\":\"https:\/\/www.jewishagency.org\/fr\/experiences-en-israel\/#breadcrumb\"},\"inLanguage\":\"en-US\",\"potentialAction\":[{\"@type\":\"ReadAction\",\"target\":[\"https:\/\/www.jewishagency.org\/fr\/experiences-en-israel\/\"]}]},{\"@type\":\"ImageObject\",\"inLanguage\":\"en-US\",\"@id\":\"https:\/\/www.jewishagency.org\/fr\/experiences-en-israel\/#primaryimage\",\"url\":\"https:\/\/www.jewishagency.org\/fr\/wp-content\/uploads\/sites\/15\/2022\/05\/51968348427_035eb52d5d_k.jpg\",\"contentUrl\":\"https:\/\/www.jewishagency.org\/fr\/wp-content\/uploads\/sites\/15\/2022\/05\/51968348427_035eb52d5d_k.jpg\",\"width\":2047,\"height\":1365,\"caption\":\"Groupe de 3 filles marchant en Isra\u00ebl\"},{\"@type\":\"BreadcrumbList\",\"@id\":\"https:\/\/www.jewishagency.org\/fr\/experiences-en-israel\/#breadcrumb\",\"itemListElement\":[{\"@type\":\"ListItem\",\"position\":1,\"name\":\"Home\",\"item\":\"https:\/\/www.jewishagency.org\/fr\/\"},{\"@type\":\"ListItem\",\"position\":2,\"name\":\"Exp\u00e9riences en Isra\u00ebl\"}]},{\"@type\":\"WebSite\",\"@id\":\"https:\/\/www.jewishagency.org\/fr\/#website\",\"url\":\"https:\/\/www.jewishagency.org\/fr\/\",\"name\":\"L&#039;Agence Juive pour Isra\u00ebl - France\",\"description\":\"\",\"publisher\":{\"@id\":\"https:\/\/www.jewishagency.org\/fr\/#organization\"},\"potentialAction\":[{\"@type\":\"SearchAction\",\"target\":{\"@type\":\"EntryPoint\",\"urlTemplate\":\"https:\/\/www.jewishagency.org\/fr\/?s={search_term_string}\"},\"query-input\":{\"@type\":\"PropertyValueSpecification\",\"valueRequired\":true,\"valueName\":\"search_term_string\"}}],\"inLanguage\":\"en-US\"},{\"@type\":\"Organization\",\"@id\":\"https:\/\/www.jewishagency.org\/fr\/#organization\",\"name\":\"L'Agence Juive pour Isra\u00ebl\",\"url\":\"https:\/\/www.jewishagency.org\/fr\/\",\"logo\":{\"@type\":\"ImageObject\",\"inLanguage\":\"en-US\",\"@id\":\"https:\/\/www.jewishagency.org\/fr\/#\/schema\/logo\/image\/\",\"url\":\"https:\/\/www.jewishagency.org\/fr\/wp-content\/uploads\/sites\/15\/2021\/03\/FRENCH_Jewish-Agency-Logo_Color.svg\",\"contentUrl\":\"https:\/\/www.jewishagency.org\/fr\/wp-content\/uploads\/sites\/15\/2021\/03\/FRENCH_Jewish-Agency-Logo_Color.svg\",\"width\":1,\"height\":1,\"caption\":\"L'Agence Juive pour Isra\u00ebl\"},\"image\":{\"@id\":\"https:\/\/www.jewishagency.org\/fr\/#\/schema\/logo\/image\/\"}}]}<\/script>\n<!-- \/ Yoast SEO plugin. -->","yoast_head_json":{"title":"Exp\u00e9riences en Isra\u00ebl | L'Agence Juive","description":"Exp\u00e9riences en Isra\u00ebl - Notre mission premi\u00e8re est de connecter les juifs entre eux depuis 1929","robots":{"index":"index","follow":"follow","max-snippet":"max-snippet:-1","max-image-preview":"max-image-preview:large","max-video-preview":"max-video-preview:-1"},"canonical":"https:\/\/www.jewishagency.org\/fr\/experiences-en-israel\/","og_locale":"en_US","og_type":"article","og_title":"Exp\u00e9riences en Isra\u00ebl | L'Agence Juive","og_description":"Exp\u00e9riences en Isra\u00ebl - Notre mission premi\u00e8re est de connecter les juifs entre eux depuis 1929","og_url":"https:\/\/www.jewishagency.org\/fr\/experiences-en-israel\/","og_site_name":"L&#039;Agence Juive pour Isra\u00ebl - France","article_modified_time":"2024-03-12T11:34:05+00:00","og_image":[{"width":2047,"height":1365,"url":"https:\/\/www.jewishagency.org\/fr\/wp-content\/uploads\/sites\/15\/2022\/05\/51968348427_035eb52d5d_k.jpg","type":"image\/jpeg"}],"twitter_card":"summary_large_image","twitter_misc":{"Est. reading time":"2 minutes"},"schema":{"@context":"https:\/\/schema.org","@graph":[{"@type":"WebPage","@id":"https:\/\/www.jewishagency.org\/fr\/experiences-en-israel\/","url":"https:\/\/www.jewishagency.org\/fr\/experiences-en-israel\/","name":"Exp\u00e9riences en Isra\u00ebl | L'Agence Juive","isPartOf":{"@id":"https:\/\/www.jewishagency.org\/fr\/#website"},"primaryImageOfPage":{"@id":"https:\/\/www.jewishagency.org\/fr\/experiences-en-israel\/#primaryimage"},"image":{"@id":"https:\/\/www.jewishagency.org\/fr\/experiences-en-israel\/#primaryimage"},"thumbnailUrl":"https:\/\/www.jewishagency.org\/fr\/wp-content\/uploads\/sites\/15\/2022\/05\/51968348427_035eb52d5d_k.jpg","datePublished":"2022-05-08T10:35:16+00:00","dateModified":"2024-03-12T11:34:05+00:00","description":"Exp\u00e9riences en Isra\u00ebl - Notre mission premi\u00e8re est de connecter les juifs entre eux depuis 1929","breadcrumb":{"@id":"https:\/\/www.jewishagency.org\/fr\/experiences-en-israel\/#breadcrumb"},"inLanguage":"en-US","potentialAction":[{"@type":"ReadAction","target":["https:\/\/www.jewishagency.org\/fr\/experiences-en-israel\/"]}]},{"@type":"ImageObject","inLanguage":"en-US","@id":"https:\/\/www.jewishagency.org\/fr\/experiences-en-israel\/#primaryimage","url":"https:\/\/www.jewishagency.org\/fr\/wp-content\/uploads\/sites\/15\/2022\/05\/51968348427_035eb52d5d_k.jpg","contentUrl":"https:\/\/www.jewishagency.org\/fr\/wp-content\/uploads\/sites\/15\/2022\/05\/51968348427_035eb52d5d_k.jpg","width":2047,"height":1365,"caption":"Groupe de 3 filles marchant en Isra\u00ebl"},{"@type":"BreadcrumbList","@id":"https:\/\/www.jewishagency.org\/fr\/experiences-en-israel\/#breadcrumb","itemListElement":[{"@type":"ListItem","position":1,"name":"Home","item":"https:\/\/www.jewishagency.org\/fr\/"},{"@type":"ListItem","position":2,"name":"Exp\u00e9riences en Isra\u00ebl"}]},{"@type":"WebSite","@id":"https:\/\/www.jewishagency.org\/fr\/#website","url":"https:\/\/www.jewishagency.org\/fr\/","name":"L&#039;Agence Juive pour Isra\u00ebl - France","description":"","publisher":{"@id":"https:\/\/www.jewishagency.org\/fr\/#organization"},"potentialAction":[{"@type":"SearchAction","target":{"@type":"EntryPoint","urlTemplate":"https:\/\/www.jewishagency.org\/fr\/?s={search_term_string}"},"query-input":{"@type":"PropertyValueSpecification","valueRequired":true,"valueName":"search_term_string"}}],"inLanguage":"en-US"},{"@type":"Organization","@id":"https:\/\/www.jewishagency.org\/fr\/#organization","name":"L'Agence Juive pour Isra\u00ebl","url":"https:\/\/www.jewishagency.org\/fr\/","logo":{"@type":"ImageObject","inLanguage":"en-US","@id":"https:\/\/www.jewishagency.org\/fr\/#\/schema\/logo\/image\/","url":"https:\/\/www.jewishagency.org\/fr\/wp-content\/uploads\/sites\/15\/2021\/03\/FRENCH_Jewish-Agency-Logo_Color.svg","contentUrl":"https:\/\/www.jewishagency.org\/fr\/wp-content\/uploads\/sites\/15\/2021\/03\/FRENCH_Jewish-Agency-Logo_Color.svg","width":1,"height":1,"caption":"L'Agence Juive pour Isra\u00ebl"},"image":{"@id":"https:\/\/www.jewishagency.org\/fr\/#\/schema\/logo\/image\/"}}]}},"_links":{"self":[{"href":"https:\/\/www.jewishagency.org\/fr\/wp-json\/wp\/v2\/pages\/27875","targetHints":{"allow":["GET"]}}],"collection":[{"href":"https:\/\/www.jewishagency.org\/fr\/wp-json\/wp\/v2\/pages"}],"about":[{"href":"https:\/\/www.jewishagency.org\/fr\/wp-json\/wp\/v2\/types\/page"}],"author":[{"embeddable":true,"href":"https:\/\/www.jewishagency.org\/fr\/wp-json\/wp\/v2\/users\/11"}],"replies":[{"embeddable":true,"href":"https:\/\/www.jewishagency.org\/fr\/wp-json\/wp\/v2\/comments?post=27875"}],"version-history":[{"count":0,"href":"https:\/\/www.jewishagency.org\/fr\/wp-json\/wp\/v2\/pages\/27875\/revisions"}],"wp:featuredmedia":[{"embeddable":true,"href":"https:\/\/www.jewishagency.org\/fr\/wp-json\/wp\/v2\/media\/27954"}],"wp:attachment":[{"href":"https:\/\/www.jewishagency.org\/fr\/wp-json\/wp\/v2\/media?parent=27875"}],"wp:term":[{"taxonomy":"category","embeddable":true,"href":"https:\/\/www.jewishagency.org\/fr\/wp-json\/wp\/v2\/categories?post=27875"},{"taxonomy":"post_tag","embeddable":true,"href":"https:\/\/www.jewishagency.org\/fr\/wp-json\/wp\/v2\/tags?post=27875"}],"curies":[{"name":"wp","href":"https:\/\/api.w.org\/{rel}","templated":true}]}}