{"id":28047,"date":"2022-05-11T09:19:53","date_gmt":"2022-05-11T13:19:53","guid":{"rendered":"https:\/\/testnew.jewishagency.org\/fr\/?page_id=28047"},"modified":"2022-11-27T09:51:18","modified_gmt":"2022-11-27T14:51:18","slug":"tel-aviv","status":"publish","type":"page","link":"https:\/\/www.jewishagency.org\/fr\/tel-aviv\/","title":{"rendered":"Tel Aviv"},"content":{"rendered":"<div class=\"wpb-content-wrapper\"><p>[vc_row css_animation=&#8221;&#8221; row_type=&#8221;row&#8221; use_row_as_full_screen_section=&#8221;no&#8221; type=&#8221;full_width&#8221; angled_section=&#8221;no&#8221; text_align=&#8221;left&#8221; background_image_as_pattern=&#8221;without_pattern&#8221;][vc_column][ucaddon_title_image variations=&#8221;press_release no_image&#8221; headline=&#8221;TEL AVIV&#8221;]\r\n\t\t\t\t<div id=\"\" class=\"copy-e-image jafi-module article-intro default copy-e-image-variation34  id_69e1518a69dae\">\r\n\t\t\t\t\t<div id=\"linePrincipalAI\" class=\"wpb_row section vc_row-fluid\">\r\n\t\t\t\t\t\t<div class=\" full_section_inner clearfix\">\r\n\t\t\t\t\t\t\t<div class=\"left-line wpb_animate_when_almost_visible wpb_slideInLeft slideInLeft wpb_column vc_column_container vc_col-sm-6 vc_col-has-fill wpb_start_animation animated\" style=\"background-image:url();\">\r\n\t\t\t\t\t\t\t\t<div class=\"vc_column-inner vc_custom_1544987333434\">\r\n\t\t\t\t\t\t\t\t\t<div class=\"wpb_wrapper\">\r\n\t\t\t\t\t\t\t\t\t\t<div class=\"body_copy \"><p>Vous pouvez contacter les communaut\u00e9s francophones de Tel Aviv qui sont pr\u00eates \u00e0 vous accueillir vous et vos enfants, pour les offices, des repas conviviaux, des cours, conseils et autres. Voici la liste :\u00a0 <a href=\"https:\/\/www.jewishagency.org\/fr\/wp-content\/uploads\/sites\/15\/2022\/05\/Communaut\u00e9s-Francophones-Tel-Aviv.pdf\">Communaut\u00e9s Francophones Tel Aviv<\/a><br \/>\nVous avez des questions sur le ville de Tel Aviv ou avez besoin d&#8217;aide \u00e0 votre int\u00e9gration ?<br \/>\nN&#8217;h\u00e9sitez pas \u00e0 contacter les coordinateurs d&#8217;int\u00e9gration de Tel Aviv :<\/p>\n<p>Yael Sitbon &#8211; T\u00e9l: 03-72446001 &#8211; Portable: 052-9101578 &#8211; E-mail: sitbon_y@mail.tel-aviv.gov.il<\/p>\n<p>Fanny Flender &#8211; T\u00e9l: 03-7248396 &#8211; Portable: +972 52 9101626 &#8211; E-mail: flender_f@mail.tel-aviv.gov.il<br \/>\nVoici une vid\u00e9o concernant l&#8217;int\u00e9gration \u00e0 Tel Aviv.<\/p><\/div>\r\n\t\t\t\t\t\t\t\t\t<\/div>\r\n\t\t\t\t\t\t\t\t<\/div>\r\n\t\t\t\t\t\t\t\t<div class=\"full-block-dsc\">\r\n\t\t\t\t\t\t\t\t\t<div class=\"full-block-image-cap\"><\/div>\r\n\t\t\t\t\t\t\t\t<\/div>\r\n\t\t\t\t\t\t\t\t<div class=\"overlay-hover block\"><\/div>\r\n\t\t\t\t\t\t\t<\/div>\r\n\t\t\t\t\t\t\t\r\n\t\t\t\t\t\t\t<div class=\"right-line wpb_animate_when_almost_visible wpb_slideInRight slideInRight wpb_column vc_column_container vc_col-sm-6 vc_col-has-fill wpb_start_animation animated\" style=\"background-image:url();\">\r\n\t\t\t\t\t\t\t\t<div class=\"vc_column-inner\">\r\n\t\t\t\t\t\t\t\t\t<div class=\"wpb_wrapper\">\r\n\t\t\t\t\t\t\t\t\t\t<div class=\"image_content\"><img decoding=\"async\" src=\"\"><\/div>\r\n\t\t\t\t\t\t\t\t\t\t<div class=\"image_caption caption-off\"><\/div>\r\n\t\t\t\t\t\t\t\t\t\t<div class=\"call-to-action false-cta \" target=\"_self\"><a class=\"\" href=\"\"><\/a><\/div>\r\n\t\t\t\t\t\t\t\t\t\t<div class=\"call-to-action false-cta \" target=\"_self\"><a class=\"\" href=\"\"><\/a><\/div>\r\n\t\t\t\t\t\t\t\t\t<\/div>\r\n\t\t\t\t\t\t\t\t<\/div>\r\n\t\t\t\t\t\t\t\t<div class=\"full-block-dsc\">\r\n\t\t\t\t\t\t\t\t\t<div class=\"full-block-image-cap\"><\/div>\r\n\t\t\t\t\t\t\t\t<\/div>\r\n\t\t\t\t\t\t\t\t<div class=\"full-block-play-button\" style=\"display: none\">\r\n\t\t\t\t\t\t\t\t\t<a href=\"\" class=\"vp-a\" havetext=\"true\" uatype=\"a\" ua_bg_img=\"false\"><img decoding=\"async\" src=\"\" Style=\"width:50px;\"><\/a>\r\n\t\t\t\t\t\t\t\t<\/div>\r\n\t\t\t\t\t\t\t\t<div class=\"overlay-hover block\"><\/div>\r\n\t\t\t\t\t\t\t<\/div>\r\n\t\t\t\t\t\t<\/div>\r\n\t\t\t\t\t<\/div>\r\n\t\t\t\t<\/div>\r\n\t\t\t<style>\r\n\t\t\t\t.article-intro .left-line .vc_column-inner {\r\n\t\t\t\t\tdisplay: inline-block;\r\n\t\t\t\t}\r\n\t\t\t\t.article-intro .wpb_wrapper {\r\n\t\t\t\t\tmargin: 0 auto;\r\n\t\t\t\t}\r\n\t\t\t\t.copy-e-image-variation34 .left-line .body_copy p img{\r\n\t\t\t\t\twidth: -webkit-fill-available;\r\n\t\t\t\t\tbackground-repeat: no-repeat;\r\n\t\t\t\t\tbackground-size: contain;\r\n\t\t\t\t}\r\n\t\t\t\t.copy-e-image-variation34 .left-line .body_copy p iframe {\r\n\t\t\t\t\twidth: 100%;\r\n\t\t\t\t\tmin-height: 400px;\r\n\t\t\t\t}\r\n\t\t\t\t.copy-e-image-variation0 .right-line:hover .overlay-hover.block, \r\n\t\t\t\t.copy-e-image-variation31 .left-line:hover .overlay-hover.block, \r\n\t\t\t\t.copy-e-image-variation1 .right-line:hover .overlay-hover.block, \r\n\t\t\t\t.copy-e-image-variation28 .left-line:hover .overlay-hover.block{\r\n\t\t\t\t\tdisplay: block !important;\r\n\t\t\t\t}\r\n\r\n\t\t\t\t.copy-e-image.copy-e-image-variation34.id_69e1518a69dae .body_copy .call-to-action {\r\n\t\t\t\t\tjustify-content: center;\r\n\t\t\t\t}\r\n\r\n\t\t\t\t.copy-e-image-variation0 .right-line:hover .overlay-hover.none, \r\n\t\t\t\t.copy-e-image-variation31 .left-line:hover .overlay-hover.none, \r\n\t\t\t\t.copy-e-image-variation1 .right-line:hover .overlay-hover.none, \r\n\t\t\t\t.copy-e-image-variation28 .left-line:hover .overlay-hover.none{\r\n\t\t\t\t\tdisplay: none !important;\r\n\t\t\t\t}\r\n\t\t\t\t.copy-e-image .body_copy .wp-caption {\r\n\t\t\t\t\twidth: auto !important;\r\n\t\t\t\t}\r\n\t\t\t\t.copy-e-image .body_copy .wp-caption .wp-caption-text {\r\n\t\t\t\t\tfont-size: 14px;\r\n\t\t\t\t\tfont-family: 'Trade Gothic Condensed 18' !important;\r\n\t\t\t\t\tline-height: 18px;\r\n\t\t\t\t\tpadding-top: 0px !important;\r\n\t\t\t\t}\r\n\t\t\t\t.copy-e-image-variation34 .left-line .vc_column-inner {\r\n\t\t\t\t\tpadding: 65px 38px 55px !important;\r\n\t\t\t\t}\r\n\t\t\t\t.copy-e-image.default .body_copy .broken_link, .copy-e-image.default .body_copy a.broken_link {\r\n\t\t\t\t\ttext-decoration: none;\r\n\t\t\t\t} \r\n\t\t\t\t.copy-e-image.id_69e1518a69dae .left-line {\r\n\t\t\t\t\tbackground-color: #fff;\r\n\t\t\t\t}\r\n\t\t\t\t.copy-e-image.white-n-teal.id_69e1518a69dae .left-line {\r\n\t\t\t\t\tbackground-color: #79d4dd;\r\n\t\t\t\t}\r\n\t\t\t\t.copy-e-image.id_69e1518a69dae .body_copy * {\r\n\t\t\t\t\tcolor: #4d4d4d;\r\n\t\t\t\t}\r\n\t\t\t\t.copy-e-image.white-n-teal.id_69e1518a69dae .body_copy * {\r\n\t\t\t\t\tcolor: #fff;\r\n\t\t\t\t}\r\n\t\t\t\t.copy-e-image.default.id_69e1518a69dae .body_copy a, .copy-e-image-variation34.default.id_69e1518a69dae .body_copy a strong {\r\n\t\t\t\t\tcolor: #3376B7 !important;\r\n\t\t\t\t}\r\n\t\t\t\t.copy-e-image.id_69e1518a69dae .body_copy a:hover, .copy-e-image-variation34.default.id_69e1518a69dae a strong:hover {\r\n\t\t\t\t\tcolor: #3376B7 !important;\r\n\t\t\t\t}\r\n\t\t\t\t.copy-e-image.default.id_69e1518a69dae .body_copy .call-to-action a{\r\n\t\t\t\t\tcolor: #fff !important;\r\n\t\t\t\t}\r\n\t\t\t\t.copy-e-image-variation34 .body_copy .call-to-action a {\r\n\t\t\t\t\tbackground-color: #3376B7;\r\n\t\t\t\t\tborder: 5px solid #3376B7;\r\n\t\t\t\t\tdisplay: grid;\r\n\t\t\t\t\talign-items: center;\r\n\t\t\t\t\tmargin: 0 5px;\r\n\t\t\t\t\tpadding: 8px 30px 8px 30px !important;\r\n\t\t\t\t}\r\n\t\t\t\t.copy-e-image-variation34.default .body_copy .call-to-action a:hover {\r\n\t\t\t\t\tcolor: #3376B7 !important;\r\n\t\t\t\t\tbackground-color: #fff;\r\n\t\t\t\t}\r\n\t\t\t\t.copy-e-image-variation34 .left-line .body_copy .call-to-action p {\r\n\t\t\t\t\tdisplay: contents;\r\n\t\t\t\t}\r\n\t\t\t\t.copy-e-image.jafi-module .body_copy ul, \r\n\t\t\t\t.copy-e-image.jafi-module .body_copy h1, \r\n\t\t\t\t.copy-e-image.jafi-module .body_copy h2, \r\n\t\t\t\t.copy-e-image.jafi-module .body_copy h3 {\r\n\t\t\t\t\tmargin-bottom: 22px;\r\n\t\t\t\t}\r\n\r\n\t\t\t\t.copy-e-image .body_copy strong {\r\n\t\t\t\t\tfont-family: 'Trade Gothic bold condesed' !important;\r\n\t\t\t\t\tfont-size: 19px;\r\n\t\t\t\t}\r\n\r\n\t\t\t\t.copy-e-image.jafi-module .body_copy h1,\r\n\t\t\t\t.copy-e-image.jafi-module .body_copy h1 strong,\r\n\t\t\t\t.rtl .copy-e-image.jafi-module .body_copy h1,\r\n\t\t\t\t.rtl .copy-e-image.jafi-module .body_copy h1 strong {\r\n\t\t\t\t\tfont-size: 30px;\r\n\t\t\t\t}\r\n\r\n\t\t\t\t.copy-e-image.jafi-module .body_copy h2,\r\n\t\t\t\t.copy-e-image.jafi-module .body_copy h2 strong, {\r\n\t\t\t\t\tfont-size: 24px;\r\n\t\t\t\t}\r\n\r\n\t\t\t\t.copy-e-image.jafi-module .body_copy h3,\r\n\t\t\t\t.copy-e-image.jafi-module .body_copy h3 strong{\r\n\t\t\t\t\tfont-size: 20px;\r\n\t\t\t\t}\r\n\r\n\t\t\t\t.copy-e-image.jafi-module .body_copy p, \r\n\t\t\t\t.rtl .copy-e-image.jafi-module .body_copy p{\r\n\t\t\t\t\tmargin-bottom: 22px;\r\n\t\t\t\t}\r\n\r\n\t\t\t\t@media only screen and (max-width: 550px) {\r\n\t\t\t\t\t.copy-e-image-variation34 .body_copy .call-to-action a {\r\n\t\t\t\t\t\twidth: auto !important;\r\n\t\t\t\t\t}\r\n\t\t\t\t\t.copy-e-image-variation34 .left-line .body_copy .call-to-action p {\r\n\t\t\t\t\t\tdisplay: grid;\r\n\t\t\t\t\t}\r\n\t\t\t\t}\r\n\t\t\t\t@media only screen and (max-width: 480px) {\r\n\t\t\t\t\t.copy-e-image.article-intro .left-line .vc_column-inner {\r\n\t\t\t\t\t\tdisplay: inline-block;\r\n\t\t\t\t\t\tpadding: 48px 24px !important;\r\n\t\t\t\t\t}\r\n\r\n\t\t\t\t\t.copy-e-image-variation34 .left-line .vc_column-inner {\r\n\t\t\t\t\t\tpadding: 48px 24px !important;\r\n\t\t\t\t\t}\r\n\t\t\t\t\t\r\n\t\t\t\t\t.copy-e-image.copy-e-image-variation34 .body_copy {\r\n\t\t\t\t\t\tpadding: 0px;\r\n\t\t\t\t\t\t}\r\n\t\t\t\t\t\r\n\t\t\t\t\t.copy-e-image.copy-e-image-variation34 .left-line .body_copy p {\r\n\t\t\t\t\t\t\twidth: auto;\r\n\t\t\t\t\t}\r\n\t\t\t\t}\r\n\t\t\t\t.rtl .copy-e-image-variation34 .body_copy .call-to-action a {\r\n\t\t\t\t\tpadding: 9px 30px 12px 30px !important;\r\n\t\t\t\t}\r\n\t\t\t\t.rtl .copy-e-image .body_copy strong {\r\n\t\t\t\t \tfont-size: 18px;\r\n\t\t\t\t\tfont-family: 'AssistantBold' !important;\r\n\t\t\t\t}\r\n\t\t\t\t.rtl .copy-e-image .body_copy .wp-caption {\r\n\t\t\t\t\twidth: auto !important;\r\n\t\t\t\t}\r\n\t\t\t\t.rtl .copy-e-image .body_copy .wp-caption .wp-caption-text {\r\n\t\t\t\t\tfont-size: 14px;\r\n\t\t\t\t\tline-height: 18px;\r\n\t\t\t\t\tpadding-top: 0px !important;\r\n\t\t\t\t}\r\n\t\t\t\t.rtl .copy-e-image .full-block-image-cap {\r\n\t\t\t\t\tfont-size: 14px !important;\r\n\t\t\t\t}\r\n\t\t\t\t\r\n\t\t\t\t.rtl .copy-e-image.jafi-module .body_copy h3,\r\n\t\t\t\t.rtl .copy-e-image.jafi-module .body_copy h3 strong {\r\n\t\t\t\t\tfont-size: 22px;\r\n\t\t\t\t\tfont-family: 'AssistantBold', sans-serif !important;\r\n\t\t\t\t}\r\n\r\n\t\t\t\t.rtl .copy-e-image.jafi-module .body_copy h1 {\r\n\t\t\t\t\tfont-family: 'AssistantBold', sans-serif !important;\r\n\t\t\t\t}\r\n\r\n\t\t\t\t.rtl .copy-e-image.jafi-module .body_copy h2 strong,\r\n\t\t\t\t.rtl .copy-e-image.jafi-module .body_copy h2{\r\n\t\t\t\t\tline-height: 26px;\r\n\t\t\t\t\tfont-size: 26px !important;\r\n\t\t\t\t\tfont-family: 'AssistantBold' !important;\r\n\t\t\t\t\tfont-weight: 700 !important;\r\n\t\t\t\t}\r\n\r\n\t\t\t\t.copy-e-image .left-line .body_copy p, .copy-e-image .left-line .body_copy {\r\n\t\t\t\t\tfont-size: 19px;\r\n\t\t\t\t}\r\n\r\n\t\t\t\t.copy-e-image.default .body_copy .call-to-action a {\r\n\t\t\t\t\twidth: 100% !important;\r\n\t\t\t\t}\r\n\r\n\t\t\t\t.copy-e-image.default.id_69e1518a69dae .body_copy.custom_colors .call-to-action a:hover {\r\n\t\t\t\t\tbackground-color: #3376B7;\r\n\t\t\t\t\tborder-color: #fff;\r\n\t\t\t\t\tcolor: #fff !important;\r\n\t\t\t\t}\r\n\t\t\t\t\t\t\t\t\r\n\t\t\t\t.copy-e-image.default.id_69e1518a69dae .body_copy.custom_colors .call-to-action a {\r\n\t\t\t\t\tbackground-color: #3376B7;\r\n\t\t\t\t\tborder-color: #3376B7;\r\n\t\t\t\t\tcolor: #fff !important;\r\n\t\t\t\t}\r\n\t\t\t\t\r\n\t\t\t\t.copy-e-image.default.id_69e1518a69dae .body_copy.white .call-to-action a:hover {\r\n\t\t\t\t\tbackground-color: #3376B7;\r\n\t\t\t\t\tborder-color: #3376B7;\r\n\t\t\t\t\tcolor: #fff !important;\r\n\t\t\t\t}\r\n\t\t\t\t\t\t\t\t\r\n\t\t\t\t.copy-e-image.default.id_69e1518a69dae .body_copy.white .call-to-action a {\r\n\t\t\t\t\tbackground-color: #fff;\r\n\t\t\t\t\tcolor: #3376B7 !important;\r\n\t\t\t\t\tborder-color: #fff;\r\n\t\t\t\t}\r\n\r\n\t\t\t\t.copy-e-image.default.id_69e1518a69dae .body_copy.blue .call-to-action a:hover {\r\n\t\t\t\t\tbackground-color: #fff;\r\n\t\t\t\t\tborder-color: #fff;\r\n\t\t\t\t\tcolor: #3376B7 !important;\r\n\t\t\t\t}\r\n\t\t\t\t\t\t\t\t\r\n\t\t\t\t.copy-e-image.default.id_69e1518a69dae .body_copy.blue .call-to-action a {\r\n\t\t\t\t\tbackground-color: #3376B7;\r\n\t\t\t\t\tcolor:  #fff !important;\r\n\t\t\t\t\tborder-color: #3376B7;\r\n\t\t\t\t}\r\n\t\t\t\t\t\r\n\r\n\t\t\t\t.copy-e-image.default.id_69e1518a69dae .body_copy.teal .call-to-action a:hover {\r\n\t\t\t\t\tbackground-color: #fff;\r\n\t\t\t\t\tborder-color: #fff;\r\n\t\t\t\t\tcolor: #34A1AD !important;\r\n\t\t\t\t}\r\n\t\t\t\t\t\t\t\t\r\n\t\t\t\t.copy-e-image.default.id_69e1518a69dae .body_copy.teal .call-to-action a {\r\n\t\t\t\t\tbackground-color: #34A1AD;\r\n\t\t\t\t\tcolor:  #fff !important;\r\n\t\t\t\t\tborder-color: #34A1AD;\r\n\t\t\t\t}\r\n\r\n\t\t\t\t.copy-e-image.article-intro div.full-block-play-button {\r\n\t\t\t\t\twidth: 50%;\r\n\t\t\t\t\tposition: absolute;\r\n\t\t\t\t\ttext-align: center;\r\n\t\t\t\t\tz-index: 12;\r\n\t\t\t\t}\r\n\t\t\t\t\r\n\t\t\t\t.full-block-play-button .fa {\r\n\t\t\t\t\tcolor: red;\r\n\t\t\t\t\tfont-size: 80px;\r\n\t\t\t\t}\r\n\r\n\t\t\t<\/style><script type='text\/javascript'>\r\n\t\t\t\tjQuery(document).ready(function () {\r\n\t\t\t\t  \r\n\t\t\t\t\t\/\/ Function to get UTM parameters\r\n\t\t\t\t\tfunction getUTMParams() {\r\n\t\t\t\t\t\tconst urlParams = new URLSearchParams(window.location.search);\r\n\t\t\t\t\t\tconst utmParams = ['utm_source', 'utm_medium', 'utm_campaign', 'utm_term', 'utm_content'];\r\n\t\t\t\t\t\tconst result = [];\r\n\r\n\t\t\t\t\t\tutmParams.forEach(function (param) {\r\n\t\t\t\t\t\t\tif (urlParams.has(param)) {\r\n\t\t\t\t\t\t\tresult.push(param + '=' + encodeURIComponent(urlParams.get(param)));\r\n\t\t\t\t\t\t\t}\r\n\t\t\t\t\t\t});\r\n\r\n\t\t\t\t\t\treturn result.length ? '?' + result.join('&') : '';\r\n\t\t\t\t\t}\r\n\r\n\t\t\t\t\t\/\/ Append UTM params to all links with class 'utm-link'\r\n\t\t\t\t\tconst utmString = getUTMParams();\r\n\t\t\t\t\tif (utmString) {\r\n\t\t\t\t\t\tjQuery('.utm-link').each(function () {\r\n\t\t\t\t\t\t\tconst originalHref = jQuery(this).attr('href');\r\n\t\t\t\t\t\t\tif (originalHref) {\r\n\t\t\t\t\t\t\tconst newHref = originalHref.includes('?') ? originalHref + '&' + utmString.substring(1) : originalHref + utmString;\r\n\t\t\t\t\t\t\tjQuery(this).attr('href', newHref);\r\n\t\t\t\t\t\t\t}\r\n\t\t\t\t\t\t});\r\n\t\t\t\t\t}\r\n\t\t\t\t});\r\n\t\t\t<\/script>[\/vc_column][\/vc_row][vc_row css_animation=&#8221;&#8221; row_type=&#8221;row&#8221; use_row_as_full_screen_section=&#8221;no&#8221; type=&#8221;full_width&#8221; angled_section=&#8221;no&#8221; text_align=&#8221;left&#8221; background_image_as_pattern=&#8221;without_pattern&#8221;][vc_column][vc_video link=&#8221;https:\/\/youtu.be\/t3hSIEqS_hU&#8221; el_width=&#8221;60&#8243; align=&#8221;center&#8221;][\/vc_column][\/vc_row]<\/p>\n<\/div>","protected":false},"excerpt":{"rendered":"<p>[vc_row css_animation=&#8221;&#8221; row_type=&#8221;row&#8221; use_row_as_full_screen_section=&#8221;no&#8221; type=&#8221;full_width&#8221; angled_section=&#8221;no&#8221; text_align=&#8221;left&#8221; background_image_as_pattern=&#8221;without_pattern&#8221;][vc_column][ucaddon_title_image variations=&#8221;press_release no_image&#8221; headline=&#8221;TEL AVIV&#8221;][\/vc_column][\/vc_row][vc_row css_animation=&#8221;&#8221; row_type=&#8221;row&#8221; use_row_as_full_screen_section=&#8221;no&#8221; type=&#8221;full_width&#8221; angled_section=&#8221;no&#8221; text_align=&#8221;left&#8221; background_image_as_pattern=&#8221;without_pattern&#8221;][vc_column][vc_video link=&#8221;https:\/\/youtu.be\/t3hSIEqS_hU&#8221; el_width=&#8221;60&#8243; align=&#8221;center&#8221;][\/vc_column][\/vc_row]<\/p>\n","protected":false},"author":53,"featured_media":0,"parent":0,"menu_order":0,"comment_status":"closed","ping_status":"closed","template":"","meta":{"_acf_changed":false,"inline_featured_image":false,"footnotes":""},"categories":[],"tags":[],"class_list":["post-28047","page","type-page","status-publish","has-post-thumbnail","hentry"],"acf":[],"yoast_head":"<!-- This site is optimized with the Yoast SEO plugin v27.2 - https:\/\/yoast.com\/product\/yoast-seo-wordpress\/ -->\n<title>Tel Aviv | L&#039;Agence Juive<\/title>\n<meta name=\"description\" content=\"Tel Aviv - Notre mission premi\u00e8re est de connecter les juifs entre eux depuis 1929\" \/>\n<meta name=\"robots\" content=\"index, follow, max-snippet:-1, max-image-preview:large, max-video-preview:-1\" \/>\n<link rel=\"canonical\" href=\"https:\/\/www.jewishagency.org\/fr\/tel-aviv\/\" \/>\n<meta property=\"og:locale\" content=\"en_US\" \/>\n<meta property=\"og:type\" content=\"article\" \/>\n<meta property=\"og:title\" content=\"Tel Aviv | L&#039;Agence Juive\" \/>\n<meta property=\"og:description\" content=\"Tel Aviv - Notre mission premi\u00e8re est de connecter les juifs entre eux depuis 1929\" \/>\n<meta property=\"og:url\" content=\"https:\/\/www.jewishagency.org\/fr\/tel-aviv\/\" \/>\n<meta property=\"og:site_name\" content=\"L&#039;Agence Juive pour Isra\u00ebl - France\" \/>\n<meta property=\"article:modified_time\" content=\"2022-11-27T14:51:18+00:00\" \/>\n<meta name=\"twitter:card\" content=\"summary_large_image\" \/>\n<meta name=\"twitter:label1\" content=\"Est. reading time\" \/>\n\t<meta name=\"twitter:data1\" content=\"1 minute\" \/>\n<script type=\"application\/ld+json\" class=\"yoast-schema-graph\">{\"@context\":\"https:\/\/schema.org\",\"@graph\":[{\"@type\":\"WebPage\",\"@id\":\"https:\/\/www.jewishagency.org\/fr\/tel-aviv\/\",\"url\":\"https:\/\/www.jewishagency.org\/fr\/tel-aviv\/\",\"name\":\"Tel Aviv | L'Agence Juive\",\"isPartOf\":{\"@id\":\"https:\/\/www.jewishagency.org\/fr\/#website\"},\"primaryImageOfPage\":{\"@id\":\"https:\/\/www.jewishagency.org\/fr\/tel-aviv\/#primaryimage\"},\"image\":{\"@id\":\"https:\/\/www.jewishagency.org\/fr\/tel-aviv\/#primaryimage\"},\"thumbnailUrl\":\"\",\"datePublished\":\"2022-05-11T13:19:53+00:00\",\"dateModified\":\"2022-11-27T14:51:18+00:00\",\"description\":\"Tel Aviv - Notre mission premi\u00e8re est de connecter les juifs entre eux depuis 1929\",\"breadcrumb\":{\"@id\":\"https:\/\/www.jewishagency.org\/fr\/tel-aviv\/#breadcrumb\"},\"inLanguage\":\"en-US\",\"potentialAction\":[{\"@type\":\"ReadAction\",\"target\":[\"https:\/\/www.jewishagency.org\/fr\/tel-aviv\/\"]}]},{\"@type\":\"ImageObject\",\"inLanguage\":\"en-US\",\"@id\":\"https:\/\/www.jewishagency.org\/fr\/tel-aviv\/#primaryimage\",\"url\":\"\",\"contentUrl\":\"\"},{\"@type\":\"BreadcrumbList\",\"@id\":\"https:\/\/www.jewishagency.org\/fr\/tel-aviv\/#breadcrumb\",\"itemListElement\":[{\"@type\":\"ListItem\",\"position\":1,\"name\":\"Home\",\"item\":\"https:\/\/www.jewishagency.org\/fr\/\"},{\"@type\":\"ListItem\",\"position\":2,\"name\":\"Tel Aviv\"}]},{\"@type\":\"WebSite\",\"@id\":\"https:\/\/www.jewishagency.org\/fr\/#website\",\"url\":\"https:\/\/www.jewishagency.org\/fr\/\",\"name\":\"L&#039;Agence Juive pour Isra\u00ebl - France\",\"description\":\"\",\"publisher\":{\"@id\":\"https:\/\/www.jewishagency.org\/fr\/#organization\"},\"potentialAction\":[{\"@type\":\"SearchAction\",\"target\":{\"@type\":\"EntryPoint\",\"urlTemplate\":\"https:\/\/www.jewishagency.org\/fr\/?s={search_term_string}\"},\"query-input\":{\"@type\":\"PropertyValueSpecification\",\"valueRequired\":true,\"valueName\":\"search_term_string\"}}],\"inLanguage\":\"en-US\"},{\"@type\":\"Organization\",\"@id\":\"https:\/\/www.jewishagency.org\/fr\/#organization\",\"name\":\"L'Agence Juive pour Isra\u00ebl\",\"url\":\"https:\/\/www.jewishagency.org\/fr\/\",\"logo\":{\"@type\":\"ImageObject\",\"inLanguage\":\"en-US\",\"@id\":\"https:\/\/www.jewishagency.org\/fr\/#\/schema\/logo\/image\/\",\"url\":\"https:\/\/www.jewishagency.org\/fr\/wp-content\/uploads\/sites\/15\/2021\/03\/FRENCH_Jewish-Agency-Logo_Color.svg\",\"contentUrl\":\"https:\/\/www.jewishagency.org\/fr\/wp-content\/uploads\/sites\/15\/2021\/03\/FRENCH_Jewish-Agency-Logo_Color.svg\",\"width\":1,\"height\":1,\"caption\":\"L'Agence Juive pour Isra\u00ebl\"},\"image\":{\"@id\":\"https:\/\/www.jewishagency.org\/fr\/#\/schema\/logo\/image\/\"}}]}<\/script>\n<!-- \/ Yoast SEO plugin. -->","yoast_head_json":{"title":"Tel Aviv | L'Agence Juive","description":"Tel Aviv - Notre mission premi\u00e8re est de connecter les juifs entre eux depuis 1929","robots":{"index":"index","follow":"follow","max-snippet":"max-snippet:-1","max-image-preview":"max-image-preview:large","max-video-preview":"max-video-preview:-1"},"canonical":"https:\/\/www.jewishagency.org\/fr\/tel-aviv\/","og_locale":"en_US","og_type":"article","og_title":"Tel Aviv | L'Agence Juive","og_description":"Tel Aviv - Notre mission premi\u00e8re est de connecter les juifs entre eux depuis 1929","og_url":"https:\/\/www.jewishagency.org\/fr\/tel-aviv\/","og_site_name":"L&#039;Agence Juive pour Isra\u00ebl - France","article_modified_time":"2022-11-27T14:51:18+00:00","twitter_card":"summary_large_image","twitter_misc":{"Est. reading time":"1 minute"},"schema":{"@context":"https:\/\/schema.org","@graph":[{"@type":"WebPage","@id":"https:\/\/www.jewishagency.org\/fr\/tel-aviv\/","url":"https:\/\/www.jewishagency.org\/fr\/tel-aviv\/","name":"Tel Aviv | L'Agence Juive","isPartOf":{"@id":"https:\/\/www.jewishagency.org\/fr\/#website"},"primaryImageOfPage":{"@id":"https:\/\/www.jewishagency.org\/fr\/tel-aviv\/#primaryimage"},"image":{"@id":"https:\/\/www.jewishagency.org\/fr\/tel-aviv\/#primaryimage"},"thumbnailUrl":"","datePublished":"2022-05-11T13:19:53+00:00","dateModified":"2022-11-27T14:51:18+00:00","description":"Tel Aviv - Notre mission premi\u00e8re est de connecter les juifs entre eux depuis 1929","breadcrumb":{"@id":"https:\/\/www.jewishagency.org\/fr\/tel-aviv\/#breadcrumb"},"inLanguage":"en-US","potentialAction":[{"@type":"ReadAction","target":["https:\/\/www.jewishagency.org\/fr\/tel-aviv\/"]}]},{"@type":"ImageObject","inLanguage":"en-US","@id":"https:\/\/www.jewishagency.org\/fr\/tel-aviv\/#primaryimage","url":"","contentUrl":""},{"@type":"BreadcrumbList","@id":"https:\/\/www.jewishagency.org\/fr\/tel-aviv\/#breadcrumb","itemListElement":[{"@type":"ListItem","position":1,"name":"Home","item":"https:\/\/www.jewishagency.org\/fr\/"},{"@type":"ListItem","position":2,"name":"Tel Aviv"}]},{"@type":"WebSite","@id":"https:\/\/www.jewishagency.org\/fr\/#website","url":"https:\/\/www.jewishagency.org\/fr\/","name":"L&#039;Agence Juive pour Isra\u00ebl - France","description":"","publisher":{"@id":"https:\/\/www.jewishagency.org\/fr\/#organization"},"potentialAction":[{"@type":"SearchAction","target":{"@type":"EntryPoint","urlTemplate":"https:\/\/www.jewishagency.org\/fr\/?s={search_term_string}"},"query-input":{"@type":"PropertyValueSpecification","valueRequired":true,"valueName":"search_term_string"}}],"inLanguage":"en-US"},{"@type":"Organization","@id":"https:\/\/www.jewishagency.org\/fr\/#organization","name":"L'Agence Juive pour Isra\u00ebl","url":"https:\/\/www.jewishagency.org\/fr\/","logo":{"@type":"ImageObject","inLanguage":"en-US","@id":"https:\/\/www.jewishagency.org\/fr\/#\/schema\/logo\/image\/","url":"https:\/\/www.jewishagency.org\/fr\/wp-content\/uploads\/sites\/15\/2021\/03\/FRENCH_Jewish-Agency-Logo_Color.svg","contentUrl":"https:\/\/www.jewishagency.org\/fr\/wp-content\/uploads\/sites\/15\/2021\/03\/FRENCH_Jewish-Agency-Logo_Color.svg","width":1,"height":1,"caption":"L'Agence Juive pour Isra\u00ebl"},"image":{"@id":"https:\/\/www.jewishagency.org\/fr\/#\/schema\/logo\/image\/"}}]}},"_links":{"self":[{"href":"https:\/\/www.jewishagency.org\/fr\/wp-json\/wp\/v2\/pages\/28047","targetHints":{"allow":["GET"]}}],"collection":[{"href":"https:\/\/www.jewishagency.org\/fr\/wp-json\/wp\/v2\/pages"}],"about":[{"href":"https:\/\/www.jewishagency.org\/fr\/wp-json\/wp\/v2\/types\/page"}],"author":[{"embeddable":true,"href":"https:\/\/www.jewishagency.org\/fr\/wp-json\/wp\/v2\/users\/53"}],"replies":[{"embeddable":true,"href":"https:\/\/www.jewishagency.org\/fr\/wp-json\/wp\/v2\/comments?post=28047"}],"version-history":[{"count":0,"href":"https:\/\/www.jewishagency.org\/fr\/wp-json\/wp\/v2\/pages\/28047\/revisions"}],"wp:featuredmedia":[{"embeddable":true,"href":"https:\/\/www.jewishagency.org\/fr\/wp-json\/"}],"wp:attachment":[{"href":"https:\/\/www.jewishagency.org\/fr\/wp-json\/wp\/v2\/media?parent=28047"}],"wp:term":[{"taxonomy":"category","embeddable":true,"href":"https:\/\/www.jewishagency.org\/fr\/wp-json\/wp\/v2\/categories?post=28047"},{"taxonomy":"post_tag","embeddable":true,"href":"https:\/\/www.jewishagency.org\/fr\/wp-json\/wp\/v2\/tags?post=28047"}],"curies":[{"name":"wp","href":"https:\/\/api.w.org\/{rel}","templated":true}]}}